{"id":3691687,"date":"2025-10-13T13:48:17","date_gmt":"2025-10-13T17:48:17","guid":{"rendered":"https:\/\/stoic-curie.212-227-153-4.plesk.page\/product\/johnson-mc97-impeler-pumpe-09-806b-za-johnson-f35-pumpe-6-krila\/"},"modified":"2026-02-25T00:01:11","modified_gmt":"2026-02-25T00:01:11","slug":"johnson-mc97-impeler-pumpe-09-806b-za-johnson-f35-pumpe-6-krila","status":"publish","type":"product","link":"https:\/\/stoic-curie.212-227-153-4.plesk.page\/hr\/product\/johnson-mc97-impeler-pumpe-09-806b-za-johnson-f35-pumpe-6-krila\/","title":{"rendered":"Johnson MC97 impeler pumpe 09-806B za Johnson F35 pumpe (6 krila)"},"content":{"rendered":"<p>Johnson MC97 impeler pumpe 09-806B za Johnson F35 pumpe (6 krila) &#8211; Izvorni Johnson MC97 fleksibilni impeler pogodan je za op\u0107e vodne pumpe, kao \u0161to su hla\u0111enje motora, prijenos vode, pranje i ispumpavanje vode iz trupa. Fleksibilni Johnsonov pumparski impeler dizajniran je za instalaciju na neke modele F35 serije Johnson Pump koji odgovaraju dolje navedenim dimenzijama impelera. MC97 je razvijen kako bi zadovoljio nove propise o okoli\u0161u za procese proizvodnje gume i zamijenit \u0107e redovitu Johnson neopren impeler smjesu. Razvoj MC97 tako\u0111er je rezultirao produ\u017eenom \u017eivotnom dobi impelera u usporedbi s neoprenim impelerima. Fleksibilni Johnsonov pumparski impeler ima \u0161est krakova i isporu\u010duje se zajedno s brtvama, gelom za podmazivanje i priru\u010dnikom za instalaciju impelera u fleksibilnu pumparsku pumpu. Johnson 09-806B-1 mo\u017ee se koristiti za zamjenu Jabsco 4528-0001 fleksibilnog impelera u Europi i SAD-u. Toplo se preporu\u010duje da osigurate da koristite izvorni impeler pumpe za va\u0161u fleksibilnu impeler pumpu, jer \u0107e to osigurati da kvaliteta odgovara performansama i dimenzijskim zahtjevima za svaku vrstu pumpe. Johnson Pump impeleri proizvedeni su u strogoj skladu sa specifikacijama pumpe koje su postavili proizvo\u0111a\u010di motora.<\/p>\n","protected":false},"excerpt":{"rendered":"<p>Johnson MC97 impeler pumpe 09-806B za Johnson F35 pumpe (6 krila) &#8211; Izvorni Johnson MC97 fleksibilni impeler pogodan je za<\/p>\n","protected":false},"featured_media":5945921,"comment_status":"closed","ping_status":"closed","template":"","meta":[],"product_brand":[3046],"product_cat":[1809],"product_tag":[],"class_list":{"0":"post-3691687","1":"product","2":"type-product","3":"status-publish","4":"has-post-thumbnail","6":"product_brand-johnson-marine-hr","7":"product_cat-pumpe-za-hladenje-motora","9":"first","10":"instock","11":"shipping-taxable","12":"purchasable","13":"product-type-simple"},"_links":{"self":[{"href":"https:\/\/stoic-curie.212-227-153-4.plesk.page\/hr\/wp-json\/wp\/v2\/product\/3691687","targetHints":{"allow":["GET"]}}],"collection":[{"href":"https:\/\/stoic-curie.212-227-153-4.plesk.page\/hr\/wp-json\/wp\/v2\/product"}],"about":[{"href":"https:\/\/stoic-curie.212-227-153-4.plesk.page\/hr\/wp-json\/wp\/v2\/types\/product"}],"replies":[{"embeddable":true,"href":"https:\/\/stoic-curie.212-227-153-4.plesk.page\/hr\/wp-json\/wp\/v2\/comments?post=3691687"}],"version-history":[{"count":0,"href":"https:\/\/stoic-curie.212-227-153-4.plesk.page\/hr\/wp-json\/wp\/v2\/product\/3691687\/revisions"}],"wp:featuredmedia":[{"embeddable":true,"href":"https:\/\/stoic-curie.212-227-153-4.plesk.page\/hr\/wp-json\/wp\/v2\/media\/5945921"}],"wp:attachment":[{"href":"https:\/\/stoic-curie.212-227-153-4.plesk.page\/hr\/wp-json\/wp\/v2\/media?parent=3691687"}],"wp:term":[{"taxonomy":"product_brand","embeddable":true,"href":"https:\/\/stoic-curie.212-227-153-4.plesk.page\/hr\/wp-json\/wp\/v2\/product_brand?post=3691687"},{"taxonomy":"product_cat","embeddable":true,"href":"https:\/\/stoic-curie.212-227-153-4.plesk.page\/hr\/wp-json\/wp\/v2\/product_cat?post=3691687"},{"taxonomy":"product_tag","embeddable":true,"href":"https:\/\/stoic-curie.212-227-153-4.plesk.page\/hr\/wp-json\/wp\/v2\/product_tag?post=3691687"}],"curies":[{"name":"wp","href":"https:\/\/api.w.org\/{rel}","templated":true}]}}