{"id":3691688,"date":"2025-10-13T13:48:18","date_gmt":"2025-10-13T17:48:18","guid":{"rendered":"https:\/\/stoic-curie.212-227-153-4.plesk.page\/product\/nitrilni-impeller-jabsco-7273-0003\/"},"modified":"2026-02-25T00:01:11","modified_gmt":"2026-02-25T00:01:11","slug":"nitrilni-impeller-jabsco-7273-0003","status":"publish","type":"product","link":"https:\/\/stoic-curie.212-227-153-4.plesk.page\/hr\/product\/nitrilni-impeller-jabsco-7273-0003\/","title":{"rendered":"Nitrilni impeller Jabsco 7273-0003"},"content":{"rendered":"<p>Nitrilni impeller Jabsco 7273-0003 &#8211; <\/p>\n<div class=\"col-24 col-md-15\">\n<p>Jabsco 7273-0003 fleksibilni nitrilni impeler ima 6 krakova i jedan ravni pogon.<\/p>\n<p>Fleksibilni nitrilni impeler Jabsco 7273-0003 zamjenjuje Jabsco 6303-0003 i 7273-0003 impelere.<\/p>\n<p>Impeler se uklapa u Jabsco Water Puppy pumpe za odvod i Jabsco pumpe 12520-0003, 12520-1003, 12520-0273 i 12520-1273.<\/p>\n<p>Fleksibilni pumpni impeler od nitrila je pogodan za pumpanje goriva ili vode koja je jako zaga\u0111ena uljem ili dizelom. Fleksibilni impeleri Jabsco prolaze stroge procese kvalitete kako bi osigurali pouzdanu, u\u010dinkovitu i dugotrajnu izvedbu.<\/p>\n<p>Treba zamijeniti fleksibilne pumpne impelere barem jednom godi\u0161nje ili ranije, ovisno o kori\u0161tenju. Kada je instalacija ispravna, jedan impeler mo\u017ee trajati nekoliko godina, ali uvijek je preporu\u010dljivo pridr\u017eavati se rasporeda preventivnog odr\u017eavanja umjesto korektivnog.<\/p>\n<p>Ovaj impeler ima G profil.<\/p>\n<\/div>\n<p><\/p>\n<table class=\"table\">\n<tbody>\n<tr>\n<td><strong>Marka<\/strong><\/td>\n<td>Jabsco<\/td>\n<\/tr>\n<tr>\n<td><strong>Promjer osovine impelera<\/strong><\/td>\n<td>8mm<\/td>\n<\/tr>\n<tr>\n<td><strong>Broj krakova impelera<\/strong><\/td>\n<td>6<\/td>\n<\/tr>\n<tr>\n<td><strong>Profil<\/strong><\/td>\n<td>G<\/td>\n<\/tr>\n<tr>\n<td><strong>Konstukcija<\/strong><\/td>\n<td>Nitrilni impeler s plasti\u010dnim umetkom<\/td>\n<\/tr>\n<tr>\n<td><strong>Promjer<\/strong><\/td>\n<td>51mm (2&#8243;), Osovina 8mm (5\/16&#8243;))<\/td>\n<\/tr>\n<tr>\n<td><strong>Vrsta pogona<\/strong><\/td>\n<td>Jednostruki ravni pogon<\/td>\n<\/tr>\n<tr>\n<td><strong>Model<\/strong><\/td>\n<td>7273-0003<\/td>\n<\/tr>\n<tr>\n<td><strong>Zamjenjuje<\/strong><\/td>\n<td>Jabsco impeleri: 6303-0003 &#038; 7273-0003.<\/td>\n<\/tr>\n<tr>\n<td><strong>Prikladnost<\/strong><\/td>\n<td>Jabsco Water Puppy pumpe za odvod i Jabsco pumpe: 12520-0003, 12520-1003, 12520-0273 &#038; 12520-1273<\/td>\n<\/tr>\n<tr>\n<td><strong>Dubina<\/strong><\/td>\n<td>22mm (7\/8&#8243;)<\/td>\n<\/tr>\n<\/tbody>\n<\/table>\n","protected":false},"excerpt":{"rendered":"<p>Nitrilni impeller Jabsco 7273-0003 &#8211; Jabsco 7273-0003 fleksibilni nitrilni impeler ima 6 krakova i jedan ravni pogon. Fleksibilni nitrilni impeler<\/p>\n","protected":false},"featured_media":5945924,"comment_status":"closed","ping_status":"closed","template":"","meta":[],"product_brand":[3031],"product_cat":[1809],"product_tag":[],"class_list":{"0":"post-3691688","1":"product","2":"type-product","3":"status-publish","4":"has-post-thumbnail","6":"product_brand-jabsco-marine-hr","7":"product_cat-pumpe-za-hladenje-motora","9":"first","10":"instock","11":"shipping-taxable","12":"purchasable","13":"product-type-simple"},"_links":{"self":[{"href":"https:\/\/stoic-curie.212-227-153-4.plesk.page\/hr\/wp-json\/wp\/v2\/product\/3691688","targetHints":{"allow":["GET"]}}],"collection":[{"href":"https:\/\/stoic-curie.212-227-153-4.plesk.page\/hr\/wp-json\/wp\/v2\/product"}],"about":[{"href":"https:\/\/stoic-curie.212-227-153-4.plesk.page\/hr\/wp-json\/wp\/v2\/types\/product"}],"replies":[{"embeddable":true,"href":"https:\/\/stoic-curie.212-227-153-4.plesk.page\/hr\/wp-json\/wp\/v2\/comments?post=3691688"}],"version-history":[{"count":0,"href":"https:\/\/stoic-curie.212-227-153-4.plesk.page\/hr\/wp-json\/wp\/v2\/product\/3691688\/revisions"}],"wp:featuredmedia":[{"embeddable":true,"href":"https:\/\/stoic-curie.212-227-153-4.plesk.page\/hr\/wp-json\/wp\/v2\/media\/5945924"}],"wp:attachment":[{"href":"https:\/\/stoic-curie.212-227-153-4.plesk.page\/hr\/wp-json\/wp\/v2\/media?parent=3691688"}],"wp:term":[{"taxonomy":"product_brand","embeddable":true,"href":"https:\/\/stoic-curie.212-227-153-4.plesk.page\/hr\/wp-json\/wp\/v2\/product_brand?post=3691688"},{"taxonomy":"product_cat","embeddable":true,"href":"https:\/\/stoic-curie.212-227-153-4.plesk.page\/hr\/wp-json\/wp\/v2\/product_cat?post=3691688"},{"taxonomy":"product_tag","embeddable":true,"href":"https:\/\/stoic-curie.212-227-153-4.plesk.page\/hr\/wp-json\/wp\/v2\/product_tag?post=3691688"}],"curies":[{"name":"wp","href":"https:\/\/api.w.org\/{rel}","templated":true}]}}