{"id":3691692,"date":"2025-10-13T13:48:19","date_gmt":"2025-10-13T17:48:19","guid":{"rendered":"https:\/\/stoic-curie.212-227-153-4.plesk.page\/product\/odobreni-prsluk-za-spasavanje-plastimo-baby-15-30kg-100n\/"},"modified":"2026-02-25T00:01:11","modified_gmt":"2026-02-25T00:01:11","slug":"odobreni-prsluk-za-spasavanje-plastimo-baby-15-30kg-100n","status":"publish","type":"product","link":"https:\/\/stoic-curie.212-227-153-4.plesk.page\/hr\/product\/odobreni-prsluk-za-spasavanje-plastimo-baby-15-30kg-100n\/","title":{"rendered":"Odobreni prsluk za spa\u0161avanje Plastimo Baby 15-30kg 100N"},"content":{"rendered":"<p>Odobreni prsluk za spa\u0161avanje Plastimo Baby 15-30kg 100N &#8211; <\/p>\n<p>S kapacitetom izdr\u017eljivosti koja zadr\u017eava glavu iznad vode. Plovnost zahvaljuju\u0107i pjenastom polietilenu, veliki ovratnik s pove\u0107anom plovno\u0161\u0107u koja pru\u017ea dodatnu udobnost i pobolj\u0161anu potporu za glavu. Sjajna naran\u010dasta boja i retro-reflektivne trake. Prednji pluta\u010di podijeljeni u 2 dijela, podesivi bikini materijal, podesivi pojas s plasti\u010dnom kop\u010dom i \u0161nuricom za \u010dvrsto prianjanje, pojas za zatvaranje oko vrata, ru\u010dka za oporavak i zaklju\u010davanje na pole\u0111ini. Opremljen zvi\u017edaljkom.<\/p>\n","protected":false},"excerpt":{"rendered":"<p>Odobreni prsluk za spa\u0161avanje Plastimo Baby 15-30kg 100N &#8211; S kapacitetom izdr\u017eljivosti koja zadr\u017eava glavu iznad vode. Plovnost zahvaljuju\u0107i pjenastom<\/p>\n","protected":false},"featured_media":5945949,"comment_status":"closed","ping_status":"closed","template":"","meta":[],"product_brand":[3206],"product_cat":[1606],"product_tag":[],"class_list":{"0":"post-3691692","1":"product","2":"type-product","3":"status-publish","4":"has-post-thumbnail","6":"product_brand-nova-argonautica-hr","7":"product_cat-djecji-prsluci-za-spasavanje","9":"first","10":"instock","11":"shipping-taxable","12":"purchasable","13":"product-type-simple"},"_links":{"self":[{"href":"https:\/\/stoic-curie.212-227-153-4.plesk.page\/hr\/wp-json\/wp\/v2\/product\/3691692","targetHints":{"allow":["GET"]}}],"collection":[{"href":"https:\/\/stoic-curie.212-227-153-4.plesk.page\/hr\/wp-json\/wp\/v2\/product"}],"about":[{"href":"https:\/\/stoic-curie.212-227-153-4.plesk.page\/hr\/wp-json\/wp\/v2\/types\/product"}],"replies":[{"embeddable":true,"href":"https:\/\/stoic-curie.212-227-153-4.plesk.page\/hr\/wp-json\/wp\/v2\/comments?post=3691692"}],"version-history":[{"count":0,"href":"https:\/\/stoic-curie.212-227-153-4.plesk.page\/hr\/wp-json\/wp\/v2\/product\/3691692\/revisions"}],"wp:featuredmedia":[{"embeddable":true,"href":"https:\/\/stoic-curie.212-227-153-4.plesk.page\/hr\/wp-json\/wp\/v2\/media\/5945949"}],"wp:attachment":[{"href":"https:\/\/stoic-curie.212-227-153-4.plesk.page\/hr\/wp-json\/wp\/v2\/media?parent=3691692"}],"wp:term":[{"taxonomy":"product_brand","embeddable":true,"href":"https:\/\/stoic-curie.212-227-153-4.plesk.page\/hr\/wp-json\/wp\/v2\/product_brand?post=3691692"},{"taxonomy":"product_cat","embeddable":true,"href":"https:\/\/stoic-curie.212-227-153-4.plesk.page\/hr\/wp-json\/wp\/v2\/product_cat?post=3691692"},{"taxonomy":"product_tag","embeddable":true,"href":"https:\/\/stoic-curie.212-227-153-4.plesk.page\/hr\/wp-json\/wp\/v2\/product_tag?post=3691692"}],"curies":[{"name":"wp","href":"https:\/\/api.w.org\/{rel}","templated":true}]}}