{"id":3691693,"date":"2025-10-13T13:48:19","date_gmt":"2025-10-13T17:48:19","guid":{"rendered":"https:\/\/stoic-curie.212-227-153-4.plesk.page\/product\/bijela-mreza-za-ogradu-h400mm\/"},"modified":"2026-02-25T00:01:11","modified_gmt":"2026-02-25T00:01:11","slug":"bijela-mreza-za-ogradu-h400mm","status":"publish","type":"product","link":"https:\/\/stoic-curie.212-227-153-4.plesk.page\/hr\/product\/bijela-mreza-za-ogradu-h400mm\/","title":{"rendered":"Bijela mre\u017ea za ogradu H400mm"},"content":{"rendered":"<p>Bijela mre\u017ea za ogradu H400mm &#8211; <\/p>\n<p>Mre\u017ea za za\u0161titu \u010damaca, pogodna za pri\u010dvr\u0161\u0107ivanje na ogradu, na propeler ili kao odjeljak za pohranu. Tkane s najlonskom \u017eicom visoke \u010dvrsto\u0107e. \u00d8 mm 2, kvadratna mre\u017ea 45&#215;45 mm, ru\u010dno vezana. Visina 40 cm, du\u017eina 30 metara<\/p>\n","protected":false},"excerpt":{"rendered":"<p>Bijela mre\u017ea za ogradu H400mm &#8211; Mre\u017ea za za\u0161titu \u010damaca, pogodna za pri\u010dvr\u0161\u0107ivanje na ogradu, na propeler ili kao odjeljak<\/p>\n","protected":false},"featured_media":5945264,"comment_status":"closed","ping_status":"closed","template":"","meta":[],"product_brand":[3491],"product_cat":[1771,1605,1758],"product_tag":[],"class_list":{"0":"post-3691693","1":"product","2":"type-product","3":"status-publish","4":"has-post-thumbnail","6":"product_brand-trem-hr","7":"product_cat-oprema-za-jedrilice-oprema-za-jedrilice","8":"product_cat-oprema-za-sigurnost-plovila","9":"product_cat-stupici-jedrilica","11":"first","12":"instock","13":"shipping-taxable","14":"purchasable","15":"product-type-simple"},"_links":{"self":[{"href":"https:\/\/stoic-curie.212-227-153-4.plesk.page\/hr\/wp-json\/wp\/v2\/product\/3691693","targetHints":{"allow":["GET"]}}],"collection":[{"href":"https:\/\/stoic-curie.212-227-153-4.plesk.page\/hr\/wp-json\/wp\/v2\/product"}],"about":[{"href":"https:\/\/stoic-curie.212-227-153-4.plesk.page\/hr\/wp-json\/wp\/v2\/types\/product"}],"replies":[{"embeddable":true,"href":"https:\/\/stoic-curie.212-227-153-4.plesk.page\/hr\/wp-json\/wp\/v2\/comments?post=3691693"}],"version-history":[{"count":0,"href":"https:\/\/stoic-curie.212-227-153-4.plesk.page\/hr\/wp-json\/wp\/v2\/product\/3691693\/revisions"}],"wp:featuredmedia":[{"embeddable":true,"href":"https:\/\/stoic-curie.212-227-153-4.plesk.page\/hr\/wp-json\/wp\/v2\/media\/5945264"}],"wp:attachment":[{"href":"https:\/\/stoic-curie.212-227-153-4.plesk.page\/hr\/wp-json\/wp\/v2\/media?parent=3691693"}],"wp:term":[{"taxonomy":"product_brand","embeddable":true,"href":"https:\/\/stoic-curie.212-227-153-4.plesk.page\/hr\/wp-json\/wp\/v2\/product_brand?post=3691693"},{"taxonomy":"product_cat","embeddable":true,"href":"https:\/\/stoic-curie.212-227-153-4.plesk.page\/hr\/wp-json\/wp\/v2\/product_cat?post=3691693"},{"taxonomy":"product_tag","embeddable":true,"href":"https:\/\/stoic-curie.212-227-153-4.plesk.page\/hr\/wp-json\/wp\/v2\/product_tag?post=3691693"}],"curies":[{"name":"wp","href":"https:\/\/api.w.org\/{rel}","templated":true}]}}