{"id":3691698,"date":"2025-10-13T13:48:21","date_gmt":"2025-10-13T17:48:21","guid":{"rendered":"https:\/\/stoic-curie.212-227-153-4.plesk.page\/product\/poliesterski-pleteni-konop-crveni-8mm\/"},"modified":"2026-02-25T00:01:11","modified_gmt":"2026-02-25T00:01:11","slug":"poliesterski-pleteni-konop-crveni-8mm","status":"publish","type":"product","link":"https:\/\/stoic-curie.212-227-153-4.plesk.page\/hr\/product\/poliesterski-pleteni-konop-crveni-8mm\/","title":{"rendered":"Poliesterski pleteni konop crveni 8mm"},"content":{"rendered":"<p>Poliesterski pleteni konop crveni 8mm &#8211; <\/p>\n<p>Visokotla\u010dna dvostruka pletenica s vanjskim poliester \u010darapom s obojenim oznakama (protuklizno, \u0161to osigurava maksimalno prianjanje i dr\u017eanje, kako mokro, tako i suho) i unutra\u0161njim jezgrom pletenim od visokotla\u010dnog poliestera s suprotstavljenim i uravnote\u017eenim zavojima. Idealno za sidrene konope na kru\u017enim brodovima i gumenjacima.<\/p>\n","protected":false},"excerpt":{"rendered":"<p>Poliesterski pleteni konop crveni 8mm &#8211; Visokotla\u010dna dvostruka pletenica s vanjskim poliester \u010darapom s obojenim oznakama (protuklizno, \u0161to osigurava maksimalno<\/p>\n","protected":false},"featured_media":5945959,"comment_status":"closed","ping_status":"closed","template":"","meta":[],"product_brand":[3066],"product_cat":[1768],"product_tag":[],"class_list":{"0":"post-3691698","1":"product","2":"type-product","3":"status-publish","4":"has-post-thumbnail","6":"product_brand-liros-hr","7":"product_cat-skote-i-podigaci-jedara","9":"first","10":"instock","11":"shipping-taxable","12":"purchasable","13":"product-type-simple"},"_links":{"self":[{"href":"https:\/\/stoic-curie.212-227-153-4.plesk.page\/hr\/wp-json\/wp\/v2\/product\/3691698","targetHints":{"allow":["GET"]}}],"collection":[{"href":"https:\/\/stoic-curie.212-227-153-4.plesk.page\/hr\/wp-json\/wp\/v2\/product"}],"about":[{"href":"https:\/\/stoic-curie.212-227-153-4.plesk.page\/hr\/wp-json\/wp\/v2\/types\/product"}],"replies":[{"embeddable":true,"href":"https:\/\/stoic-curie.212-227-153-4.plesk.page\/hr\/wp-json\/wp\/v2\/comments?post=3691698"}],"version-history":[{"count":0,"href":"https:\/\/stoic-curie.212-227-153-4.plesk.page\/hr\/wp-json\/wp\/v2\/product\/3691698\/revisions"}],"wp:featuredmedia":[{"embeddable":true,"href":"https:\/\/stoic-curie.212-227-153-4.plesk.page\/hr\/wp-json\/wp\/v2\/media\/5945959"}],"wp:attachment":[{"href":"https:\/\/stoic-curie.212-227-153-4.plesk.page\/hr\/wp-json\/wp\/v2\/media?parent=3691698"}],"wp:term":[{"taxonomy":"product_brand","embeddable":true,"href":"https:\/\/stoic-curie.212-227-153-4.plesk.page\/hr\/wp-json\/wp\/v2\/product_brand?post=3691698"},{"taxonomy":"product_cat","embeddable":true,"href":"https:\/\/stoic-curie.212-227-153-4.plesk.page\/hr\/wp-json\/wp\/v2\/product_cat?post=3691698"},{"taxonomy":"product_tag","embeddable":true,"href":"https:\/\/stoic-curie.212-227-153-4.plesk.page\/hr\/wp-json\/wp\/v2\/product_tag?post=3691698"}],"curies":[{"name":"wp","href":"https:\/\/api.w.org\/{rel}","templated":true}]}}