{"id":3691699,"date":"2025-10-13T13:48:21","date_gmt":"2025-10-13T17:48:21","guid":{"rendered":"https:\/\/stoic-curie.212-227-153-4.plesk.page\/product\/poliesterski-pleteni-konop-crveni-10-mm\/"},"modified":"2026-02-25T00:01:11","modified_gmt":"2026-02-25T00:01:11","slug":"poliesterski-pleteni-konop-crveni-10-mm","status":"publish","type":"product","link":"https:\/\/stoic-curie.212-227-153-4.plesk.page\/hr\/product\/poliesterski-pleteni-konop-crveni-10-mm\/","title":{"rendered":"Poliesterski pleteni konop crveni 10 mm"},"content":{"rendered":"<p>Poliesterski pleteni konop crveni 10 mm &#8211; <\/p>\n<p>Dvostruko pletena u\u017ee visoke \u010dvrsto\u0107e s vanjskom \u010darapom od poliesterskih vlakana s obojenim oznakama (protuklizno, \u0161to osigurava maksimalno prianjanje i dr\u017eanje i u vla\u017enim i u suhim uvjetima) te unutarnjim jezgrom pletenim od poliestera visoke \u010dvrsto\u0107e s suprotnim i uravnote\u017eenim zavojima. Idealno za jedra na krstaricama i gumenjacima.<\/p>\n","protected":false},"excerpt":{"rendered":"<p>Poliesterski pleteni konop crveni 10 mm &#8211; Dvostruko pletena u\u017ee visoke \u010dvrsto\u0107e s vanjskom \u010darapom od poliesterskih vlakana s obojenim<\/p>\n","protected":false},"featured_media":5945961,"comment_status":"closed","ping_status":"closed","template":"","meta":[],"product_brand":[3066],"product_cat":[1768],"product_tag":[],"class_list":{"0":"post-3691699","1":"product","2":"type-product","3":"status-publish","4":"has-post-thumbnail","6":"product_brand-liros-hr","7":"product_cat-skote-i-podigaci-jedara","9":"first","10":"instock","11":"shipping-taxable","12":"purchasable","13":"product-type-simple"},"_links":{"self":[{"href":"https:\/\/stoic-curie.212-227-153-4.plesk.page\/hr\/wp-json\/wp\/v2\/product\/3691699","targetHints":{"allow":["GET"]}}],"collection":[{"href":"https:\/\/stoic-curie.212-227-153-4.plesk.page\/hr\/wp-json\/wp\/v2\/product"}],"about":[{"href":"https:\/\/stoic-curie.212-227-153-4.plesk.page\/hr\/wp-json\/wp\/v2\/types\/product"}],"replies":[{"embeddable":true,"href":"https:\/\/stoic-curie.212-227-153-4.plesk.page\/hr\/wp-json\/wp\/v2\/comments?post=3691699"}],"version-history":[{"count":0,"href":"https:\/\/stoic-curie.212-227-153-4.plesk.page\/hr\/wp-json\/wp\/v2\/product\/3691699\/revisions"}],"wp:featuredmedia":[{"embeddable":true,"href":"https:\/\/stoic-curie.212-227-153-4.plesk.page\/hr\/wp-json\/wp\/v2\/media\/5945961"}],"wp:attachment":[{"href":"https:\/\/stoic-curie.212-227-153-4.plesk.page\/hr\/wp-json\/wp\/v2\/media?parent=3691699"}],"wp:term":[{"taxonomy":"product_brand","embeddable":true,"href":"https:\/\/stoic-curie.212-227-153-4.plesk.page\/hr\/wp-json\/wp\/v2\/product_brand?post=3691699"},{"taxonomy":"product_cat","embeddable":true,"href":"https:\/\/stoic-curie.212-227-153-4.plesk.page\/hr\/wp-json\/wp\/v2\/product_cat?post=3691699"},{"taxonomy":"product_tag","embeddable":true,"href":"https:\/\/stoic-curie.212-227-153-4.plesk.page\/hr\/wp-json\/wp\/v2\/product_tag?post=3691699"}],"curies":[{"name":"wp","href":"https:\/\/api.w.org\/{rel}","templated":true}]}}