{"id":3691700,"date":"2025-10-13T13:48:21","date_gmt":"2025-10-13T17:48:21","guid":{"rendered":"https:\/\/stoic-curie.212-227-153-4.plesk.page\/product\/plavi-pleteni-konop-6mm\/"},"modified":"2026-02-25T00:01:11","modified_gmt":"2026-02-25T00:01:11","slug":"plavi-pleteni-konop-6mm","status":"publish","type":"product","link":"https:\/\/stoic-curie.212-227-153-4.plesk.page\/hr\/product\/plavi-pleteni-konop-6mm\/","title":{"rendered":"Plavi pleteni konop 6mm"},"content":{"rendered":"<p>Plavi pleteni konop 6mm &#8211; <\/p>\n<p>Duplo pletena 100% poliester visoke \u010dvrsto\u0107e s vanjskom \u010darapom obojenom markerom i unutarnjom jezgrom isprepletenom suprotnim i uravnote\u017eenim zavojima kako bi se osigurala najbolja otpornost na tro\u0161enje, maksimalna \u010dvrsto\u0107a i izdr\u017eljivost. Prevu\u010deno, mekano, lako upravljivo i s ograni\u010denim istezanjem, idealno za u\u017ee i \u0161kope na brodicama za krstarenje.<\/p>\n","protected":false},"excerpt":{"rendered":"<p>Plavi pleteni konop 6mm &#8211; Duplo pletena 100% poliester visoke \u010dvrsto\u0107e s vanjskom \u010darapom obojenom markerom i unutarnjom jezgrom isprepletenom<\/p>\n","protected":false},"featured_media":5945963,"comment_status":"closed","ping_status":"closed","template":"","meta":[],"product_brand":[3066],"product_cat":[1768],"product_tag":[],"class_list":{"0":"post-3691700","1":"product","2":"type-product","3":"status-publish","4":"has-post-thumbnail","6":"product_brand-liros-hr","7":"product_cat-skote-i-podigaci-jedara","9":"first","10":"instock","11":"shipping-taxable","12":"purchasable","13":"product-type-simple"},"_links":{"self":[{"href":"https:\/\/stoic-curie.212-227-153-4.plesk.page\/hr\/wp-json\/wp\/v2\/product\/3691700","targetHints":{"allow":["GET"]}}],"collection":[{"href":"https:\/\/stoic-curie.212-227-153-4.plesk.page\/hr\/wp-json\/wp\/v2\/product"}],"about":[{"href":"https:\/\/stoic-curie.212-227-153-4.plesk.page\/hr\/wp-json\/wp\/v2\/types\/product"}],"replies":[{"embeddable":true,"href":"https:\/\/stoic-curie.212-227-153-4.plesk.page\/hr\/wp-json\/wp\/v2\/comments?post=3691700"}],"version-history":[{"count":0,"href":"https:\/\/stoic-curie.212-227-153-4.plesk.page\/hr\/wp-json\/wp\/v2\/product\/3691700\/revisions"}],"wp:featuredmedia":[{"embeddable":true,"href":"https:\/\/stoic-curie.212-227-153-4.plesk.page\/hr\/wp-json\/wp\/v2\/media\/5945963"}],"wp:attachment":[{"href":"https:\/\/stoic-curie.212-227-153-4.plesk.page\/hr\/wp-json\/wp\/v2\/media?parent=3691700"}],"wp:term":[{"taxonomy":"product_brand","embeddable":true,"href":"https:\/\/stoic-curie.212-227-153-4.plesk.page\/hr\/wp-json\/wp\/v2\/product_brand?post=3691700"},{"taxonomy":"product_cat","embeddable":true,"href":"https:\/\/stoic-curie.212-227-153-4.plesk.page\/hr\/wp-json\/wp\/v2\/product_cat?post=3691700"},{"taxonomy":"product_tag","embeddable":true,"href":"https:\/\/stoic-curie.212-227-153-4.plesk.page\/hr\/wp-json\/wp\/v2\/product_tag?post=3691700"}],"curies":[{"name":"wp","href":"https:\/\/api.w.org\/{rel}","templated":true}]}}