{"id":3691702,"date":"2025-10-13T13:48:22","date_gmt":"2025-10-13T17:48:22","guid":{"rendered":"https:\/\/stoic-curie.212-227-153-4.plesk.page\/product\/plavi-pleteni-konop-10mm\/"},"modified":"2026-02-25T00:01:11","modified_gmt":"2026-02-25T00:01:11","slug":"plavi-pleteni-konop-10mm","status":"publish","type":"product","link":"https:\/\/stoic-curie.212-227-153-4.plesk.page\/hr\/product\/plavi-pleteni-konop-10mm\/","title":{"rendered":"Plavi pleteni konop 10mm"},"content":{"rendered":"<p>Plavi pleteni konop 10mm &#8211; <\/p>\n<p>Dvostruko pletenje 100% poliester visoke \u010dvrsto\u0107e s vanjskim rukavom s obojenom oznakom i unutarnjom jezgrom isprepletenom suprotnim i uravnote\u017eenim dvotrljcima, kako bi se osigurala najbolja otpornost na tro\u0161enje, maksimalna \u010dvrsto\u0107a i otpornost. Pre\u0111eno, mekano, lako za rukovanje, s ograni\u010denim istezanjem, idealno za dr\u017ee\u0107e i konope na krstaricama.<\/p>\n","protected":false},"excerpt":{"rendered":"<p>Plavi pleteni konop 10mm &#8211; Dvostruko pletenje 100% poliester visoke \u010dvrsto\u0107e s vanjskim rukavom s obojenom oznakom i unutarnjom jezgrom<\/p>\n","protected":false},"featured_media":5945967,"comment_status":"closed","ping_status":"closed","template":"","meta":[],"product_brand":[3066],"product_cat":[1768],"product_tag":[],"class_list":{"0":"post-3691702","1":"product","2":"type-product","3":"status-publish","4":"has-post-thumbnail","6":"product_brand-liros-hr","7":"product_cat-skote-i-podigaci-jedara","9":"first","10":"instock","11":"shipping-taxable","12":"purchasable","13":"product-type-simple"},"_links":{"self":[{"href":"https:\/\/stoic-curie.212-227-153-4.plesk.page\/hr\/wp-json\/wp\/v2\/product\/3691702","targetHints":{"allow":["GET"]}}],"collection":[{"href":"https:\/\/stoic-curie.212-227-153-4.plesk.page\/hr\/wp-json\/wp\/v2\/product"}],"about":[{"href":"https:\/\/stoic-curie.212-227-153-4.plesk.page\/hr\/wp-json\/wp\/v2\/types\/product"}],"replies":[{"embeddable":true,"href":"https:\/\/stoic-curie.212-227-153-4.plesk.page\/hr\/wp-json\/wp\/v2\/comments?post=3691702"}],"version-history":[{"count":0,"href":"https:\/\/stoic-curie.212-227-153-4.plesk.page\/hr\/wp-json\/wp\/v2\/product\/3691702\/revisions"}],"wp:featuredmedia":[{"embeddable":true,"href":"https:\/\/stoic-curie.212-227-153-4.plesk.page\/hr\/wp-json\/wp\/v2\/media\/5945967"}],"wp:attachment":[{"href":"https:\/\/stoic-curie.212-227-153-4.plesk.page\/hr\/wp-json\/wp\/v2\/media?parent=3691702"}],"wp:term":[{"taxonomy":"product_brand","embeddable":true,"href":"https:\/\/stoic-curie.212-227-153-4.plesk.page\/hr\/wp-json\/wp\/v2\/product_brand?post=3691702"},{"taxonomy":"product_cat","embeddable":true,"href":"https:\/\/stoic-curie.212-227-153-4.plesk.page\/hr\/wp-json\/wp\/v2\/product_cat?post=3691702"},{"taxonomy":"product_tag","embeddable":true,"href":"https:\/\/stoic-curie.212-227-153-4.plesk.page\/hr\/wp-json\/wp\/v2\/product_tag?post=3691702"}],"curies":[{"name":"wp","href":"https:\/\/api.w.org\/{rel}","templated":true}]}}