{"id":3691703,"date":"2025-10-13T13:48:22","date_gmt":"2025-10-13T17:48:22","guid":{"rendered":"https:\/\/stoic-curie.212-227-153-4.plesk.page\/product\/plavi-pleteni-konop-12mm\/"},"modified":"2026-02-25T00:01:11","modified_gmt":"2026-02-25T00:01:11","slug":"plavi-pleteni-konop-12mm","status":"publish","type":"product","link":"https:\/\/stoic-curie.212-227-153-4.plesk.page\/hr\/product\/plavi-pleteni-konop-12mm\/","title":{"rendered":"Plavi pleteni konop 12mm"},"content":{"rendered":"<p>Plavi pleteni konop 12mm &#8211; <\/p>\n<p>Double pletenica od 100% poliestera s visokom \u010dvrsto\u0107om, s vanjskom \u010darapom obele\u017eenom bojom i unutarnjom jezgrom isprepletenom s suprotnim i uravnote\u017eenim zavojima za osiguranje najbolje otpornosti na habanje, maksimalne \u010dvrsto\u0107e i otpornosti. Predstegnut, mekan, lak za rukovanje, s ograni\u010denim istezanjem, idealan za u\u017ee i jedra na kruzerima.<\/p>\n","protected":false},"excerpt":{"rendered":"<p>Plavi pleteni konop 12mm &#8211; Double pletenica od 100% poliestera s visokom \u010dvrsto\u0107om, s vanjskom \u010darapom obele\u017eenom bojom i unutarnjom<\/p>\n","protected":false},"featured_media":5945969,"comment_status":"closed","ping_status":"closed","template":"","meta":[],"product_brand":[3066],"product_cat":[1768],"product_tag":[],"class_list":{"0":"post-3691703","1":"product","2":"type-product","3":"status-publish","4":"has-post-thumbnail","6":"product_brand-liros-hr","7":"product_cat-skote-i-podigaci-jedara","9":"first","10":"instock","11":"shipping-taxable","12":"purchasable","13":"product-type-simple"},"_links":{"self":[{"href":"https:\/\/stoic-curie.212-227-153-4.plesk.page\/hr\/wp-json\/wp\/v2\/product\/3691703","targetHints":{"allow":["GET"]}}],"collection":[{"href":"https:\/\/stoic-curie.212-227-153-4.plesk.page\/hr\/wp-json\/wp\/v2\/product"}],"about":[{"href":"https:\/\/stoic-curie.212-227-153-4.plesk.page\/hr\/wp-json\/wp\/v2\/types\/product"}],"replies":[{"embeddable":true,"href":"https:\/\/stoic-curie.212-227-153-4.plesk.page\/hr\/wp-json\/wp\/v2\/comments?post=3691703"}],"version-history":[{"count":0,"href":"https:\/\/stoic-curie.212-227-153-4.plesk.page\/hr\/wp-json\/wp\/v2\/product\/3691703\/revisions"}],"wp:featuredmedia":[{"embeddable":true,"href":"https:\/\/stoic-curie.212-227-153-4.plesk.page\/hr\/wp-json\/wp\/v2\/media\/5945969"}],"wp:attachment":[{"href":"https:\/\/stoic-curie.212-227-153-4.plesk.page\/hr\/wp-json\/wp\/v2\/media?parent=3691703"}],"wp:term":[{"taxonomy":"product_brand","embeddable":true,"href":"https:\/\/stoic-curie.212-227-153-4.plesk.page\/hr\/wp-json\/wp\/v2\/product_brand?post=3691703"},{"taxonomy":"product_cat","embeddable":true,"href":"https:\/\/stoic-curie.212-227-153-4.plesk.page\/hr\/wp-json\/wp\/v2\/product_cat?post=3691703"},{"taxonomy":"product_tag","embeddable":true,"href":"https:\/\/stoic-curie.212-227-153-4.plesk.page\/hr\/wp-json\/wp\/v2\/product_tag?post=3691703"}],"curies":[{"name":"wp","href":"https:\/\/api.w.org\/{rel}","templated":true}]}}