{"id":3691704,"date":"2025-10-13T13:48:22","date_gmt":"2025-10-13T17:48:22","guid":{"rendered":"https:\/\/stoic-curie.212-227-153-4.plesk.page\/product\/led-navigacijska-svjetiljka-od-nehrdajuceg-celika-dvobojna-81-x-96-x-h34-mm\/"},"modified":"2026-02-25T00:01:11","modified_gmt":"2026-02-25T00:01:11","slug":"led-navigacijska-svjetiljka-od-nehrdajuceg-celika-dvobojna-81-x-96-x-h34-mm","status":"publish","type":"product","link":"https:\/\/stoic-curie.212-227-153-4.plesk.page\/hr\/product\/led-navigacijska-svjetiljka-od-nehrdajuceg-celika-dvobojna-81-x-96-x-h34-mm\/","title":{"rendered":"LED navigacijska svjetiljka od nehr\u0111aju\u0107eg \u010delika dvobojna 81 x 96 x H34 mm"},"content":{"rendered":"<p>LED navigacijska svjetiljka od nehr\u0111aju\u0107eg \u010delika dvobojna 81 x 96 x H34 mm &#8211; <\/p>\n<p>Bikolarno 12V svjetlo za navo\u0111enje s ku\u0107i\u0161tem od nehr\u0111aju\u0107eg \u010delika i IP67 vodootpornom gumenom bazom. Udovoljava zahtjevima CE\/USCG\/COLREG\/ABYC\/NMMA. Dimenzije: 81 x 96 x H34 mm.<\/p>\n","protected":false},"excerpt":{"rendered":"<p>LED navigacijska svjetiljka od nehr\u0111aju\u0107eg \u010delika dvobojna 81 x 96 x H34 mm &#8211; Bikolarno 12V svjetlo za navo\u0111enje s<\/p>\n","protected":false},"featured_media":5945971,"comment_status":"closed","ping_status":"closed","template":"","meta":[],"product_brand":[3236],"product_cat":[1736],"product_tag":[],"class_list":{"0":"post-3691704","1":"product","2":"type-product","3":"status-publish","4":"has-post-thumbnail","6":"product_brand-osculati-hr","7":"product_cat-led-navigacijska-svjetla","9":"first","10":"instock","11":"shipping-taxable","12":"purchasable","13":"product-type-simple"},"_links":{"self":[{"href":"https:\/\/stoic-curie.212-227-153-4.plesk.page\/hr\/wp-json\/wp\/v2\/product\/3691704","targetHints":{"allow":["GET"]}}],"collection":[{"href":"https:\/\/stoic-curie.212-227-153-4.plesk.page\/hr\/wp-json\/wp\/v2\/product"}],"about":[{"href":"https:\/\/stoic-curie.212-227-153-4.plesk.page\/hr\/wp-json\/wp\/v2\/types\/product"}],"replies":[{"embeddable":true,"href":"https:\/\/stoic-curie.212-227-153-4.plesk.page\/hr\/wp-json\/wp\/v2\/comments?post=3691704"}],"version-history":[{"count":0,"href":"https:\/\/stoic-curie.212-227-153-4.plesk.page\/hr\/wp-json\/wp\/v2\/product\/3691704\/revisions"}],"wp:featuredmedia":[{"embeddable":true,"href":"https:\/\/stoic-curie.212-227-153-4.plesk.page\/hr\/wp-json\/wp\/v2\/media\/5945971"}],"wp:attachment":[{"href":"https:\/\/stoic-curie.212-227-153-4.plesk.page\/hr\/wp-json\/wp\/v2\/media?parent=3691704"}],"wp:term":[{"taxonomy":"product_brand","embeddable":true,"href":"https:\/\/stoic-curie.212-227-153-4.plesk.page\/hr\/wp-json\/wp\/v2\/product_brand?post=3691704"},{"taxonomy":"product_cat","embeddable":true,"href":"https:\/\/stoic-curie.212-227-153-4.plesk.page\/hr\/wp-json\/wp\/v2\/product_cat?post=3691704"},{"taxonomy":"product_tag","embeddable":true,"href":"https:\/\/stoic-curie.212-227-153-4.plesk.page\/hr\/wp-json\/wp\/v2\/product_tag?post=3691704"}],"curies":[{"name":"wp","href":"https:\/\/api.w.org\/{rel}","templated":true}]}}