{"id":3691717,"date":"2025-10-13T13:48:28","date_gmt":"2025-10-13T17:48:28","guid":{"rendered":"https:\/\/stoic-curie.212-227-153-4.plesk.page\/product\/sierra-18-8083-prikljucak-crijeva-za-gorivo-za-mercury-3-8-incni-crijevo\/"},"modified":"2026-02-25T00:01:12","modified_gmt":"2026-02-25T00:01:12","slug":"sierra-18-8083-prikljucak-crijeva-za-gorivo-za-mercury-3-8-incni-crijevo","status":"publish","type":"product","link":"https:\/\/stoic-curie.212-227-153-4.plesk.page\/hr\/product\/sierra-18-8083-prikljucak-crijeva-za-gorivo-za-mercury-3-8-incni-crijevo\/","title":{"rendered":"Sierra 18-8083 prikljucak crijeva za gorivo za Mercury (3\/8-incni crijevo)"},"content":{"rendered":"<p>Sierra 18-8083 prikljucak crijeva za gorivo za Mercury (3\/8-incni crijevo) &#8211; <\/p>\n<div class=\"col-24 col-md-15\">\n<p>Sierra Marine priklju\u010dak za gorivo 18-8083 ima rep cijevi od 3\/8&#8243; i mu\u0161ku navojnu vezu. Rep cijevi zamjenjuje sljede\u0107e priklju\u010dke za gorivo:<\/p>\n<p>&#8211; Mercury 22831A3 &#038; 22831Q3<\/p>\n<p>&#8211; Mallory 9-38041<\/p>\n<p>Priklju\u010dak za gorivo prikladan je za Mercury motore prije 1998. godine.<\/p>\n<\/div>\n<p><\/p>\n<table class=\"table\">\n<tbody>\n<tr>\n<td><strong>Marka<\/strong><\/td>\n<td>Sierra<\/td>\n<\/tr>\n<tr>\n<td><strong>Veli\u010dina crijeva<\/strong><\/td>\n<td>3\/8&#8243;<\/td>\n<\/tr>\n<\/tbody>\n<\/table>\n","protected":false},"excerpt":{"rendered":"<p>Sierra 18-8083 prikljucak crijeva za gorivo za Mercury (3\/8-incni crijevo) &#8211; Sierra Marine priklju\u010dak za gorivo 18-8083 ima rep cijevi<\/p>\n","protected":false},"featured_media":5946047,"comment_status":"closed","ping_status":"closed","template":"","meta":[],"product_brand":[3391],"product_cat":[1827,1815],"product_tag":[],"class_list":{"0":"post-3691717","1":"product","2":"type-product","3":"status-publish","4":"has-post-thumbnail","6":"product_brand-sierra-marine-hr","7":"product_cat-dodatna-oprema-za-vanbrodske-motore","8":"product_cat-rezervni-dijelovi-za-vanbrodske-motore-mercury-i-mariner","10":"first","11":"instock","12":"shipping-taxable","13":"purchasable","14":"product-type-simple"},"_links":{"self":[{"href":"https:\/\/stoic-curie.212-227-153-4.plesk.page\/hr\/wp-json\/wp\/v2\/product\/3691717","targetHints":{"allow":["GET"]}}],"collection":[{"href":"https:\/\/stoic-curie.212-227-153-4.plesk.page\/hr\/wp-json\/wp\/v2\/product"}],"about":[{"href":"https:\/\/stoic-curie.212-227-153-4.plesk.page\/hr\/wp-json\/wp\/v2\/types\/product"}],"replies":[{"embeddable":true,"href":"https:\/\/stoic-curie.212-227-153-4.plesk.page\/hr\/wp-json\/wp\/v2\/comments?post=3691717"}],"version-history":[{"count":0,"href":"https:\/\/stoic-curie.212-227-153-4.plesk.page\/hr\/wp-json\/wp\/v2\/product\/3691717\/revisions"}],"wp:featuredmedia":[{"embeddable":true,"href":"https:\/\/stoic-curie.212-227-153-4.plesk.page\/hr\/wp-json\/wp\/v2\/media\/5946047"}],"wp:attachment":[{"href":"https:\/\/stoic-curie.212-227-153-4.plesk.page\/hr\/wp-json\/wp\/v2\/media?parent=3691717"}],"wp:term":[{"taxonomy":"product_brand","embeddable":true,"href":"https:\/\/stoic-curie.212-227-153-4.plesk.page\/hr\/wp-json\/wp\/v2\/product_brand?post=3691717"},{"taxonomy":"product_cat","embeddable":true,"href":"https:\/\/stoic-curie.212-227-153-4.plesk.page\/hr\/wp-json\/wp\/v2\/product_cat?post=3691717"},{"taxonomy":"product_tag","embeddable":true,"href":"https:\/\/stoic-curie.212-227-153-4.plesk.page\/hr\/wp-json\/wp\/v2\/product_tag?post=3691717"}],"curies":[{"name":"wp","href":"https:\/\/api.w.org\/{rel}","templated":true}]}}