{"id":3691724,"date":"2025-10-13T13:48:30","date_gmt":"2025-10-13T17:48:30","guid":{"rendered":"https:\/\/stoic-curie.212-227-153-4.plesk.page\/product\/aerator-spremnika-od-nehrdajuceg-celika-roca-90o-66mm\/"},"modified":"2026-02-25T00:01:12","modified_gmt":"2026-02-25T00:01:12","slug":"aerator-spremnika-od-nehrdajuceg-celika-roca-90o-66mm","status":"publish","type":"product","link":"https:\/\/stoic-curie.212-227-153-4.plesk.page\/hr\/product\/aerator-spremnika-od-nehrdajuceg-celika-roca-90o-66mm\/","title":{"rendered":"Aerator spremnika od nehr\u0111aju\u0107eg \u010delika Roca 90\u00ba 66mm"},"content":{"rendered":"<p>Aerator spremnika od nehr\u0111aju\u0107eg \u010delika Roca 90\u00ba 66mm &#8211; <\/p>\n<p>CE certifikovana Roca ugradna ventilacija otporna na plamen za aeraciju spremnika. Ogledalo-polirani 316 ner\u0111aju\u0107i \u010delik ili crna ku\u0107i\u0161ta od ner\u0111aju\u0107eg \u010delika. S uklonjivim dijelovima za lako \u010di\u0161\u0107enje.<\/p>\n","protected":false},"excerpt":{"rendered":"<p>Aerator spremnika od nehr\u0111aju\u0107eg \u010delika Roca 90\u00ba 66mm &#8211; CE certifikovana Roca ugradna ventilacija otporna na plamen za aeraciju spremnika.<\/p>\n","protected":false},"featured_media":5946055,"comment_status":"closed","ping_status":"closed","template":"","meta":[],"product_brand":[3316],"product_cat":[1699,1800],"product_tag":[],"class_list":{"0":"post-3691724","1":"product","2":"type-product","3":"status-publish","4":"has-post-thumbnail","6":"product_brand-roca-marine-hr","7":"product_cat-palubni-ventilacijski-otvori","8":"product_cat-spremnici-goriva","10":"first","11":"instock","12":"shipping-taxable","13":"purchasable","14":"product-type-simple"},"_links":{"self":[{"href":"https:\/\/stoic-curie.212-227-153-4.plesk.page\/hr\/wp-json\/wp\/v2\/product\/3691724","targetHints":{"allow":["GET"]}}],"collection":[{"href":"https:\/\/stoic-curie.212-227-153-4.plesk.page\/hr\/wp-json\/wp\/v2\/product"}],"about":[{"href":"https:\/\/stoic-curie.212-227-153-4.plesk.page\/hr\/wp-json\/wp\/v2\/types\/product"}],"replies":[{"embeddable":true,"href":"https:\/\/stoic-curie.212-227-153-4.plesk.page\/hr\/wp-json\/wp\/v2\/comments?post=3691724"}],"version-history":[{"count":0,"href":"https:\/\/stoic-curie.212-227-153-4.plesk.page\/hr\/wp-json\/wp\/v2\/product\/3691724\/revisions"}],"wp:featuredmedia":[{"embeddable":true,"href":"https:\/\/stoic-curie.212-227-153-4.plesk.page\/hr\/wp-json\/wp\/v2\/media\/5946055"}],"wp:attachment":[{"href":"https:\/\/stoic-curie.212-227-153-4.plesk.page\/hr\/wp-json\/wp\/v2\/media?parent=3691724"}],"wp:term":[{"taxonomy":"product_brand","embeddable":true,"href":"https:\/\/stoic-curie.212-227-153-4.plesk.page\/hr\/wp-json\/wp\/v2\/product_brand?post=3691724"},{"taxonomy":"product_cat","embeddable":true,"href":"https:\/\/stoic-curie.212-227-153-4.plesk.page\/hr\/wp-json\/wp\/v2\/product_cat?post=3691724"},{"taxonomy":"product_tag","embeddable":true,"href":"https:\/\/stoic-curie.212-227-153-4.plesk.page\/hr\/wp-json\/wp\/v2\/product_tag?post=3691724"}],"curies":[{"name":"wp","href":"https:\/\/api.w.org\/{rel}","templated":true}]}}