{"id":3691725,"date":"2025-10-13T13:48:30","date_gmt":"2025-10-13T17:48:30","guid":{"rendered":"https:\/\/stoic-curie.212-227-153-4.plesk.page\/product\/palubni-aerator-roca-polimerni-od-200-mm\/"},"modified":"2026-02-25T00:01:12","modified_gmt":"2026-02-25T00:01:12","slug":"palubni-aerator-roca-polimerni-od-200-mm","status":"publish","type":"product","link":"https:\/\/stoic-curie.212-227-153-4.plesk.page\/hr\/product\/palubni-aerator-roca-polimerni-od-200-mm\/","title":{"rendered":"Palubni  aerator Roca polimerni od 200 mm"},"content":{"rendered":"<p>Palubni  aerator Roca polimerni od 200 mm &#8211; <\/p>\n<p>Roca aerator za palube s unutarnjom bravom.<br \/>Poklopac od polimera ili ogledalno poliranog nehr\u0111aju\u0107eg \u010delika.<br \/>Kompletan sa vijcima, za debljinu zida od 340 mm.<\/p>\n","protected":false},"excerpt":{"rendered":"<p>Palubni aerator Roca polimerni od 200 mm &#8211; Roca aerator za palube s unutarnjom bravom.Poklopac od polimera ili ogledalno poliranog<\/p>\n","protected":false},"featured_media":5946056,"comment_status":"closed","ping_status":"closed","template":"","meta":[],"product_brand":[3316],"product_cat":[1699],"product_tag":[],"class_list":{"0":"post-3691725","1":"product","2":"type-product","3":"status-publish","4":"has-post-thumbnail","6":"product_brand-roca-marine-hr","7":"product_cat-palubni-ventilacijski-otvori","9":"first","10":"instock","11":"shipping-taxable","12":"purchasable","13":"product-type-simple"},"_links":{"self":[{"href":"https:\/\/stoic-curie.212-227-153-4.plesk.page\/hr\/wp-json\/wp\/v2\/product\/3691725","targetHints":{"allow":["GET"]}}],"collection":[{"href":"https:\/\/stoic-curie.212-227-153-4.plesk.page\/hr\/wp-json\/wp\/v2\/product"}],"about":[{"href":"https:\/\/stoic-curie.212-227-153-4.plesk.page\/hr\/wp-json\/wp\/v2\/types\/product"}],"replies":[{"embeddable":true,"href":"https:\/\/stoic-curie.212-227-153-4.plesk.page\/hr\/wp-json\/wp\/v2\/comments?post=3691725"}],"version-history":[{"count":0,"href":"https:\/\/stoic-curie.212-227-153-4.plesk.page\/hr\/wp-json\/wp\/v2\/product\/3691725\/revisions"}],"wp:featuredmedia":[{"embeddable":true,"href":"https:\/\/stoic-curie.212-227-153-4.plesk.page\/hr\/wp-json\/wp\/v2\/media\/5946056"}],"wp:attachment":[{"href":"https:\/\/stoic-curie.212-227-153-4.plesk.page\/hr\/wp-json\/wp\/v2\/media?parent=3691725"}],"wp:term":[{"taxonomy":"product_brand","embeddable":true,"href":"https:\/\/stoic-curie.212-227-153-4.plesk.page\/hr\/wp-json\/wp\/v2\/product_brand?post=3691725"},{"taxonomy":"product_cat","embeddable":true,"href":"https:\/\/stoic-curie.212-227-153-4.plesk.page\/hr\/wp-json\/wp\/v2\/product_cat?post=3691725"},{"taxonomy":"product_tag","embeddable":true,"href":"https:\/\/stoic-curie.212-227-153-4.plesk.page\/hr\/wp-json\/wp\/v2\/product_tag?post=3691725"}],"curies":[{"name":"wp","href":"https:\/\/api.w.org\/{rel}","templated":true}]}}