{"id":3691727,"date":"2025-10-13T13:48:31","date_gmt":"2025-10-13T17:48:31","guid":{"rendered":"https:\/\/stoic-curie.212-227-153-4.plesk.page\/product\/podesive-ruke-roca-brisaca-240-305-mm-za-w12-brisace\/"},"modified":"2026-02-25T00:01:12","modified_gmt":"2026-02-25T00:01:12","slug":"podesive-ruke-roca-brisaca-240-305-mm-za-w12-brisace","status":"publish","type":"product","link":"https:\/\/stoic-curie.212-227-153-4.plesk.page\/hr\/product\/podesive-ruke-roca-brisaca-240-305-mm-za-w12-brisace\/","title":{"rendered":"Podesive ruke Roca brisa\u010da 240 -305 mm za W12 brisa\u010de"},"content":{"rendered":"<p>Podesive ruke Roca brisa\u010da 240 -305 mm za W12 brisa\u010de &#8211; <\/p>\n<p>Roca bru\u0161eni nehr\u0111aju\u0107i \u010delik podesive brisa\u010de s J-Hook priklju\u010dkom. Za brisa\u010de W10\/W12 i za bilo koji brisa\u010d s osovinom od 13,8 mm. Klasi\u010dni S-oblika zamah.<\/p>\n","protected":false},"excerpt":{"rendered":"<p>Podesive ruke Roca brisa\u010da 240 -305 mm za W12 brisa\u010de &#8211; Roca bru\u0161eni nehr\u0111aju\u0107i \u010delik podesive brisa\u010de s J-Hook priklju\u010dkom.<\/p>\n","protected":false},"featured_media":5946062,"comment_status":"closed","ping_status":"closed","template":"","meta":[],"product_brand":[3316],"product_cat":[1735],"product_tag":[],"class_list":{"0":"post-3691727","1":"product","2":"type-product","3":"status-publish","4":"has-post-thumbnail","6":"product_brand-roca-marine-hr","7":"product_cat-brisaci-vjetrobranskog-stakla-na-brodu","9":"first","10":"instock","11":"shipping-taxable","12":"purchasable","13":"product-type-simple"},"_links":{"self":[{"href":"https:\/\/stoic-curie.212-227-153-4.plesk.page\/hr\/wp-json\/wp\/v2\/product\/3691727","targetHints":{"allow":["GET"]}}],"collection":[{"href":"https:\/\/stoic-curie.212-227-153-4.plesk.page\/hr\/wp-json\/wp\/v2\/product"}],"about":[{"href":"https:\/\/stoic-curie.212-227-153-4.plesk.page\/hr\/wp-json\/wp\/v2\/types\/product"}],"replies":[{"embeddable":true,"href":"https:\/\/stoic-curie.212-227-153-4.plesk.page\/hr\/wp-json\/wp\/v2\/comments?post=3691727"}],"version-history":[{"count":0,"href":"https:\/\/stoic-curie.212-227-153-4.plesk.page\/hr\/wp-json\/wp\/v2\/product\/3691727\/revisions"}],"wp:featuredmedia":[{"embeddable":true,"href":"https:\/\/stoic-curie.212-227-153-4.plesk.page\/hr\/wp-json\/wp\/v2\/media\/5946062"}],"wp:attachment":[{"href":"https:\/\/stoic-curie.212-227-153-4.plesk.page\/hr\/wp-json\/wp\/v2\/media?parent=3691727"}],"wp:term":[{"taxonomy":"product_brand","embeddable":true,"href":"https:\/\/stoic-curie.212-227-153-4.plesk.page\/hr\/wp-json\/wp\/v2\/product_brand?post=3691727"},{"taxonomy":"product_cat","embeddable":true,"href":"https:\/\/stoic-curie.212-227-153-4.plesk.page\/hr\/wp-json\/wp\/v2\/product_cat?post=3691727"},{"taxonomy":"product_tag","embeddable":true,"href":"https:\/\/stoic-curie.212-227-153-4.plesk.page\/hr\/wp-json\/wp\/v2\/product_tag?post=3691727"}],"curies":[{"name":"wp","href":"https:\/\/api.w.org\/{rel}","templated":true}]}}