{"id":3691730,"date":"2025-10-13T13:48:32","date_gmt":"2025-10-13T17:48:32","guid":{"rendered":"https:\/\/stoic-curie.212-227-153-4.plesk.page\/product\/prolaz-kroz-trup-za-drenazu-nehrdajuci-celik-1-x-30-mm\/"},"modified":"2026-02-25T00:01:12","modified_gmt":"2026-02-25T00:01:12","slug":"prolaz-kroz-trup-za-drenazu-nehrdajuci-celik-1-x-30-mm","status":"publish","type":"product","link":"https:\/\/stoic-curie.212-227-153-4.plesk.page\/hr\/product\/prolaz-kroz-trup-za-drenazu-nehrdajuci-celik-1-x-30-mm\/","title":{"rendered":"Prolaz kroz trup za drena\u017eu, nehr\u0111aju\u0107i \u010delik, 1 &#8221; x 30 mm"},"content":{"rendered":"<p>Prolaz kroz trup za drena\u017eu, nehr\u0111aju\u0107i \u010delik, 1 &#8221; x 30 mm &#8211; <\/p>\n<p>Konektor od nehr\u0111aju\u0107eg \u010delika za crijevo kroz trup.<\/p>\n","protected":false},"excerpt":{"rendered":"<p>Prolaz kroz trup za drena\u017eu, nehr\u0111aju\u0107i \u010delik, 1 &#8221; x 30 mm &#8211; Konektor od nehr\u0111aju\u0107eg \u010delika za crijevo kroz<\/p>\n","protected":false},"featured_media":5938700,"comment_status":"closed","ping_status":"closed","template":"","meta":[],"product_brand":[3356],"product_cat":[1666,1665],"product_tag":[],"class_list":{"0":"post-3691730","1":"product","2":"type-product","3":"status-publish","4":"has-post-thumbnail","6":"product_brand-seaflow-hr","7":"product_cat-brodski-prolazi-kroz-trup","8":"product_cat-brodski-vodovodni-elementi-nehrdajuci","10":"first","11":"instock","12":"shipping-taxable","13":"purchasable","14":"product-type-simple"},"_links":{"self":[{"href":"https:\/\/stoic-curie.212-227-153-4.plesk.page\/hr\/wp-json\/wp\/v2\/product\/3691730","targetHints":{"allow":["GET"]}}],"collection":[{"href":"https:\/\/stoic-curie.212-227-153-4.plesk.page\/hr\/wp-json\/wp\/v2\/product"}],"about":[{"href":"https:\/\/stoic-curie.212-227-153-4.plesk.page\/hr\/wp-json\/wp\/v2\/types\/product"}],"replies":[{"embeddable":true,"href":"https:\/\/stoic-curie.212-227-153-4.plesk.page\/hr\/wp-json\/wp\/v2\/comments?post=3691730"}],"version-history":[{"count":0,"href":"https:\/\/stoic-curie.212-227-153-4.plesk.page\/hr\/wp-json\/wp\/v2\/product\/3691730\/revisions"}],"wp:featuredmedia":[{"embeddable":true,"href":"https:\/\/stoic-curie.212-227-153-4.plesk.page\/hr\/wp-json\/wp\/v2\/media\/5938700"}],"wp:attachment":[{"href":"https:\/\/stoic-curie.212-227-153-4.plesk.page\/hr\/wp-json\/wp\/v2\/media?parent=3691730"}],"wp:term":[{"taxonomy":"product_brand","embeddable":true,"href":"https:\/\/stoic-curie.212-227-153-4.plesk.page\/hr\/wp-json\/wp\/v2\/product_brand?post=3691730"},{"taxonomy":"product_cat","embeddable":true,"href":"https:\/\/stoic-curie.212-227-153-4.plesk.page\/hr\/wp-json\/wp\/v2\/product_cat?post=3691730"},{"taxonomy":"product_tag","embeddable":true,"href":"https:\/\/stoic-curie.212-227-153-4.plesk.page\/hr\/wp-json\/wp\/v2\/product_tag?post=3691730"}],"curies":[{"name":"wp","href":"https:\/\/api.w.org\/{rel}","templated":true}]}}