{"id":3691731,"date":"2025-10-13T13:48:32","date_gmt":"2025-10-13T17:48:32","guid":{"rendered":"https:\/\/stoic-curie.212-227-153-4.plesk.page\/product\/kabel-od-nehrdajuceg-celika-7-x-19-3-mm\/"},"modified":"2026-02-25T00:01:12","modified_gmt":"2026-02-25T00:01:12","slug":"kabel-od-nehrdajuceg-celika-7-x-19-3-mm","status":"publish","type":"product","link":"https:\/\/stoic-curie.212-227-153-4.plesk.page\/hr\/product\/kabel-od-nehrdajuceg-celika-7-x-19-3-mm\/","title":{"rendered":"Kabel od nehr\u0111aju\u0107eg \u010delika (7 x 19) 3 mm"},"content":{"rendered":"<p>Kabel od nehr\u0111aju\u0107eg \u010delika (7 x 19) 3 mm &#8211; <\/p>\n<p>\u017dica od nehr\u0111aju\u0107eg \u010delika 316 s 133 \u017eice dostupna u kolutu od 50 m. Superiorna kvaliteta, provjerena i testirana.<\/p>\n","protected":false},"excerpt":{"rendered":"<p>Kabel od nehr\u0111aju\u0107eg \u010delika (7 x 19) 3 mm &#8211; \u017dica od nehr\u0111aju\u0107eg \u010delika 316 s 133 \u017eice dostupna u<\/p>\n","protected":false},"featured_media":5940873,"comment_status":"closed","ping_status":"closed","template":"","meta":[],"product_brand":[3121],"product_cat":[1679,1756],"product_tag":[],"class_list":{"0":"post-3691731","1":"product","2":"type-product","3":"status-publish","4":"has-post-thumbnail","6":"product_brand-marinetech-hr","7":"product_cat-celicno-uze-od-nehrdajuceg-celika","8":"product_cat-pripone-za-jedrilice","10":"first","11":"instock","12":"shipping-taxable","13":"purchasable","14":"product-type-simple"},"_links":{"self":[{"href":"https:\/\/stoic-curie.212-227-153-4.plesk.page\/hr\/wp-json\/wp\/v2\/product\/3691731","targetHints":{"allow":["GET"]}}],"collection":[{"href":"https:\/\/stoic-curie.212-227-153-4.plesk.page\/hr\/wp-json\/wp\/v2\/product"}],"about":[{"href":"https:\/\/stoic-curie.212-227-153-4.plesk.page\/hr\/wp-json\/wp\/v2\/types\/product"}],"replies":[{"embeddable":true,"href":"https:\/\/stoic-curie.212-227-153-4.plesk.page\/hr\/wp-json\/wp\/v2\/comments?post=3691731"}],"version-history":[{"count":0,"href":"https:\/\/stoic-curie.212-227-153-4.plesk.page\/hr\/wp-json\/wp\/v2\/product\/3691731\/revisions"}],"wp:featuredmedia":[{"embeddable":true,"href":"https:\/\/stoic-curie.212-227-153-4.plesk.page\/hr\/wp-json\/wp\/v2\/media\/5940873"}],"wp:attachment":[{"href":"https:\/\/stoic-curie.212-227-153-4.plesk.page\/hr\/wp-json\/wp\/v2\/media?parent=3691731"}],"wp:term":[{"taxonomy":"product_brand","embeddable":true,"href":"https:\/\/stoic-curie.212-227-153-4.plesk.page\/hr\/wp-json\/wp\/v2\/product_brand?post=3691731"},{"taxonomy":"product_cat","embeddable":true,"href":"https:\/\/stoic-curie.212-227-153-4.plesk.page\/hr\/wp-json\/wp\/v2\/product_cat?post=3691731"},{"taxonomy":"product_tag","embeddable":true,"href":"https:\/\/stoic-curie.212-227-153-4.plesk.page\/hr\/wp-json\/wp\/v2\/product_tag?post=3691731"}],"curies":[{"name":"wp","href":"https:\/\/api.w.org\/{rel}","templated":true}]}}