{"id":3691735,"date":"2025-10-13T13:48:33","date_gmt":"2025-10-13T17:48:33","guid":{"rendered":"https:\/\/stoic-curie.212-227-153-4.plesk.page\/product\/crc-teflub-spray-400ml\/"},"modified":"2026-02-25T00:01:12","modified_gmt":"2026-02-25T00:01:12","slug":"crc-teflub-spray-400ml","status":"publish","type":"product","link":"https:\/\/stoic-curie.212-227-153-4.plesk.page\/hr\/product\/crc-teflub-spray-400ml\/","title":{"rendered":"CRC Teflub Spray 400ml"},"content":{"rendered":"<p>CRC Teflub Spray 400ml &#8211; <\/p>\n<p>Teflub bijela mast na bazi \u010dvrstog PTFE lubrikanta s produljenim djelovanjem. Smanjuje koeficijent trenja i jam\u010di mehani\u010dka svojstva protiv habanja i zastoja. Sadr\u017ei inhibitore korozije, otporna je na pranje \u010dak i na visokim temperaturama do 90 \u00c2\u00b0. Radna temperatura od -20 do +160 \u00c2\u00b0C. Specifi\u010dno za metalne i plasti\u010dne spojeve, za hardver, brodske motore i bilo koju komponentu izlo\u017eenu kondenzaciji, ki\u0161i ili mlazovima vode.<\/p>\n","protected":false},"excerpt":{"rendered":"<p>CRC Teflub Spray 400ml &#8211; Teflub bijela mast na bazi \u010dvrstog PTFE lubrikanta s produljenim djelovanjem. Smanjuje koeficijent trenja i<\/p>\n","protected":false},"featured_media":5946082,"comment_status":"closed","ping_status":"closed","template":"","meta":[],"product_brand":[2871],"product_cat":[1795],"product_tag":[],"class_list":{"0":"post-3691735","1":"product","2":"type-product","3":"status-publish","4":"has-post-thumbnail","6":"product_brand-crc-marine-hr","7":"product_cat-brodska-maziva","9":"first","10":"instock","11":"shipping-taxable","12":"purchasable","13":"product-type-simple"},"_links":{"self":[{"href":"https:\/\/stoic-curie.212-227-153-4.plesk.page\/hr\/wp-json\/wp\/v2\/product\/3691735","targetHints":{"allow":["GET"]}}],"collection":[{"href":"https:\/\/stoic-curie.212-227-153-4.plesk.page\/hr\/wp-json\/wp\/v2\/product"}],"about":[{"href":"https:\/\/stoic-curie.212-227-153-4.plesk.page\/hr\/wp-json\/wp\/v2\/types\/product"}],"replies":[{"embeddable":true,"href":"https:\/\/stoic-curie.212-227-153-4.plesk.page\/hr\/wp-json\/wp\/v2\/comments?post=3691735"}],"version-history":[{"count":0,"href":"https:\/\/stoic-curie.212-227-153-4.plesk.page\/hr\/wp-json\/wp\/v2\/product\/3691735\/revisions"}],"wp:featuredmedia":[{"embeddable":true,"href":"https:\/\/stoic-curie.212-227-153-4.plesk.page\/hr\/wp-json\/wp\/v2\/media\/5946082"}],"wp:attachment":[{"href":"https:\/\/stoic-curie.212-227-153-4.plesk.page\/hr\/wp-json\/wp\/v2\/media?parent=3691735"}],"wp:term":[{"taxonomy":"product_brand","embeddable":true,"href":"https:\/\/stoic-curie.212-227-153-4.plesk.page\/hr\/wp-json\/wp\/v2\/product_brand?post=3691735"},{"taxonomy":"product_cat","embeddable":true,"href":"https:\/\/stoic-curie.212-227-153-4.plesk.page\/hr\/wp-json\/wp\/v2\/product_cat?post=3691735"},{"taxonomy":"product_tag","embeddable":true,"href":"https:\/\/stoic-curie.212-227-153-4.plesk.page\/hr\/wp-json\/wp\/v2\/product_tag?post=3691735"}],"curies":[{"name":"wp","href":"https:\/\/api.w.org\/{rel}","templated":true}]}}