{"id":3691736,"date":"2025-10-13T13:48:34","date_gmt":"2025-10-13T17:48:34","guid":{"rendered":"https:\/\/stoic-curie.212-227-153-4.plesk.page\/product\/prikljucak-goriva-mercury-mariner-75-115-ks-22-816856q-3\/"},"modified":"2026-02-25T00:01:12","modified_gmt":"2026-02-25T00:01:12","slug":"prikljucak-goriva-mercury-mariner-75-115-ks-22-816856q-3","status":"publish","type":"product","link":"https:\/\/stoic-curie.212-227-153-4.plesk.page\/hr\/product\/prikljucak-goriva-mercury-mariner-75-115-ks-22-816856q-3\/","title":{"rendered":"Prikljucak goriva Mercury Mariner 75-115 ks 22-816856Q 3"},"content":{"rendered":"<p>Prikljucak goriva Mercury Mariner 75-115 ks 22-816856Q 3 &#8211; <\/p>\n<h2 class=\"ProductDescription__title\">Opis<\/h2>\n<div class=\"ProductDescription__text\">\n<div itemprop=\"description\">\n<ul>\n<li>Pri\u010dvr\u0161\u0107uje se na motor za kori\u0161tenje brze spojnice, tipa pri\u010dvr\u0161\u0107enja klipom.<\/li>\n<li>Uklju\u010duje spojnicu za gorivo i stezanje crijeva.<\/li>\n<li>Zamijenite starije gorivne cijevi i primarise prilikom zamjene va\u0161e veze.<\/li>\n<li>Proizvedeno od strane Mercury Marine prema na\u0161im strogim specifikacijama proizvo\u0111a\u010da originalne opreme kako bi maksimalno pove\u0107alo performanse va\u0161eg Mercury ili Mariner izvanbrodskog motora ili MerCruiser pogona.<\/li>\n<\/ul>\n<ul>\n<li><span class=\"import_usa\">Uvezeno iz SAD-a<\/span>.<\/li>\n<\/ul>\n<p>Kitski spojnik za brzu isklju\u010divanje je za sve Mercury i<br \/>Mariner vanbrodske motore kako bi koristili prihvat koji se brzo isklju\u010duje, tipa klipa. Crijevo za gorivo je za 5\/16&#8243; (8mm) ID gorivo<\/p>\n<\/div>\n<\/div>\n<\/div>\n","protected":false},"excerpt":{"rendered":"<p>Prikljucak goriva Mercury Mariner 75-115 ks 22-816856Q 3 &#8211; Opis Pri\u010dvr\u0161\u0107uje se na motor za kori\u0161tenje brze spojnice, tipa pri\u010dvr\u0161\u0107enja<\/p>\n","protected":false},"featured_media":5946083,"comment_status":"closed","ping_status":"closed","template":"","meta":[],"product_brand":[3286],"product_cat":[1827,1815],"product_tag":[],"class_list":{"0":"post-3691736","1":"product","2":"type-product","3":"status-publish","4":"has-post-thumbnail","6":"product_brand-quicksilver-hr","7":"product_cat-dodatna-oprema-za-vanbrodske-motore","8":"product_cat-rezervni-dijelovi-za-vanbrodske-motore-mercury-i-mariner","10":"first","11":"instock","12":"shipping-taxable","13":"purchasable","14":"product-type-simple"},"_links":{"self":[{"href":"https:\/\/stoic-curie.212-227-153-4.plesk.page\/hr\/wp-json\/wp\/v2\/product\/3691736","targetHints":{"allow":["GET"]}}],"collection":[{"href":"https:\/\/stoic-curie.212-227-153-4.plesk.page\/hr\/wp-json\/wp\/v2\/product"}],"about":[{"href":"https:\/\/stoic-curie.212-227-153-4.plesk.page\/hr\/wp-json\/wp\/v2\/types\/product"}],"replies":[{"embeddable":true,"href":"https:\/\/stoic-curie.212-227-153-4.plesk.page\/hr\/wp-json\/wp\/v2\/comments?post=3691736"}],"version-history":[{"count":0,"href":"https:\/\/stoic-curie.212-227-153-4.plesk.page\/hr\/wp-json\/wp\/v2\/product\/3691736\/revisions"}],"wp:featuredmedia":[{"embeddable":true,"href":"https:\/\/stoic-curie.212-227-153-4.plesk.page\/hr\/wp-json\/wp\/v2\/media\/5946083"}],"wp:attachment":[{"href":"https:\/\/stoic-curie.212-227-153-4.plesk.page\/hr\/wp-json\/wp\/v2\/media?parent=3691736"}],"wp:term":[{"taxonomy":"product_brand","embeddable":true,"href":"https:\/\/stoic-curie.212-227-153-4.plesk.page\/hr\/wp-json\/wp\/v2\/product_brand?post=3691736"},{"taxonomy":"product_cat","embeddable":true,"href":"https:\/\/stoic-curie.212-227-153-4.plesk.page\/hr\/wp-json\/wp\/v2\/product_cat?post=3691736"},{"taxonomy":"product_tag","embeddable":true,"href":"https:\/\/stoic-curie.212-227-153-4.plesk.page\/hr\/wp-json\/wp\/v2\/product_tag?post=3691736"}],"curies":[{"name":"wp","href":"https:\/\/api.w.org\/{rel}","templated":true}]}}