{"id":3691739,"date":"2025-10-13T13:48:35","date_gmt":"2025-10-13T17:48:35","guid":{"rendered":"https:\/\/stoic-curie.212-227-153-4.plesk.page\/product\/kabel-od-nehrdajuceg-celika-s-pvc-navlakom-4-x-8-mm\/"},"modified":"2026-02-25T00:01:12","modified_gmt":"2026-02-25T00:01:12","slug":"kabel-od-nehrdajuceg-celika-s-pvc-navlakom-4-x-8-mm","status":"publish","type":"product","link":"https:\/\/stoic-curie.212-227-153-4.plesk.page\/hr\/product\/kabel-od-nehrdajuceg-celika-s-pvc-navlakom-4-x-8-mm\/","title":{"rendered":"Kabel od nehr\u0111aju\u0107eg \u010delika s pvc navlakom 4 x 8 mm"},"content":{"rendered":"<p>Kabel od nehr\u0111aju\u0107eg \u010delika s pvc navlakom 4 x 8 mm &#8211; <\/p>\n<p>Konopac od AISI 316 nehr\u0111aju\u0107eg \u010delika prekriven bijelim plasti\u010dnim materijalom, savr\u0161en za battagliolu i rukohvat, u kolutima od 100 m.<\/p>\n","protected":false},"excerpt":{"rendered":"<p>Kabel od nehr\u0111aju\u0107eg \u010delika s pvc navlakom 4 x 8 mm &#8211; Konopac od AISI 316 nehr\u0111aju\u0107eg \u010delika prekriven bijelim<\/p>\n","protected":false},"featured_media":5946093,"comment_status":"closed","ping_status":"closed","template":"","meta":[],"product_brand":[3121],"product_cat":[1679,1756,1758],"product_tag":[],"class_list":{"0":"post-3691739","1":"product","2":"type-product","3":"status-publish","4":"has-post-thumbnail","6":"product_brand-marinetech-hr","7":"product_cat-celicno-uze-od-nehrdajuceg-celika","8":"product_cat-pripone-za-jedrilice","9":"product_cat-stupici-jedrilica","11":"first","12":"instock","13":"shipping-taxable","14":"purchasable","15":"product-type-simple"},"_links":{"self":[{"href":"https:\/\/stoic-curie.212-227-153-4.plesk.page\/hr\/wp-json\/wp\/v2\/product\/3691739","targetHints":{"allow":["GET"]}}],"collection":[{"href":"https:\/\/stoic-curie.212-227-153-4.plesk.page\/hr\/wp-json\/wp\/v2\/product"}],"about":[{"href":"https:\/\/stoic-curie.212-227-153-4.plesk.page\/hr\/wp-json\/wp\/v2\/types\/product"}],"replies":[{"embeddable":true,"href":"https:\/\/stoic-curie.212-227-153-4.plesk.page\/hr\/wp-json\/wp\/v2\/comments?post=3691739"}],"version-history":[{"count":0,"href":"https:\/\/stoic-curie.212-227-153-4.plesk.page\/hr\/wp-json\/wp\/v2\/product\/3691739\/revisions"}],"wp:featuredmedia":[{"embeddable":true,"href":"https:\/\/stoic-curie.212-227-153-4.plesk.page\/hr\/wp-json\/wp\/v2\/media\/5946093"}],"wp:attachment":[{"href":"https:\/\/stoic-curie.212-227-153-4.plesk.page\/hr\/wp-json\/wp\/v2\/media?parent=3691739"}],"wp:term":[{"taxonomy":"product_brand","embeddable":true,"href":"https:\/\/stoic-curie.212-227-153-4.plesk.page\/hr\/wp-json\/wp\/v2\/product_brand?post=3691739"},{"taxonomy":"product_cat","embeddable":true,"href":"https:\/\/stoic-curie.212-227-153-4.plesk.page\/hr\/wp-json\/wp\/v2\/product_cat?post=3691739"},{"taxonomy":"product_tag","embeddable":true,"href":"https:\/\/stoic-curie.212-227-153-4.plesk.page\/hr\/wp-json\/wp\/v2\/product_tag?post=3691739"}],"curies":[{"name":"wp","href":"https:\/\/api.w.org\/{rel}","templated":true}]}}