{"id":3691746,"date":"2025-10-13T13:48:37","date_gmt":"2025-10-13T17:48:37","guid":{"rendered":"https:\/\/stoic-curie.212-227-153-4.plesk.page\/product\/ultraflex-clevis-kraj-za-330-33c-kabel-6-4mm-pin-7-1mm-jaw\/"},"modified":"2026-02-25T00:01:12","modified_gmt":"2026-02-25T00:01:12","slug":"ultraflex-clevis-kraj-za-330-33c-kabel-6-4mm-pin-7-1mm-jaw","status":"publish","type":"product","link":"https:\/\/stoic-curie.212-227-153-4.plesk.page\/hr\/product\/ultraflex-clevis-kraj-za-330-33c-kabel-6-4mm-pin-7-1mm-jaw\/","title":{"rendered":"Ultraflex L22"},"content":{"rendered":"<p>Ultraflex L22 &#8211; Drive Force krajnji clevis za kabel. Galvanizirani \u010deli\u010dni clevis, navoj 3\/16&#8243; za 330\/33C kabele. \u0160irina zuba 7,1 mm s iglom promjera 6,4 mm. Marka: Uflex. Konstrukcija: Galvanizirani \u010delik. Dimenzije: \u0160irina zuba 7,1 mm s iglom promjera 6,4 mm. Rezervni dijelovi i dodaci: Kraj clevisa.<\/p>\n","protected":false},"excerpt":{"rendered":"<p>Ultraflex L22 &#8211; Drive Force krajnji clevis za kabel. Galvanizirani \u010deli\u010dni clevis, navoj 3\/16&#8243; za 330\/33C kabele. \u0160irina zuba 7,1<\/p>\n","protected":false},"featured_media":5946132,"comment_status":"closed","ping_status":"closed","template":"","meta":[],"product_brand":[3501],"product_cat":[1784],"product_tag":[],"class_list":{"0":"post-3691746","1":"product","2":"type-product","3":"status-publish","4":"has-post-thumbnail","6":"product_brand-ultraflex-uflex-hr","7":"product_cat-morse-kabeli-za-upravljanje-motorom","9":"first","10":"instock","11":"shipping-taxable","12":"purchasable","13":"product-type-simple"},"_links":{"self":[{"href":"https:\/\/stoic-curie.212-227-153-4.plesk.page\/hr\/wp-json\/wp\/v2\/product\/3691746","targetHints":{"allow":["GET"]}}],"collection":[{"href":"https:\/\/stoic-curie.212-227-153-4.plesk.page\/hr\/wp-json\/wp\/v2\/product"}],"about":[{"href":"https:\/\/stoic-curie.212-227-153-4.plesk.page\/hr\/wp-json\/wp\/v2\/types\/product"}],"replies":[{"embeddable":true,"href":"https:\/\/stoic-curie.212-227-153-4.plesk.page\/hr\/wp-json\/wp\/v2\/comments?post=3691746"}],"version-history":[{"count":0,"href":"https:\/\/stoic-curie.212-227-153-4.plesk.page\/hr\/wp-json\/wp\/v2\/product\/3691746\/revisions"}],"wp:featuredmedia":[{"embeddable":true,"href":"https:\/\/stoic-curie.212-227-153-4.plesk.page\/hr\/wp-json\/wp\/v2\/media\/5946132"}],"wp:attachment":[{"href":"https:\/\/stoic-curie.212-227-153-4.plesk.page\/hr\/wp-json\/wp\/v2\/media?parent=3691746"}],"wp:term":[{"taxonomy":"product_brand","embeddable":true,"href":"https:\/\/stoic-curie.212-227-153-4.plesk.page\/hr\/wp-json\/wp\/v2\/product_brand?post=3691746"},{"taxonomy":"product_cat","embeddable":true,"href":"https:\/\/stoic-curie.212-227-153-4.plesk.page\/hr\/wp-json\/wp\/v2\/product_cat?post=3691746"},{"taxonomy":"product_tag","embeddable":true,"href":"https:\/\/stoic-curie.212-227-153-4.plesk.page\/hr\/wp-json\/wp\/v2\/product_tag?post=3691746"}],"curies":[{"name":"wp","href":"https:\/\/api.w.org\/{rel}","templated":true}]}}