{"id":3691748,"date":"2025-10-13T13:48:38","date_gmt":"2025-10-13T17:48:38","guid":{"rendered":"https:\/\/stoic-curie.212-227-153-4.plesk.page\/product\/ultraflex-x34w-kit-za-ugradnju-kola-kormila-white-90-degrees\/"},"modified":"2026-02-25T00:01:12","modified_gmt":"2026-02-25T00:01:12","slug":"ultraflex-x34w-kit-za-ugradnju-kola-kormila-white-90-degrees","status":"publish","type":"product","link":"https:\/\/stoic-curie.212-227-153-4.plesk.page\/hr\/product\/ultraflex-x34w-kit-za-ugradnju-kola-kormila-white-90-degrees\/","title":{"rendered":"Ultraflex X34W Kit za ugradnju kola kormila (White \/ 90 Degrees)"},"content":{"rendered":"<p>Ultraflex X34W Kit za ugradnju kola kormila (White \/ 90 Degrees) &#8211; <\/p>\n<div class=\"col-24 col-md-15\">Uflex okvir kit se montira izme\u0111u volana i armaturne plo\u010de. Ovaj plasti\u010dni okvir pokriva hardver upravlja\u010da i daje va\u0161em volanu profesionalan izgled. Uflex X34W je bijeli plasti\u010dni okvir postavljen pod kutom od 90\u00b0. Ovaj okvir je prikladan za kori\u0161tenje sa sljede\u0107im Uflex upravlja\u010dima: G86, G88NR, T71FC, T72FC, T73NRFC, T74NRFC, T86, T88NR, T91 i T93ZT. Okvir upravlja\u010da Uflex pogodan je za maksimalni promjer volana od 406 mm (16&#8243;) i maksimalnu udubljenost volana od 127 mm (5&#8243;).<\/div>\n<p><\/p>\n<table class=\"table\">\n<tbody>\n<tr>\n<td><strong>Brand<\/strong><\/td>\n<td>Uflex<\/td>\n<\/tr>\n<tr>\n<td><strong>Upravlja\u010dki okvir<\/strong><\/td>\n<td>Okviri<\/td>\n<\/tr>\n<tr>\n<td><strong>Kut<\/strong><\/td>\n<td>Okvir: 90\u00b0<\/td>\n<\/tr>\n<tr>\n<td><strong>Materijal<\/strong><\/td>\n<td>Plastika<\/td>\n<\/tr>\n<tr>\n<td><strong>Model<\/strong><\/td>\n<td>X34W<\/td>\n<\/tr>\n<tr>\n<td><strong>Zamjenjuje<\/strong><\/td>\n<td>612093 &#8211; Multiflex LM-B-1W okvir upravlja\u010da<\/td>\n<\/tr>\n<\/tbody>\n<\/table>\n","protected":false},"excerpt":{"rendered":"<p>Ultraflex X34W Kit za ugradnju kola kormila (White \/ 90 Degrees) &#8211; Uflex okvir kit se montira izme\u0111u volana i<\/p>\n","protected":false},"featured_media":5946146,"comment_status":"closed","ping_status":"closed","template":"","meta":[],"product_brand":[3501],"product_cat":[1828],"product_tag":[],"class_list":{"0":"post-3691748","1":"product","2":"type-product","3":"status-publish","4":"has-post-thumbnail","6":"product_brand-ultraflex-uflex-hr","7":"product_cat-kormilarski-uredaji-sa-sajlom","9":"first","10":"instock","11":"shipping-taxable","12":"purchasable","13":"product-type-simple"},"_links":{"self":[{"href":"https:\/\/stoic-curie.212-227-153-4.plesk.page\/hr\/wp-json\/wp\/v2\/product\/3691748","targetHints":{"allow":["GET"]}}],"collection":[{"href":"https:\/\/stoic-curie.212-227-153-4.plesk.page\/hr\/wp-json\/wp\/v2\/product"}],"about":[{"href":"https:\/\/stoic-curie.212-227-153-4.plesk.page\/hr\/wp-json\/wp\/v2\/types\/product"}],"replies":[{"embeddable":true,"href":"https:\/\/stoic-curie.212-227-153-4.plesk.page\/hr\/wp-json\/wp\/v2\/comments?post=3691748"}],"version-history":[{"count":0,"href":"https:\/\/stoic-curie.212-227-153-4.plesk.page\/hr\/wp-json\/wp\/v2\/product\/3691748\/revisions"}],"wp:featuredmedia":[{"embeddable":true,"href":"https:\/\/stoic-curie.212-227-153-4.plesk.page\/hr\/wp-json\/wp\/v2\/media\/5946146"}],"wp:attachment":[{"href":"https:\/\/stoic-curie.212-227-153-4.plesk.page\/hr\/wp-json\/wp\/v2\/media?parent=3691748"}],"wp:term":[{"taxonomy":"product_brand","embeddable":true,"href":"https:\/\/stoic-curie.212-227-153-4.plesk.page\/hr\/wp-json\/wp\/v2\/product_brand?post=3691748"},{"taxonomy":"product_cat","embeddable":true,"href":"https:\/\/stoic-curie.212-227-153-4.plesk.page\/hr\/wp-json\/wp\/v2\/product_cat?post=3691748"},{"taxonomy":"product_tag","embeddable":true,"href":"https:\/\/stoic-curie.212-227-153-4.plesk.page\/hr\/wp-json\/wp\/v2\/product_tag?post=3691748"}],"curies":[{"name":"wp","href":"https:\/\/api.w.org\/{rel}","templated":true}]}}