{"id":3691773,"date":"2025-10-13T13:48:45","date_gmt":"2025-10-13T17:48:45","guid":{"rendered":"https:\/\/stoic-curie.212-227-153-4.plesk.page\/product\/nehrdajuci-sidreni-konektor-kong-8-12mm\/"},"modified":"2026-02-25T00:01:12","modified_gmt":"2026-02-25T00:01:12","slug":"nehrdajuci-sidreni-konektor-kong-8-12mm","status":"publish","type":"product","link":"https:\/\/stoic-curie.212-227-153-4.plesk.page\/hr\/product\/nehrdajuci-sidreni-konektor-kong-8-12mm\/","title":{"rendered":"Nehr\u0111aju\u0107i sidreni konektor Kong 8-12mm"},"content":{"rendered":"<p>Nehr\u0111aju\u0107i sidreni konektor Kong 8-12mm &#8211; <\/p>\n<p>Visoko kvalitetna fiksna spojka od 316 nehr\u0111aju\u0107eg \u010delika. Pomi\u010de se glatko preko sidrenih valjaka, pravilno postavlja sidro i sprje\u010dava zaplitanje lanca. BL = Optere\u0107enje loma u vertikalnoj vu\u010di. Optere\u0107enje loma bo\u010dnog savijanja je 1\/3 od vertikalnog vu\u010dnog optere\u0107enja.<\/p>\n","protected":false},"excerpt":{"rendered":"<p>Nehr\u0111aju\u0107i sidreni konektor Kong 8-12mm &#8211; Visoko kvalitetna fiksna spojka od 316 nehr\u0111aju\u0107eg \u010delika. Pomi\u010de se glatko preko sidrenih valjaka,<\/p>\n","protected":false},"featured_media":5946214,"comment_status":"closed","ping_status":"closed","template":"","meta":[],"product_brand":[3051],"product_cat":[1865],"product_tag":[],"class_list":{"0":"post-3691773","1":"product","2":"type-product","3":"status-publish","4":"has-post-thumbnail","6":"product_brand-kong-hr","7":"product_cat-vrtuljci-za-sidra","9":"first","10":"instock","11":"shipping-taxable","12":"purchasable","13":"product-type-simple"},"_links":{"self":[{"href":"https:\/\/stoic-curie.212-227-153-4.plesk.page\/hr\/wp-json\/wp\/v2\/product\/3691773","targetHints":{"allow":["GET"]}}],"collection":[{"href":"https:\/\/stoic-curie.212-227-153-4.plesk.page\/hr\/wp-json\/wp\/v2\/product"}],"about":[{"href":"https:\/\/stoic-curie.212-227-153-4.plesk.page\/hr\/wp-json\/wp\/v2\/types\/product"}],"replies":[{"embeddable":true,"href":"https:\/\/stoic-curie.212-227-153-4.plesk.page\/hr\/wp-json\/wp\/v2\/comments?post=3691773"}],"version-history":[{"count":0,"href":"https:\/\/stoic-curie.212-227-153-4.plesk.page\/hr\/wp-json\/wp\/v2\/product\/3691773\/revisions"}],"wp:featuredmedia":[{"embeddable":true,"href":"https:\/\/stoic-curie.212-227-153-4.plesk.page\/hr\/wp-json\/wp\/v2\/media\/5946214"}],"wp:attachment":[{"href":"https:\/\/stoic-curie.212-227-153-4.plesk.page\/hr\/wp-json\/wp\/v2\/media?parent=3691773"}],"wp:term":[{"taxonomy":"product_brand","embeddable":true,"href":"https:\/\/stoic-curie.212-227-153-4.plesk.page\/hr\/wp-json\/wp\/v2\/product_brand?post=3691773"},{"taxonomy":"product_cat","embeddable":true,"href":"https:\/\/stoic-curie.212-227-153-4.plesk.page\/hr\/wp-json\/wp\/v2\/product_cat?post=3691773"},{"taxonomy":"product_tag","embeddable":true,"href":"https:\/\/stoic-curie.212-227-153-4.plesk.page\/hr\/wp-json\/wp\/v2\/product_tag?post=3691773"}],"curies":[{"name":"wp","href":"https:\/\/api.w.org\/{rel}","templated":true}]}}