{"id":3691781,"date":"2025-10-13T13:48:47","date_gmt":"2025-10-13T17:48:47","guid":{"rendered":"https:\/\/stoic-curie.212-227-153-4.plesk.page\/product\/zavrsna-kapa-za-fiksno-postolje-za-stolove-garelick\/"},"modified":"2026-02-25T00:01:12","modified_gmt":"2026-02-25T00:01:12","slug":"zavrsna-kapa-za-fiksno-postolje-za-stolove-garelick","status":"publish","type":"product","link":"https:\/\/stoic-curie.212-227-153-4.plesk.page\/hr\/product\/zavrsna-kapa-za-fiksno-postolje-za-stolove-garelick\/","title":{"rendered":"Zavr\u0161na kapa za fiksno postolje za stolove Garelick"},"content":{"rendered":"<p>Zavr\u0161na kapa za fiksno postolje za stolove Garelick &#8211; <\/p>\n<p>Fiksna visina stola od anodiziranog aluminija s satenskim zavr\u0161etkom. Opcionalna uvu\u010dena baza omogu\u0107uje pomicanje potpore na drugu poziciju ili njezino uklanjanje iz glavne pozicije kako bi se slobodan pod odr\u017eao. Promjer cijevi 60 mm, promjer baze 180 mm.<\/p>\n","protected":false},"excerpt":{"rendered":"<p>Zavr\u0161na kapa za fiksno postolje za stolove Garelick &#8211; Fiksna visina stola od anodiziranog aluminija s satenskim zavr\u0161etkom. Opcionalna uvu\u010dena<\/p>\n","protected":false},"featured_media":5946223,"comment_status":"closed","ping_status":"closed","template":"","meta":[],"product_brand":[2966],"product_cat":[1642],"product_tag":[],"class_list":{"0":"post-3691781","1":"product","2":"type-product","3":"status-publish","4":"has-post-thumbnail","6":"product_brand-garelick-hr","7":"product_cat-brodske-stolice-i-stolovi","9":"first","10":"instock","11":"shipping-taxable","12":"purchasable","13":"product-type-simple"},"_links":{"self":[{"href":"https:\/\/stoic-curie.212-227-153-4.plesk.page\/hr\/wp-json\/wp\/v2\/product\/3691781","targetHints":{"allow":["GET"]}}],"collection":[{"href":"https:\/\/stoic-curie.212-227-153-4.plesk.page\/hr\/wp-json\/wp\/v2\/product"}],"about":[{"href":"https:\/\/stoic-curie.212-227-153-4.plesk.page\/hr\/wp-json\/wp\/v2\/types\/product"}],"replies":[{"embeddable":true,"href":"https:\/\/stoic-curie.212-227-153-4.plesk.page\/hr\/wp-json\/wp\/v2\/comments?post=3691781"}],"version-history":[{"count":0,"href":"https:\/\/stoic-curie.212-227-153-4.plesk.page\/hr\/wp-json\/wp\/v2\/product\/3691781\/revisions"}],"wp:featuredmedia":[{"embeddable":true,"href":"https:\/\/stoic-curie.212-227-153-4.plesk.page\/hr\/wp-json\/wp\/v2\/media\/5946223"}],"wp:attachment":[{"href":"https:\/\/stoic-curie.212-227-153-4.plesk.page\/hr\/wp-json\/wp\/v2\/media?parent=3691781"}],"wp:term":[{"taxonomy":"product_brand","embeddable":true,"href":"https:\/\/stoic-curie.212-227-153-4.plesk.page\/hr\/wp-json\/wp\/v2\/product_brand?post=3691781"},{"taxonomy":"product_cat","embeddable":true,"href":"https:\/\/stoic-curie.212-227-153-4.plesk.page\/hr\/wp-json\/wp\/v2\/product_cat?post=3691781"},{"taxonomy":"product_tag","embeddable":true,"href":"https:\/\/stoic-curie.212-227-153-4.plesk.page\/hr\/wp-json\/wp\/v2\/product_tag?post=3691781"}],"curies":[{"name":"wp","href":"https:\/\/api.w.org\/{rel}","templated":true}]}}