{"id":3691786,"date":"2025-10-13T13:48:48","date_gmt":"2025-10-13T17:48:48","guid":{"rendered":"https:\/\/stoic-curie.212-227-153-4.plesk.page\/product\/nehrdajuca-rucka-tipa-h-type-230-mm\/"},"modified":"2026-02-25T00:01:13","modified_gmt":"2026-02-25T00:01:13","slug":"nehrdajuca-rucka-tipa-h-type-230-mm","status":"publish","type":"product","link":"https:\/\/stoic-curie.212-227-153-4.plesk.page\/hr\/product\/nehrdajuca-rucka-tipa-h-type-230-mm\/","title":{"rendered":"Nehr\u0111aju\u0107a ru\u010dka tipa H-Type 230 mm"},"content":{"rendered":"<p>Nehr\u0111aju\u0107a ru\u010dka tipa H-Type 230 mm &#8211; <\/p>\n<p>Ru handle od nehr\u0111aju\u0107eg \u010delika s perforiranim bazama, idealno za popre\u010dna optere\u0107enja. Dimenzije baze 42 x 64 mm.<\/p>\n","protected":false},"excerpt":{"rendered":"<p>Nehr\u0111aju\u0107a ru\u010dka tipa H-Type 230 mm &#8211; Ru handle od nehr\u0111aju\u0107eg \u010delika s perforiranim bazama, idealno za popre\u010dna optere\u0107enja. Dimenzije<\/p>\n","protected":false},"featured_media":5946235,"comment_status":"closed","ping_status":"closed","template":"","meta":[],"product_brand":[3121],"product_cat":[1707],"product_tag":[],"class_list":{"0":"post-3691786","1":"product","2":"type-product","3":"status-publish","4":"has-post-thumbnail","6":"product_brand-marinetech-hr","7":"product_cat-brodski-rukohvati","9":"first","10":"instock","11":"shipping-taxable","12":"purchasable","13":"product-type-simple"},"_links":{"self":[{"href":"https:\/\/stoic-curie.212-227-153-4.plesk.page\/hr\/wp-json\/wp\/v2\/product\/3691786","targetHints":{"allow":["GET"]}}],"collection":[{"href":"https:\/\/stoic-curie.212-227-153-4.plesk.page\/hr\/wp-json\/wp\/v2\/product"}],"about":[{"href":"https:\/\/stoic-curie.212-227-153-4.plesk.page\/hr\/wp-json\/wp\/v2\/types\/product"}],"replies":[{"embeddable":true,"href":"https:\/\/stoic-curie.212-227-153-4.plesk.page\/hr\/wp-json\/wp\/v2\/comments?post=3691786"}],"version-history":[{"count":0,"href":"https:\/\/stoic-curie.212-227-153-4.plesk.page\/hr\/wp-json\/wp\/v2\/product\/3691786\/revisions"}],"wp:featuredmedia":[{"embeddable":true,"href":"https:\/\/stoic-curie.212-227-153-4.plesk.page\/hr\/wp-json\/wp\/v2\/media\/5946235"}],"wp:attachment":[{"href":"https:\/\/stoic-curie.212-227-153-4.plesk.page\/hr\/wp-json\/wp\/v2\/media?parent=3691786"}],"wp:term":[{"taxonomy":"product_brand","embeddable":true,"href":"https:\/\/stoic-curie.212-227-153-4.plesk.page\/hr\/wp-json\/wp\/v2\/product_brand?post=3691786"},{"taxonomy":"product_cat","embeddable":true,"href":"https:\/\/stoic-curie.212-227-153-4.plesk.page\/hr\/wp-json\/wp\/v2\/product_cat?post=3691786"},{"taxonomy":"product_tag","embeddable":true,"href":"https:\/\/stoic-curie.212-227-153-4.plesk.page\/hr\/wp-json\/wp\/v2\/product_tag?post=3691786"}],"curies":[{"name":"wp","href":"https:\/\/api.w.org\/{rel}","templated":true}]}}