{"id":3691788,"date":"2025-10-13T13:48:48","date_gmt":"2025-10-13T17:48:48","guid":{"rendered":"https:\/\/stoic-curie.212-227-153-4.plesk.page\/product\/topla-bijela-led-zarulja-g4-10v-30v-1-w\/"},"modified":"2026-02-25T00:01:13","modified_gmt":"2026-02-25T00:01:13","slug":"topla-bijela-led-zarulja-g4-10v-30v-1-w","status":"publish","type":"product","link":"https:\/\/stoic-curie.212-227-153-4.plesk.page\/hr\/product\/topla-bijela-led-zarulja-g4-10v-30v-1-w\/","title":{"rendered":"Topla bijela LED \u017earulja G4 (10V &#8211; 30V \/ 1 W)"},"content":{"rendered":"<p>Topla bijela LED \u017earulja G4 (10V &#8211; 30V \/ 1 W) &#8211; <\/p>\n<div class=\"col-24 col-md-15\">\n<p>Ova LED \u017earulja idealna je za zamjenu halogenih \u017earulja u \u010damcima, karavanima ili unutarnjim rasvjetama kamperskih vozila. Ova LED \u017earulja ima G4 osnovu sa dva kontakta, s tim da su 2 kontakta udaljena 4 mm s jedne strane baze. G4 svjetla obi\u010dno se koriste u stropnim svjetlima, zidnim svjetlima, reflektorima i lampama za \u010ditanje.<\/p>\n<p>Ova \u017earulja s 6 LED dioda dizajnirana je da se postavi bo\u010dno u le\u017ei\u0161te jer se le\u017ei\u0161te izbo\u010duje sa strane. Ima oblik diska, \u0161to je najbolje za fokusiranje svjetlosti u jednom smjeru. G4 LED se mo\u017ee koristiti za uskla\u0111ivanje svjetlosnog toka halogene \u017earulje od 10W, dok tro\u0161i samo 1W!<\/p>\n<\/div>\n<p><\/p>\n<table class=\"table\">\n<tbody>\n<tr>\n<td><strong>Lumeni<\/strong><\/td>\n<td>129<\/td>\n<\/tr>\n<tr>\n<td><strong>Tip<\/strong><\/td>\n<td>LED<\/td>\n<\/tr>\n<tr>\n<td><strong>Napon<\/strong><\/td>\n<td>10V &#8211; 30V DC<\/td>\n<\/tr>\n<tr>\n<td><strong>Snaga<\/strong><\/td>\n<td>1.0W<\/td>\n<\/tr>\n<tr>\n<td><strong>Brand<\/strong><\/td>\n<td>Aten Lighting<\/td>\n<\/tr>\n<tr>\n<td><strong>\u017darulja<\/strong><\/td>\n<td>LED<\/td>\n<\/tr>\n<tr>\n<td><strong>Fitting<\/strong><\/td>\n<td>G4<\/td>\n<\/tr>\n<tr>\n<td><strong>Opis \u017earulje<\/strong><\/td>\n<td>LED<\/td>\n<\/tr>\n<tr>\n<td><strong>Promjer<\/strong><\/td>\n<td>23mm<\/td>\n<\/tr>\n<tr>\n<td><strong>Boja svjetlosti<\/strong><\/td>\n<td>Topla bijela<\/td>\n<\/tr>\n<tr>\n<td><strong>Izlaz svjetlosti<\/strong><\/td>\n<td>100 Lumena<\/td>\n<\/tr>\n<tr>\n<td><strong>Broj LED-a<\/strong><\/td>\n<td>6<\/td>\n<\/tr>\n<tr>\n<td><strong>Temperatura boje<\/strong><\/td>\n<td>Topla bijela<\/td>\n<\/tr>\n<\/tbody>\n<\/table>\n","protected":false},"excerpt":{"rendered":"<p>Topla bijela LED \u017earulja G4 (10V &#8211; 30V \/ 1 W) &#8211; Ova LED \u017earulja idealna je za zamjenu halogenih<\/p>\n","protected":false},"featured_media":5946242,"comment_status":"closed","ping_status":"closed","template":"","meta":[],"product_brand":[3221],"product_cat":[1739],"product_tag":[],"class_list":{"0":"post-3691788","1":"product","2":"type-product","3":"status-publish","4":"has-post-thumbnail","6":"product_brand-oceanled-hr","7":"product_cat-rasvjeta","9":"first","10":"instock","11":"shipping-taxable","12":"purchasable","13":"product-type-simple"},"_links":{"self":[{"href":"https:\/\/stoic-curie.212-227-153-4.plesk.page\/hr\/wp-json\/wp\/v2\/product\/3691788","targetHints":{"allow":["GET"]}}],"collection":[{"href":"https:\/\/stoic-curie.212-227-153-4.plesk.page\/hr\/wp-json\/wp\/v2\/product"}],"about":[{"href":"https:\/\/stoic-curie.212-227-153-4.plesk.page\/hr\/wp-json\/wp\/v2\/types\/product"}],"replies":[{"embeddable":true,"href":"https:\/\/stoic-curie.212-227-153-4.plesk.page\/hr\/wp-json\/wp\/v2\/comments?post=3691788"}],"version-history":[{"count":0,"href":"https:\/\/stoic-curie.212-227-153-4.plesk.page\/hr\/wp-json\/wp\/v2\/product\/3691788\/revisions"}],"wp:featuredmedia":[{"embeddable":true,"href":"https:\/\/stoic-curie.212-227-153-4.plesk.page\/hr\/wp-json\/wp\/v2\/media\/5946242"}],"wp:attachment":[{"href":"https:\/\/stoic-curie.212-227-153-4.plesk.page\/hr\/wp-json\/wp\/v2\/media?parent=3691788"}],"wp:term":[{"taxonomy":"product_brand","embeddable":true,"href":"https:\/\/stoic-curie.212-227-153-4.plesk.page\/hr\/wp-json\/wp\/v2\/product_brand?post=3691788"},{"taxonomy":"product_cat","embeddable":true,"href":"https:\/\/stoic-curie.212-227-153-4.plesk.page\/hr\/wp-json\/wp\/v2\/product_cat?post=3691788"},{"taxonomy":"product_tag","embeddable":true,"href":"https:\/\/stoic-curie.212-227-153-4.plesk.page\/hr\/wp-json\/wp\/v2\/product_tag?post=3691788"}],"curies":[{"name":"wp","href":"https:\/\/api.w.org\/{rel}","templated":true}]}}