{"id":3691789,"date":"2025-10-13T13:48:49","date_gmt":"2025-10-13T17:48:49","guid":{"rendered":"https:\/\/stoic-curie.212-227-153-4.plesk.page\/product\/kit-za-instalaciju-spremnika-za-vodu-can-sb\/"},"modified":"2026-02-25T00:01:13","modified_gmt":"2026-02-25T00:01:13","slug":"kit-za-instalaciju-spremnika-za-vodu-can-sb","status":"publish","type":"product","link":"https:\/\/stoic-curie.212-227-153-4.plesk.page\/hr\/product\/kit-za-instalaciju-spremnika-za-vodu-can-sb\/","title":{"rendered":"Kit za instalaciju spremnika za vodu Can-SB"},"content":{"rendered":"<p>Kit za instalaciju spremnika za vodu Can-SB &#8211; <\/p>\n<p>Set priklju\u010daka za pumpe za spremnike slatke vode. Omogu\u0107uje povezivanje pumpe za slatku vodu i spremnika s brodskim sustavom. Sadr\u017ei jedan zakretni kutni priklju\u010dak 1&#8243;1\/2 x 38 mm, dva ravna priklju\u010dka 3\/8&#8243; x 10\/12\/16\/18 mm, jedan kutni priklju\u010dak 3\/8&#8243; x 13 mm, brtve, spiralnu cijev 12 mm (L40 cm) s dvije stezaljke i 4 M5 vijka za pri\u010dvr\u0161\u0107ivanje pumpe na spremnik.<\/p>\n","protected":false},"excerpt":{"rendered":"<p>Kit za instalaciju spremnika za vodu Can-SB &#8211; Set priklju\u010daka za pumpe za spremnike slatke vode. Omogu\u0107uje povezivanje pumpe za<\/p>\n","protected":false},"featured_media":5946252,"comment_status":"closed","ping_status":"closed","template":"","meta":[],"product_brand":[2856],"product_cat":[1664],"product_tag":[],"class_list":{"0":"post-3691789","1":"product","2":"type-product","3":"status-publish","4":"has-post-thumbnail","6":"product_brand-can-marine-hr","7":"product_cat-spremnici-za-vodu","9":"first","10":"instock","11":"shipping-taxable","12":"purchasable","13":"product-type-simple"},"_links":{"self":[{"href":"https:\/\/stoic-curie.212-227-153-4.plesk.page\/hr\/wp-json\/wp\/v2\/product\/3691789","targetHints":{"allow":["GET"]}}],"collection":[{"href":"https:\/\/stoic-curie.212-227-153-4.plesk.page\/hr\/wp-json\/wp\/v2\/product"}],"about":[{"href":"https:\/\/stoic-curie.212-227-153-4.plesk.page\/hr\/wp-json\/wp\/v2\/types\/product"}],"replies":[{"embeddable":true,"href":"https:\/\/stoic-curie.212-227-153-4.plesk.page\/hr\/wp-json\/wp\/v2\/comments?post=3691789"}],"version-history":[{"count":0,"href":"https:\/\/stoic-curie.212-227-153-4.plesk.page\/hr\/wp-json\/wp\/v2\/product\/3691789\/revisions"}],"wp:featuredmedia":[{"embeddable":true,"href":"https:\/\/stoic-curie.212-227-153-4.plesk.page\/hr\/wp-json\/wp\/v2\/media\/5946252"}],"wp:attachment":[{"href":"https:\/\/stoic-curie.212-227-153-4.plesk.page\/hr\/wp-json\/wp\/v2\/media?parent=3691789"}],"wp:term":[{"taxonomy":"product_brand","embeddable":true,"href":"https:\/\/stoic-curie.212-227-153-4.plesk.page\/hr\/wp-json\/wp\/v2\/product_brand?post=3691789"},{"taxonomy":"product_cat","embeddable":true,"href":"https:\/\/stoic-curie.212-227-153-4.plesk.page\/hr\/wp-json\/wp\/v2\/product_cat?post=3691789"},{"taxonomy":"product_tag","embeddable":true,"href":"https:\/\/stoic-curie.212-227-153-4.plesk.page\/hr\/wp-json\/wp\/v2\/product_tag?post=3691789"}],"curies":[{"name":"wp","href":"https:\/\/api.w.org\/{rel}","templated":true}]}}