{"id":3691791,"date":"2025-10-13T13:48:49","date_gmt":"2025-10-13T17:48:49","guid":{"rendered":"https:\/\/stoic-curie.212-227-153-4.plesk.page\/product\/uvucena-kutija-crna-za-aparat-zagasenje-pozara-1kg-1kg-180-x-430-x-110mm\/"},"modified":"2026-02-25T00:01:13","modified_gmt":"2026-02-25T00:01:13","slug":"uvucena-kutija-crna-za-aparat-zagasenje-pozara-1kg-1kg-180-x-430-x-110mm","status":"publish","type":"product","link":"https:\/\/stoic-curie.212-227-153-4.plesk.page\/hr\/product\/uvucena-kutija-crna-za-aparat-zagasenje-pozara-1kg-1kg-180-x-430-x-110mm\/","title":{"rendered":"Uvu\u010dena kutija Crna za aparat zaga\u0161enje po\u017eara 1kg 1kg 180 x 430 x 110mm"},"content":{"rendered":"<p>Uvu\u010dena kutija Crna za aparat zaga\u0161enje po\u017eara 1kg 1kg 180 x 430 x 110mm &#8211; <\/p>\n<p>Pojedinacni aparat za ga\u0161enje po\u017eara s plasti\u010dnim ku\u0107i\u0161tem i prozirnim vratima.<\/p>\n","protected":false},"excerpt":{"rendered":"<p>Uvu\u010dena kutija Crna za aparat zaga\u0161enje po\u017eara 1kg 1kg 180 x 430 x 110mm &#8211; Pojedinacni aparat za ga\u0161enje po\u017eara<\/p>\n","protected":false},"featured_media":5946254,"comment_status":"closed","ping_status":"closed","template":"","meta":[],"product_brand":[2856],"product_cat":[1600],"product_tag":[],"class_list":{"0":"post-3691791","1":"product","2":"type-product","3":"status-publish","4":"has-post-thumbnail","6":"product_brand-can-marine-hr","7":"product_cat-brodski-aparati-za-gasenje-pozara","9":"first","10":"instock","11":"shipping-taxable","12":"purchasable","13":"product-type-simple"},"_links":{"self":[{"href":"https:\/\/stoic-curie.212-227-153-4.plesk.page\/hr\/wp-json\/wp\/v2\/product\/3691791","targetHints":{"allow":["GET"]}}],"collection":[{"href":"https:\/\/stoic-curie.212-227-153-4.plesk.page\/hr\/wp-json\/wp\/v2\/product"}],"about":[{"href":"https:\/\/stoic-curie.212-227-153-4.plesk.page\/hr\/wp-json\/wp\/v2\/types\/product"}],"replies":[{"embeddable":true,"href":"https:\/\/stoic-curie.212-227-153-4.plesk.page\/hr\/wp-json\/wp\/v2\/comments?post=3691791"}],"version-history":[{"count":0,"href":"https:\/\/stoic-curie.212-227-153-4.plesk.page\/hr\/wp-json\/wp\/v2\/product\/3691791\/revisions"}],"wp:featuredmedia":[{"embeddable":true,"href":"https:\/\/stoic-curie.212-227-153-4.plesk.page\/hr\/wp-json\/wp\/v2\/media\/5946254"}],"wp:attachment":[{"href":"https:\/\/stoic-curie.212-227-153-4.plesk.page\/hr\/wp-json\/wp\/v2\/media?parent=3691791"}],"wp:term":[{"taxonomy":"product_brand","embeddable":true,"href":"https:\/\/stoic-curie.212-227-153-4.plesk.page\/hr\/wp-json\/wp\/v2\/product_brand?post=3691791"},{"taxonomy":"product_cat","embeddable":true,"href":"https:\/\/stoic-curie.212-227-153-4.plesk.page\/hr\/wp-json\/wp\/v2\/product_cat?post=3691791"},{"taxonomy":"product_tag","embeddable":true,"href":"https:\/\/stoic-curie.212-227-153-4.plesk.page\/hr\/wp-json\/wp\/v2\/product_tag?post=3691791"}],"curies":[{"name":"wp","href":"https:\/\/api.w.org\/{rel}","templated":true}]}}