{"id":3691792,"date":"2025-10-13T13:48:49","date_gmt":"2025-10-13T17:48:49","guid":{"rendered":"https:\/\/stoic-curie.212-227-153-4.plesk.page\/product\/uvucena-kutija-bijela-za-aparat-za-gasenje-pozara-2-kg-196-x-470-x-125-mm\/"},"modified":"2026-02-25T00:01:13","modified_gmt":"2026-02-25T00:01:13","slug":"uvucena-kutija-bijela-za-aparat-za-gasenje-pozara-2-kg-196-x-470-x-125-mm","status":"publish","type":"product","link":"https:\/\/stoic-curie.212-227-153-4.plesk.page\/hr\/product\/uvucena-kutija-bijela-za-aparat-za-gasenje-pozara-2-kg-196-x-470-x-125-mm\/","title":{"rendered":"Uvu\u010dena kutija bijela za aparat za ga\u0161enje po\u017eara 2 kg 196 x 470 x 125 mm"},"content":{"rendered":"<p>Uvu\u010dena kutija bijela za aparat za ga\u0161enje po\u017eara 2 kg 196 x 470 x 125 mm &#8211; <\/p>\n<p>Vatrogasni aparat s integriranim plasti\u010dnim ku\u0107i\u0161tem i prozirnim vratima.<\/p>\n","protected":false},"excerpt":{"rendered":"<p>Uvu\u010dena kutija bijela za aparat za ga\u0161enje po\u017eara 2 kg 196 x 470 x 125 mm &#8211; Vatrogasni aparat s<\/p>\n","protected":false},"featured_media":5946254,"comment_status":"closed","ping_status":"closed","template":"","meta":[],"product_brand":[2856],"product_cat":[1600],"product_tag":[],"class_list":{"0":"post-3691792","1":"product","2":"type-product","3":"status-publish","4":"has-post-thumbnail","6":"product_brand-can-marine-hr","7":"product_cat-brodski-aparati-za-gasenje-pozara","9":"first","10":"instock","11":"shipping-taxable","12":"purchasable","13":"product-type-simple"},"_links":{"self":[{"href":"https:\/\/stoic-curie.212-227-153-4.plesk.page\/hr\/wp-json\/wp\/v2\/product\/3691792","targetHints":{"allow":["GET"]}}],"collection":[{"href":"https:\/\/stoic-curie.212-227-153-4.plesk.page\/hr\/wp-json\/wp\/v2\/product"}],"about":[{"href":"https:\/\/stoic-curie.212-227-153-4.plesk.page\/hr\/wp-json\/wp\/v2\/types\/product"}],"replies":[{"embeddable":true,"href":"https:\/\/stoic-curie.212-227-153-4.plesk.page\/hr\/wp-json\/wp\/v2\/comments?post=3691792"}],"version-history":[{"count":0,"href":"https:\/\/stoic-curie.212-227-153-4.plesk.page\/hr\/wp-json\/wp\/v2\/product\/3691792\/revisions"}],"wp:featuredmedia":[{"embeddable":true,"href":"https:\/\/stoic-curie.212-227-153-4.plesk.page\/hr\/wp-json\/wp\/v2\/media\/5946254"}],"wp:attachment":[{"href":"https:\/\/stoic-curie.212-227-153-4.plesk.page\/hr\/wp-json\/wp\/v2\/media?parent=3691792"}],"wp:term":[{"taxonomy":"product_brand","embeddable":true,"href":"https:\/\/stoic-curie.212-227-153-4.plesk.page\/hr\/wp-json\/wp\/v2\/product_brand?post=3691792"},{"taxonomy":"product_cat","embeddable":true,"href":"https:\/\/stoic-curie.212-227-153-4.plesk.page\/hr\/wp-json\/wp\/v2\/product_cat?post=3691792"},{"taxonomy":"product_tag","embeddable":true,"href":"https:\/\/stoic-curie.212-227-153-4.plesk.page\/hr\/wp-json\/wp\/v2\/product_tag?post=3691792"}],"curies":[{"name":"wp","href":"https:\/\/api.w.org\/{rel}","templated":true}]}}