{"id":3691794,"date":"2025-10-13T13:48:50","date_gmt":"2025-10-13T17:48:50","guid":{"rendered":"https:\/\/stoic-curie.212-227-153-4.plesk.page\/product\/riviera-ball-zajednicka-prirubnica-za-upravljacki-kabel\/"},"modified":"2026-02-25T00:01:13","modified_gmt":"2026-02-25T00:01:13","slug":"riviera-ball-zajednicka-prirubnica-za-upravljacki-kabel","status":"publish","type":"product","link":"https:\/\/stoic-curie.212-227-153-4.plesk.page\/hr\/product\/riviera-ball-zajednicka-prirubnica-za-upravljacki-kabel\/","title":{"rendered":"Riviera Ball zajednicka prirubnica za upravljacki kabel"},"content":{"rendered":"<p>Riviera Ball zajednicka prirubnica za upravljacki kabel &#8211; <\/p>\n<p>Oja\u010dani nylonni zglobni flan\u0161 s prohodnom cijevi za upravlja\u010dke kablove.<\/p>\n","protected":false},"excerpt":{"rendered":"<p>Riviera Ball zajednicka prirubnica za upravljacki kabel &#8211; Oja\u010dani nylonni zglobni flan\u0161 s prohodnom cijevi za upravlja\u010dke kablove.<\/p>\n","protected":false},"featured_media":5946279,"comment_status":"closed","ping_status":"closed","template":"","meta":[],"product_brand":[3306],"product_cat":[1828],"product_tag":[],"class_list":{"0":"post-3691794","1":"product","2":"type-product","3":"status-publish","4":"has-post-thumbnail","6":"product_brand-riviera-hr","7":"product_cat-kormilarski-uredaji-sa-sajlom","9":"first","10":"instock","11":"shipping-taxable","12":"purchasable","13":"product-type-simple"},"_links":{"self":[{"href":"https:\/\/stoic-curie.212-227-153-4.plesk.page\/hr\/wp-json\/wp\/v2\/product\/3691794","targetHints":{"allow":["GET"]}}],"collection":[{"href":"https:\/\/stoic-curie.212-227-153-4.plesk.page\/hr\/wp-json\/wp\/v2\/product"}],"about":[{"href":"https:\/\/stoic-curie.212-227-153-4.plesk.page\/hr\/wp-json\/wp\/v2\/types\/product"}],"replies":[{"embeddable":true,"href":"https:\/\/stoic-curie.212-227-153-4.plesk.page\/hr\/wp-json\/wp\/v2\/comments?post=3691794"}],"version-history":[{"count":0,"href":"https:\/\/stoic-curie.212-227-153-4.plesk.page\/hr\/wp-json\/wp\/v2\/product\/3691794\/revisions"}],"wp:featuredmedia":[{"embeddable":true,"href":"https:\/\/stoic-curie.212-227-153-4.plesk.page\/hr\/wp-json\/wp\/v2\/media\/5946279"}],"wp:attachment":[{"href":"https:\/\/stoic-curie.212-227-153-4.plesk.page\/hr\/wp-json\/wp\/v2\/media?parent=3691794"}],"wp:term":[{"taxonomy":"product_brand","embeddable":true,"href":"https:\/\/stoic-curie.212-227-153-4.plesk.page\/hr\/wp-json\/wp\/v2\/product_brand?post=3691794"},{"taxonomy":"product_cat","embeddable":true,"href":"https:\/\/stoic-curie.212-227-153-4.plesk.page\/hr\/wp-json\/wp\/v2\/product_cat?post=3691794"},{"taxonomy":"product_tag","embeddable":true,"href":"https:\/\/stoic-curie.212-227-153-4.plesk.page\/hr\/wp-json\/wp\/v2\/product_tag?post=3691794"}],"curies":[{"name":"wp","href":"https:\/\/api.w.org\/{rel}","templated":true}]}}