{"id":3691796,"date":"2025-10-13T13:48:50","date_gmt":"2025-10-13T17:48:50","guid":{"rendered":"https:\/\/stoic-curie.212-227-153-4.plesk.page\/product\/kabel-za-upravljanje-vanbrodskim-i-ugradenim-motorima-riviera-f02-1-83mt\/"},"modified":"2026-02-25T00:01:13","modified_gmt":"2026-02-25T00:01:13","slug":"kabel-za-upravljanje-vanbrodskim-i-ugradenim-motorima-riviera-f02-1-83mt","status":"publish","type":"product","link":"https:\/\/stoic-curie.212-227-153-4.plesk.page\/hr\/product\/kabel-za-upravljanje-vanbrodskim-i-ugradenim-motorima-riviera-f02-1-83mt\/","title":{"rendered":"Kabel za upravljanje vanbrodskim i ugra\u0111enim motorima Riviera F02 1.83mt"},"content":{"rendered":"<p>Kabel za upravljanje vanbrodskim i ugra\u0111enim motorima Riviera F02 1.83mt &#8211; <\/p>\n<p>Univerzalni daljinski kabeli za sve unutarnje, vanjske i stra\u017enje sustave motora uz odgovaraju\u0107e pribore. 10-32 UNF navojni dijelovi od nehr\u0111aju\u0107eg \u010delika, 2 mm sr\u017e od nehr\u0111aju\u0107eg \u010delika, hod od 88 mm i promjer ovojnice od 7 mm.<\/p>\n","protected":false},"excerpt":{"rendered":"<p>Kabel za upravljanje vanbrodskim i ugra\u0111enim motorima Riviera F02 1.83mt &#8211; Univerzalni daljinski kabeli za sve unutarnje, vanjske i stra\u017enje<\/p>\n","protected":false},"featured_media":5946293,"comment_status":"closed","ping_status":"closed","template":"","meta":[],"product_brand":[3306],"product_cat":[1784],"product_tag":[],"class_list":{"0":"post-3691796","1":"product","2":"type-product","3":"status-publish","4":"has-post-thumbnail","6":"product_brand-riviera-hr","7":"product_cat-morse-kabeli-za-upravljanje-motorom","9":"first","10":"instock","11":"shipping-taxable","12":"purchasable","13":"product-type-simple"},"_links":{"self":[{"href":"https:\/\/stoic-curie.212-227-153-4.plesk.page\/hr\/wp-json\/wp\/v2\/product\/3691796","targetHints":{"allow":["GET"]}}],"collection":[{"href":"https:\/\/stoic-curie.212-227-153-4.plesk.page\/hr\/wp-json\/wp\/v2\/product"}],"about":[{"href":"https:\/\/stoic-curie.212-227-153-4.plesk.page\/hr\/wp-json\/wp\/v2\/types\/product"}],"replies":[{"embeddable":true,"href":"https:\/\/stoic-curie.212-227-153-4.plesk.page\/hr\/wp-json\/wp\/v2\/comments?post=3691796"}],"version-history":[{"count":0,"href":"https:\/\/stoic-curie.212-227-153-4.plesk.page\/hr\/wp-json\/wp\/v2\/product\/3691796\/revisions"}],"wp:featuredmedia":[{"embeddable":true,"href":"https:\/\/stoic-curie.212-227-153-4.plesk.page\/hr\/wp-json\/wp\/v2\/media\/5946293"}],"wp:attachment":[{"href":"https:\/\/stoic-curie.212-227-153-4.plesk.page\/hr\/wp-json\/wp\/v2\/media?parent=3691796"}],"wp:term":[{"taxonomy":"product_brand","embeddable":true,"href":"https:\/\/stoic-curie.212-227-153-4.plesk.page\/hr\/wp-json\/wp\/v2\/product_brand?post=3691796"},{"taxonomy":"product_cat","embeddable":true,"href":"https:\/\/stoic-curie.212-227-153-4.plesk.page\/hr\/wp-json\/wp\/v2\/product_cat?post=3691796"},{"taxonomy":"product_tag","embeddable":true,"href":"https:\/\/stoic-curie.212-227-153-4.plesk.page\/hr\/wp-json\/wp\/v2\/product_tag?post=3691796"}],"curies":[{"name":"wp","href":"https:\/\/api.w.org\/{rel}","templated":true}]}}