{"id":3691799,"date":"2025-10-13T13:48:51","date_gmt":"2025-10-13T17:48:51","guid":{"rendered":"https:\/\/stoic-curie.212-227-153-4.plesk.page\/product\/kabel-za-upravljanje-vanbrodskim-i-ugradenim-motorima-riviera-f02-2-75mt\/"},"modified":"2026-02-25T00:01:13","modified_gmt":"2026-02-25T00:01:13","slug":"kabel-za-upravljanje-vanbrodskim-i-ugradenim-motorima-riviera-f02-2-75mt","status":"publish","type":"product","link":"https:\/\/stoic-curie.212-227-153-4.plesk.page\/hr\/product\/kabel-za-upravljanje-vanbrodskim-i-ugradenim-motorima-riviera-f02-2-75mt\/","title":{"rendered":"Kabel za upravljanje vanbrodskim i ugra\u0111enim motorima Riviera F02 2.75mt"},"content":{"rendered":"<p>Kabel za upravljanje vanbrodskim i ugra\u0111enim motorima Riviera F02 2.75mt &#8211; <\/p>\n<p>Univerzalni kabeli daljinskog upravljanja za sve unutarnje, vanjske i stra\u017enje pogone motora uz upotrebu odgovaraju\u0107ih dodataka. 10-32 UNF navojni nehr\u0111aju\u0107i \u010deli\u010dni priklju\u010dci, jezgra od nehr\u0111aju\u0107eg \u010delika 2 mm, hod 88 mm, promjer \u0161koljke 7 mm.<\/p>\n","protected":false},"excerpt":{"rendered":"<p>Kabel za upravljanje vanbrodskim i ugra\u0111enim motorima Riviera F02 2.75mt &#8211; Univerzalni kabeli daljinskog upravljanja za sve unutarnje, vanjske i<\/p>\n","protected":false},"featured_media":5946293,"comment_status":"closed","ping_status":"closed","template":"","meta":[],"product_brand":[3306],"product_cat":[1784],"product_tag":[],"class_list":{"0":"post-3691799","1":"product","2":"type-product","3":"status-publish","4":"has-post-thumbnail","6":"product_brand-riviera-hr","7":"product_cat-morse-kabeli-za-upravljanje-motorom","9":"first","10":"instock","11":"shipping-taxable","12":"purchasable","13":"product-type-simple"},"_links":{"self":[{"href":"https:\/\/stoic-curie.212-227-153-4.plesk.page\/hr\/wp-json\/wp\/v2\/product\/3691799","targetHints":{"allow":["GET"]}}],"collection":[{"href":"https:\/\/stoic-curie.212-227-153-4.plesk.page\/hr\/wp-json\/wp\/v2\/product"}],"about":[{"href":"https:\/\/stoic-curie.212-227-153-4.plesk.page\/hr\/wp-json\/wp\/v2\/types\/product"}],"replies":[{"embeddable":true,"href":"https:\/\/stoic-curie.212-227-153-4.plesk.page\/hr\/wp-json\/wp\/v2\/comments?post=3691799"}],"version-history":[{"count":0,"href":"https:\/\/stoic-curie.212-227-153-4.plesk.page\/hr\/wp-json\/wp\/v2\/product\/3691799\/revisions"}],"wp:featuredmedia":[{"embeddable":true,"href":"https:\/\/stoic-curie.212-227-153-4.plesk.page\/hr\/wp-json\/wp\/v2\/media\/5946293"}],"wp:attachment":[{"href":"https:\/\/stoic-curie.212-227-153-4.plesk.page\/hr\/wp-json\/wp\/v2\/media?parent=3691799"}],"wp:term":[{"taxonomy":"product_brand","embeddable":true,"href":"https:\/\/stoic-curie.212-227-153-4.plesk.page\/hr\/wp-json\/wp\/v2\/product_brand?post=3691799"},{"taxonomy":"product_cat","embeddable":true,"href":"https:\/\/stoic-curie.212-227-153-4.plesk.page\/hr\/wp-json\/wp\/v2\/product_cat?post=3691799"},{"taxonomy":"product_tag","embeddable":true,"href":"https:\/\/stoic-curie.212-227-153-4.plesk.page\/hr\/wp-json\/wp\/v2\/product_tag?post=3691799"}],"curies":[{"name":"wp","href":"https:\/\/api.w.org\/{rel}","templated":true}]}}