{"id":3691811,"date":"2025-10-13T13:48:54","date_gmt":"2025-10-13T17:48:54","guid":{"rendered":"https:\/\/stoic-curie.212-227-153-4.plesk.page\/product\/kabel-za-upravljanje-vanbrodskim-i-ugradenim-motorima-riviera-f08-2-44mt\/"},"modified":"2026-02-25T00:01:13","modified_gmt":"2026-02-25T00:01:13","slug":"kabel-za-upravljanje-vanbrodskim-i-ugradenim-motorima-riviera-f08-2-44mt","status":"publish","type":"product","link":"https:\/\/stoic-curie.212-227-153-4.plesk.page\/hr\/product\/kabel-za-upravljanje-vanbrodskim-i-ugradenim-motorima-riviera-f08-2-44mt\/","title":{"rendered":"Kabel za upravljanje vanbrodskim i ugra\u0111enim motorima Riviera F08 2.44mt"},"content":{"rendered":"<p>Kabel za upravljanje vanbrodskim i ugra\u0111enim motorima Riviera F08 2.44mt &#8211; <\/p>\n<p>Univerzalni daljinski upravlja\u010di za sve unutarnje, vanbrodske i stra\u017enje motore uz upotrebu odgovaraju\u0107ih dodataka. 10-32 UNF navojni priklju\u010dci od nehr\u0111aju\u0107eg \u010delika, jezgra od nehr\u0111aju\u0107eg \u010delika promjera 2 mm, hod od 88 mm, promjer pla\u0161ta 8 mm.<\/p>\n","protected":false},"excerpt":{"rendered":"<p>Kabel za upravljanje vanbrodskim i ugra\u0111enim motorima Riviera F08 2.44mt &#8211; Univerzalni daljinski upravlja\u010di za sve unutarnje, vanbrodske i stra\u017enje<\/p>\n","protected":false},"featured_media":5946294,"comment_status":"closed","ping_status":"closed","template":"","meta":[],"product_brand":[3306],"product_cat":[1784],"product_tag":[],"class_list":{"0":"post-3691811","1":"product","2":"type-product","3":"status-publish","4":"has-post-thumbnail","6":"product_brand-riviera-hr","7":"product_cat-morse-kabeli-za-upravljanje-motorom","9":"first","10":"instock","11":"shipping-taxable","12":"purchasable","13":"product-type-simple"},"_links":{"self":[{"href":"https:\/\/stoic-curie.212-227-153-4.plesk.page\/hr\/wp-json\/wp\/v2\/product\/3691811","targetHints":{"allow":["GET"]}}],"collection":[{"href":"https:\/\/stoic-curie.212-227-153-4.plesk.page\/hr\/wp-json\/wp\/v2\/product"}],"about":[{"href":"https:\/\/stoic-curie.212-227-153-4.plesk.page\/hr\/wp-json\/wp\/v2\/types\/product"}],"replies":[{"embeddable":true,"href":"https:\/\/stoic-curie.212-227-153-4.plesk.page\/hr\/wp-json\/wp\/v2\/comments?post=3691811"}],"version-history":[{"count":0,"href":"https:\/\/stoic-curie.212-227-153-4.plesk.page\/hr\/wp-json\/wp\/v2\/product\/3691811\/revisions"}],"wp:featuredmedia":[{"embeddable":true,"href":"https:\/\/stoic-curie.212-227-153-4.plesk.page\/hr\/wp-json\/wp\/v2\/media\/5946294"}],"wp:attachment":[{"href":"https:\/\/stoic-curie.212-227-153-4.plesk.page\/hr\/wp-json\/wp\/v2\/media?parent=3691811"}],"wp:term":[{"taxonomy":"product_brand","embeddable":true,"href":"https:\/\/stoic-curie.212-227-153-4.plesk.page\/hr\/wp-json\/wp\/v2\/product_brand?post=3691811"},{"taxonomy":"product_cat","embeddable":true,"href":"https:\/\/stoic-curie.212-227-153-4.plesk.page\/hr\/wp-json\/wp\/v2\/product_cat?post=3691811"},{"taxonomy":"product_tag","embeddable":true,"href":"https:\/\/stoic-curie.212-227-153-4.plesk.page\/hr\/wp-json\/wp\/v2\/product_tag?post=3691811"}],"curies":[{"name":"wp","href":"https:\/\/api.w.org\/{rel}","templated":true}]}}