{"id":3691826,"date":"2025-10-13T13:48:58","date_gmt":"2025-10-13T17:48:58","guid":{"rendered":"https:\/\/stoic-curie.212-227-153-4.plesk.page\/product\/morse-upravljacki-kabel-riviera-f05-2-75mt\/"},"modified":"2026-02-25T00:01:13","modified_gmt":"2026-02-25T00:01:13","slug":"morse-upravljacki-kabel-riviera-f05-2-75mt","status":"publish","type":"product","link":"https:\/\/stoic-curie.212-227-153-4.plesk.page\/hr\/product\/morse-upravljacki-kabel-riviera-f05-2-75mt\/","title":{"rendered":"Morse upravlja\u010dki kabel Riviera F05 2.75mt"},"content":{"rendered":"<p>Morse upravlja\u010dki kabel Riviera F05 2.75mt &#8211; <\/p>\n<p>Daljinski kabeli za Mercury i Mercruiser motore s Mercury Generation II upravlja\u010dkim kutijama. Priklju\u010dci od nehr\u0111aju\u0107eg \u010delika, 2 mm nehr\u0111aju\u0107i \u010delik jezgra, 95 mm hod, 7 mm promjer ovojnice.<\/p>\n","protected":false},"excerpt":{"rendered":"<p>Morse upravlja\u010dki kabel Riviera F05 2.75mt &#8211; Daljinski kabeli za Mercury i Mercruiser motore s Mercury Generation II upravlja\u010dkim kutijama.<\/p>\n","protected":false},"featured_media":5946295,"comment_status":"closed","ping_status":"closed","template":"","meta":[],"product_brand":[3306],"product_cat":[1784,1830,1815],"product_tag":[],"class_list":{"0":"post-3691826","1":"product","2":"type-product","3":"status-publish","4":"has-post-thumbnail","6":"product_brand-riviera-hr","7":"product_cat-morse-kabeli-za-upravljanje-motorom","8":"product_cat-rezervni-dijelovi-za-vanbrodske-motore-mercruiser","9":"product_cat-rezervni-dijelovi-za-vanbrodske-motore-mercury-i-mariner","11":"first","12":"instock","13":"shipping-taxable","14":"purchasable","15":"product-type-simple"},"_links":{"self":[{"href":"https:\/\/stoic-curie.212-227-153-4.plesk.page\/hr\/wp-json\/wp\/v2\/product\/3691826","targetHints":{"allow":["GET"]}}],"collection":[{"href":"https:\/\/stoic-curie.212-227-153-4.plesk.page\/hr\/wp-json\/wp\/v2\/product"}],"about":[{"href":"https:\/\/stoic-curie.212-227-153-4.plesk.page\/hr\/wp-json\/wp\/v2\/types\/product"}],"replies":[{"embeddable":true,"href":"https:\/\/stoic-curie.212-227-153-4.plesk.page\/hr\/wp-json\/wp\/v2\/comments?post=3691826"}],"version-history":[{"count":0,"href":"https:\/\/stoic-curie.212-227-153-4.plesk.page\/hr\/wp-json\/wp\/v2\/product\/3691826\/revisions"}],"wp:featuredmedia":[{"embeddable":true,"href":"https:\/\/stoic-curie.212-227-153-4.plesk.page\/hr\/wp-json\/wp\/v2\/media\/5946295"}],"wp:attachment":[{"href":"https:\/\/stoic-curie.212-227-153-4.plesk.page\/hr\/wp-json\/wp\/v2\/media?parent=3691826"}],"wp:term":[{"taxonomy":"product_brand","embeddable":true,"href":"https:\/\/stoic-curie.212-227-153-4.plesk.page\/hr\/wp-json\/wp\/v2\/product_brand?post=3691826"},{"taxonomy":"product_cat","embeddable":true,"href":"https:\/\/stoic-curie.212-227-153-4.plesk.page\/hr\/wp-json\/wp\/v2\/product_cat?post=3691826"},{"taxonomy":"product_tag","embeddable":true,"href":"https:\/\/stoic-curie.212-227-153-4.plesk.page\/hr\/wp-json\/wp\/v2\/product_tag?post=3691826"}],"curies":[{"name":"wp","href":"https:\/\/api.w.org\/{rel}","templated":true}]}}