{"id":3691831,"date":"2025-10-13T13:49:00","date_gmt":"2025-10-13T17:49:00","guid":{"rendered":"https:\/\/stoic-curie.212-227-153-4.plesk.page\/product\/kabel-za-upravljanje-vanbrodskim-i-ugradenim-motorima-riviera-f05-4-27mt\/"},"modified":"2026-02-25T00:01:13","modified_gmt":"2026-02-25T00:01:13","slug":"kabel-za-upravljanje-vanbrodskim-i-ugradenim-motorima-riviera-f05-4-27mt","status":"publish","type":"product","link":"https:\/\/stoic-curie.212-227-153-4.plesk.page\/hr\/product\/kabel-za-upravljanje-vanbrodskim-i-ugradenim-motorima-riviera-f05-4-27mt\/","title":{"rendered":"Kabel za upravljanje vanbrodskim i ugra\u0111enim motorima Riviera F05 4.27mt"},"content":{"rendered":"<p>Kabel za upravljanje vanbrodskim i ugra\u0111enim motorima Riviera F05 4.27mt &#8211; <\/p>\n<p>Daljinska upravlja\u010dka kabela za Mercury i Mercruiser motore s Mercury Generation II kontrolnim kutijama. Terminali od nehr\u0111aju\u0107eg \u010delika, \u010deli\u010dna jezgra od 2 mm, hod od 95 mm, promjer pla\u0161ta od 7 mm.<\/p>\n","protected":false},"excerpt":{"rendered":"<p>Kabel za upravljanje vanbrodskim i ugra\u0111enim motorima Riviera F05 4.27mt &#8211; Daljinska upravlja\u010dka kabela za Mercury i Mercruiser motore s<\/p>\n","protected":false},"featured_media":5946295,"comment_status":"closed","ping_status":"closed","template":"","meta":[],"product_brand":[3306],"product_cat":[1784,1830,1815],"product_tag":[],"class_list":{"0":"post-3691831","1":"product","2":"type-product","3":"status-publish","4":"has-post-thumbnail","6":"product_brand-riviera-hr","7":"product_cat-morse-kabeli-za-upravljanje-motorom","8":"product_cat-rezervni-dijelovi-za-vanbrodske-motore-mercruiser","9":"product_cat-rezervni-dijelovi-za-vanbrodske-motore-mercury-i-mariner","11":"first","12":"instock","13":"shipping-taxable","14":"purchasable","15":"product-type-simple"},"_links":{"self":[{"href":"https:\/\/stoic-curie.212-227-153-4.plesk.page\/hr\/wp-json\/wp\/v2\/product\/3691831","targetHints":{"allow":["GET"]}}],"collection":[{"href":"https:\/\/stoic-curie.212-227-153-4.plesk.page\/hr\/wp-json\/wp\/v2\/product"}],"about":[{"href":"https:\/\/stoic-curie.212-227-153-4.plesk.page\/hr\/wp-json\/wp\/v2\/types\/product"}],"replies":[{"embeddable":true,"href":"https:\/\/stoic-curie.212-227-153-4.plesk.page\/hr\/wp-json\/wp\/v2\/comments?post=3691831"}],"version-history":[{"count":0,"href":"https:\/\/stoic-curie.212-227-153-4.plesk.page\/hr\/wp-json\/wp\/v2\/product\/3691831\/revisions"}],"wp:featuredmedia":[{"embeddable":true,"href":"https:\/\/stoic-curie.212-227-153-4.plesk.page\/hr\/wp-json\/wp\/v2\/media\/5946295"}],"wp:attachment":[{"href":"https:\/\/stoic-curie.212-227-153-4.plesk.page\/hr\/wp-json\/wp\/v2\/media?parent=3691831"}],"wp:term":[{"taxonomy":"product_brand","embeddable":true,"href":"https:\/\/stoic-curie.212-227-153-4.plesk.page\/hr\/wp-json\/wp\/v2\/product_brand?post=3691831"},{"taxonomy":"product_cat","embeddable":true,"href":"https:\/\/stoic-curie.212-227-153-4.plesk.page\/hr\/wp-json\/wp\/v2\/product_cat?post=3691831"},{"taxonomy":"product_tag","embeddable":true,"href":"https:\/\/stoic-curie.212-227-153-4.plesk.page\/hr\/wp-json\/wp\/v2\/product_tag?post=3691831"}],"curies":[{"name":"wp","href":"https:\/\/api.w.org\/{rel}","templated":true}]}}