{"id":3691845,"date":"2025-10-13T13:49:04","date_gmt":"2025-10-13T17:49:04","guid":{"rendered":"https:\/\/stoic-curie.212-227-153-4.plesk.page\/product\/trem-maxi-led-kompaktno-navigacijsko-svijetlo-bijela-bijela-135o\/"},"modified":"2026-02-25T00:01:13","modified_gmt":"2026-02-25T00:01:13","slug":"trem-maxi-led-kompaktno-navigacijsko-svijetlo-bijela-bijela-135o","status":"publish","type":"product","link":"https:\/\/stoic-curie.212-227-153-4.plesk.page\/hr\/product\/trem-maxi-led-kompaktno-navigacijsko-svijetlo-bijela-bijela-135o\/","title":{"rendered":"Trem Maxi LED  kompaktno navigacijsko svijetlo bijela &#8211; bijela 135\u00ba"},"content":{"rendered":"<p>Trem Maxi LED  kompaktno navigacijsko svijetlo bijela &#8211; bijela 135\u00ba &#8211; <\/p>\n<p>Zidna montirana kompaktna ravna LED svjetla za navigaciju s naponom 9-32V, IPX7 plasti\u010dno ku\u0107i\u0161te i le\u0107e od polykarbonata. R.I.Na. certificirano za brodove do 20 metara.<\/p>\n","protected":false},"excerpt":{"rendered":"<p>Trem Maxi LED kompaktno navigacijsko svijetlo bijela &#8211; bijela 135\u00ba &#8211; Zidna montirana kompaktna ravna LED svjetla za navigaciju s<\/p>\n","protected":false},"featured_media":5946326,"comment_status":"closed","ping_status":"closed","template":"","meta":[],"product_brand":[3491],"product_cat":[1736],"product_tag":[],"class_list":{"0":"post-3691845","1":"product","2":"type-product","3":"status-publish","4":"has-post-thumbnail","6":"product_brand-trem-hr","7":"product_cat-led-navigacijska-svjetla","9":"first","10":"instock","11":"shipping-taxable","12":"purchasable","13":"product-type-simple"},"_links":{"self":[{"href":"https:\/\/stoic-curie.212-227-153-4.plesk.page\/hr\/wp-json\/wp\/v2\/product\/3691845","targetHints":{"allow":["GET"]}}],"collection":[{"href":"https:\/\/stoic-curie.212-227-153-4.plesk.page\/hr\/wp-json\/wp\/v2\/product"}],"about":[{"href":"https:\/\/stoic-curie.212-227-153-4.plesk.page\/hr\/wp-json\/wp\/v2\/types\/product"}],"replies":[{"embeddable":true,"href":"https:\/\/stoic-curie.212-227-153-4.plesk.page\/hr\/wp-json\/wp\/v2\/comments?post=3691845"}],"version-history":[{"count":0,"href":"https:\/\/stoic-curie.212-227-153-4.plesk.page\/hr\/wp-json\/wp\/v2\/product\/3691845\/revisions"}],"wp:featuredmedia":[{"embeddable":true,"href":"https:\/\/stoic-curie.212-227-153-4.plesk.page\/hr\/wp-json\/wp\/v2\/media\/5946326"}],"wp:attachment":[{"href":"https:\/\/stoic-curie.212-227-153-4.plesk.page\/hr\/wp-json\/wp\/v2\/media?parent=3691845"}],"wp:term":[{"taxonomy":"product_brand","embeddable":true,"href":"https:\/\/stoic-curie.212-227-153-4.plesk.page\/hr\/wp-json\/wp\/v2\/product_brand?post=3691845"},{"taxonomy":"product_cat","embeddable":true,"href":"https:\/\/stoic-curie.212-227-153-4.plesk.page\/hr\/wp-json\/wp\/v2\/product_cat?post=3691845"},{"taxonomy":"product_tag","embeddable":true,"href":"https:\/\/stoic-curie.212-227-153-4.plesk.page\/hr\/wp-json\/wp\/v2\/product_tag?post=3691845"}],"curies":[{"name":"wp","href":"https:\/\/api.w.org\/{rel}","templated":true}]}}