{"id":3691847,"date":"2025-10-13T13:49:04","date_gmt":"2025-10-13T17:49:04","guid":{"rendered":"https:\/\/stoic-curie.212-227-153-4.plesk.page\/product\/ploca-s-dva-prekidaca-za-podvodno-led-svjetlo-wk\/"},"modified":"2026-02-25T00:01:13","modified_gmt":"2026-02-25T00:01:13","slug":"ploca-s-dva-prekidaca-za-podvodno-led-svjetlo-wk","status":"publish","type":"product","link":"https:\/\/stoic-curie.212-227-153-4.plesk.page\/hr\/product\/ploca-s-dva-prekidaca-za-podvodno-led-svjetlo-wk\/","title":{"rendered":"Plo\u010da s dva prekida\u010da za podvodno LED svjetlo WK"},"content":{"rendered":"<p>Plo\u010da s dva prekida\u010da za podvodno LED svjetlo WK &#8211; <\/p>\n<p>Dvobojno 9-32V LED svjetlo za podvodnu upotrebu visoke svjetline. Ku\u0107i\u0161te od 316 nehr\u0111aju\u0107eg \u010delika otporno na vodu IP68 s elektronikom za\u0161ti\u0107enom silikonskim gelom. Sa ugra\u0111enim voza\u010dem i za\u0161titom od pregrijavanja. Kabel napajanja duljine 1,5 m. 5 odabranih svjetlosnih moda: valovita bijela i plava, stabilna plava, stabilna bijela, stabilna bijela i plava, trep\u0107u\u0107a bijela i plava. Kontrolna plo\u010da 12\/24V, IP65.<\/p>\n","protected":false},"excerpt":{"rendered":"<p>Plo\u010da s dva prekida\u010da za podvodno LED svjetlo WK &#8211; Dvobojno 9-32V LED svjetlo za podvodnu upotrebu visoke svjetline. Ku\u0107i\u0161te<\/p>\n","protected":false},"featured_media":5946337,"comment_status":"closed","ping_status":"closed","template":"","meta":[],"product_brand":[3221],"product_cat":[1731],"product_tag":[],"class_list":{"0":"post-3691847","1":"product","2":"type-product","3":"status-publish","4":"has-post-thumbnail","6":"product_brand-oceanled-hr","7":"product_cat-uronjiva-led-svjetla","9":"first","10":"instock","11":"shipping-taxable","12":"purchasable","13":"product-type-simple"},"_links":{"self":[{"href":"https:\/\/stoic-curie.212-227-153-4.plesk.page\/hr\/wp-json\/wp\/v2\/product\/3691847","targetHints":{"allow":["GET"]}}],"collection":[{"href":"https:\/\/stoic-curie.212-227-153-4.plesk.page\/hr\/wp-json\/wp\/v2\/product"}],"about":[{"href":"https:\/\/stoic-curie.212-227-153-4.plesk.page\/hr\/wp-json\/wp\/v2\/types\/product"}],"replies":[{"embeddable":true,"href":"https:\/\/stoic-curie.212-227-153-4.plesk.page\/hr\/wp-json\/wp\/v2\/comments?post=3691847"}],"version-history":[{"count":0,"href":"https:\/\/stoic-curie.212-227-153-4.plesk.page\/hr\/wp-json\/wp\/v2\/product\/3691847\/revisions"}],"wp:featuredmedia":[{"embeddable":true,"href":"https:\/\/stoic-curie.212-227-153-4.plesk.page\/hr\/wp-json\/wp\/v2\/media\/5946337"}],"wp:attachment":[{"href":"https:\/\/stoic-curie.212-227-153-4.plesk.page\/hr\/wp-json\/wp\/v2\/media?parent=3691847"}],"wp:term":[{"taxonomy":"product_brand","embeddable":true,"href":"https:\/\/stoic-curie.212-227-153-4.plesk.page\/hr\/wp-json\/wp\/v2\/product_brand?post=3691847"},{"taxonomy":"product_cat","embeddable":true,"href":"https:\/\/stoic-curie.212-227-153-4.plesk.page\/hr\/wp-json\/wp\/v2\/product_cat?post=3691847"},{"taxonomy":"product_tag","embeddable":true,"href":"https:\/\/stoic-curie.212-227-153-4.plesk.page\/hr\/wp-json\/wp\/v2\/product_tag?post=3691847"}],"curies":[{"name":"wp","href":"https:\/\/api.w.org\/{rel}","templated":true}]}}