{"id":3691848,"date":"2025-10-13T13:49:05","date_gmt":"2025-10-13T17:49:05","guid":{"rendered":"https:\/\/stoic-curie.212-227-153-4.plesk.page\/product\/orbitrade-19805-cink-anoda-za-osovinu-propelera-za-volvo-penta-krmeni-propulzor\/"},"modified":"2026-02-25T00:01:13","modified_gmt":"2026-02-25T00:01:13","slug":"orbitrade-19805-cink-anoda-za-osovinu-propelera-za-volvo-penta-krmeni-propulzor","status":"publish","type":"product","link":"https:\/\/stoic-curie.212-227-153-4.plesk.page\/hr\/product\/orbitrade-19805-cink-anoda-za-osovinu-propelera-za-volvo-penta-krmeni-propulzor\/","title":{"rendered":"Orbitrade 19805 cink anoda za osovinu propelera za Volvo Penta krmeni propulzor"},"content":{"rendered":"<p>Orbitrade 19805 cink anoda za osovinu propelera za Volvo Penta krmeni propulzor &#8211; <\/p>\n<div class=\"col-24 col-md-15\">\n<p>Zinc anoda Orbitrade Marine dizajnirana je za zamjenu Volvo dijelova 875805 i 832524. Motorna anoda se isporu\u010duje s vijcima. Ova prstenasta anoda prikladna je za ugradnju na pogonsku osovinu kako bi se za\u0161titila od elektrogalvanske korozije. Pogodna je za sljede\u0107e Volvo Penta sterndrive modele:<\/p>\n<p>AQ250, AQ270, AQ270T, AQ275, AQ275A.<\/p>\n<\/div>\n<p><\/p>\n<table class=\"table\">\n<tbody>\n<tr>\n<td><strong>Primjena<\/strong><\/td>\n<td>Volvo Penta AQ250, AQ270, AQ270T, AQ275 &#038; AQ275A.<\/td>\n<\/tr>\n<tr>\n<td><strong>Materijal<\/strong><\/td>\n<td>Cink<\/td>\n<\/tr>\n<tr>\n<td><strong>Marka<\/strong><\/td>\n<td>Orbitrade<\/td>\n<\/tr>\n<tr>\n<td><strong>Primarna konstrukcija<\/strong><\/td>\n<td>Cink<\/td>\n<\/tr>\n<tr>\n<td><strong>Stil<\/strong><\/td>\n<td>Anode za osovinicu propellera<\/td>\n<\/tr>\n<tr>\n<td><strong>Pogodno za<\/strong><\/td>\n<td>Volvo<\/td>\n<\/tr>\n<tr>\n<td><strong>Zamjenjuje<\/strong><\/td>\n<td>Volvo 875805 i 832524<\/td>\n<\/tr>\n<\/tbody>\n<\/table>\n","protected":false},"excerpt":{"rendered":"<p>Orbitrade 19805 cink anoda za osovinu propelera za Volvo Penta krmeni propulzor &#8211; Zinc anoda Orbitrade Marine dizajnirana je za<\/p>\n","protected":false},"featured_media":5946339,"comment_status":"closed","ping_status":"closed","template":"","meta":[],"product_brand":[3226],"product_cat":[1829],"product_tag":[],"class_list":{"0":"post-3691848","1":"product","2":"type-product","3":"status-publish","4":"has-post-thumbnail","6":"product_brand-orbitrade-marine-hr","7":"product_cat-rezervni-dijelovi-za-motore-volvo-penta","9":"first","10":"instock","11":"shipping-taxable","12":"purchasable","13":"product-type-simple"},"_links":{"self":[{"href":"https:\/\/stoic-curie.212-227-153-4.plesk.page\/hr\/wp-json\/wp\/v2\/product\/3691848","targetHints":{"allow":["GET"]}}],"collection":[{"href":"https:\/\/stoic-curie.212-227-153-4.plesk.page\/hr\/wp-json\/wp\/v2\/product"}],"about":[{"href":"https:\/\/stoic-curie.212-227-153-4.plesk.page\/hr\/wp-json\/wp\/v2\/types\/product"}],"replies":[{"embeddable":true,"href":"https:\/\/stoic-curie.212-227-153-4.plesk.page\/hr\/wp-json\/wp\/v2\/comments?post=3691848"}],"version-history":[{"count":0,"href":"https:\/\/stoic-curie.212-227-153-4.plesk.page\/hr\/wp-json\/wp\/v2\/product\/3691848\/revisions"}],"wp:featuredmedia":[{"embeddable":true,"href":"https:\/\/stoic-curie.212-227-153-4.plesk.page\/hr\/wp-json\/wp\/v2\/media\/5946339"}],"wp:attachment":[{"href":"https:\/\/stoic-curie.212-227-153-4.plesk.page\/hr\/wp-json\/wp\/v2\/media?parent=3691848"}],"wp:term":[{"taxonomy":"product_brand","embeddable":true,"href":"https:\/\/stoic-curie.212-227-153-4.plesk.page\/hr\/wp-json\/wp\/v2\/product_brand?post=3691848"},{"taxonomy":"product_cat","embeddable":true,"href":"https:\/\/stoic-curie.212-227-153-4.plesk.page\/hr\/wp-json\/wp\/v2\/product_cat?post=3691848"},{"taxonomy":"product_tag","embeddable":true,"href":"https:\/\/stoic-curie.212-227-153-4.plesk.page\/hr\/wp-json\/wp\/v2\/product_tag?post=3691848"}],"curies":[{"name":"wp","href":"https:\/\/api.w.org\/{rel}","templated":true}]}}