{"id":3691849,"date":"2025-10-13T13:49:05","date_gmt":"2025-10-13T17:49:05","guid":{"rendered":"https:\/\/stoic-curie.212-227-153-4.plesk.page\/product\/orbitrade-19018-cink-anode-za-volvo-penta-sklopive-propelere\/"},"modified":"2026-02-25T00:01:13","modified_gmt":"2026-02-25T00:01:13","slug":"orbitrade-19018-cink-anode-za-volvo-penta-sklopive-propelere","status":"publish","type":"product","link":"https:\/\/stoic-curie.212-227-153-4.plesk.page\/hr\/product\/orbitrade-19018-cink-anode-za-volvo-penta-sklopive-propelere\/","title":{"rendered":"Orbitrade 19018 cink anode za Volvo Penta sklopive propelere"},"content":{"rendered":"<p>Orbitrade 19018 cink anode za Volvo Penta sklopive propelere &#8211; <\/p>\n<div class=\"col-24 col-md-15\">\n<p>Orbitrade Marine cink anoda je dizajnirana za zamjenu Volvo dijela broj 852018. Ova anoda je pogodna za kori\u0161tenje s dvopalamim sklopivim propelerima i isporu\u010duje se s potrebnim vijkom. Cink anoda je pogodna za za\u0161titu od elektro-korozije za sljede\u0107e Volvo Penta sterndrive modele:<\/p>\n<p>110S, 120S, 120SB, 120S-D, S120C.<\/p>\n<\/div>\n<p><\/p>\n<table class=\"table\">\n<tbody>\n<tr>\n<td><strong>Primjena<\/strong><\/td>\n<td>Volvo Penta: 120S-D, 120S-B, 110S, 120S, S120C<\/td>\n<\/tr>\n<tr>\n<td><strong>Marka<\/strong><\/td>\n<td>Orbitrade<\/td>\n<\/tr>\n<tr>\n<td><strong>Pogodno Za<\/strong><\/td>\n<td>Volvo<\/td>\n<\/tr>\n<tr>\n<td><strong>Zamjenjuje<\/strong><\/td>\n<td>Volvo 852018<\/td>\n<\/tr>\n<\/tbody>\n<\/table>\n","protected":false},"excerpt":{"rendered":"<p>Orbitrade 19018 cink anode za Volvo Penta sklopive propelere &#8211; Orbitrade Marine cink anoda je dizajnirana za zamjenu Volvo dijela<\/p>\n","protected":false},"featured_media":5946340,"comment_status":"closed","ping_status":"closed","template":"","meta":[],"product_brand":[3226],"product_cat":[1829],"product_tag":[],"class_list":{"0":"post-3691849","1":"product","2":"type-product","3":"status-publish","4":"has-post-thumbnail","6":"product_brand-orbitrade-marine-hr","7":"product_cat-rezervni-dijelovi-za-motore-volvo-penta","9":"first","10":"instock","11":"shipping-taxable","12":"purchasable","13":"product-type-simple"},"_links":{"self":[{"href":"https:\/\/stoic-curie.212-227-153-4.plesk.page\/hr\/wp-json\/wp\/v2\/product\/3691849","targetHints":{"allow":["GET"]}}],"collection":[{"href":"https:\/\/stoic-curie.212-227-153-4.plesk.page\/hr\/wp-json\/wp\/v2\/product"}],"about":[{"href":"https:\/\/stoic-curie.212-227-153-4.plesk.page\/hr\/wp-json\/wp\/v2\/types\/product"}],"replies":[{"embeddable":true,"href":"https:\/\/stoic-curie.212-227-153-4.plesk.page\/hr\/wp-json\/wp\/v2\/comments?post=3691849"}],"version-history":[{"count":0,"href":"https:\/\/stoic-curie.212-227-153-4.plesk.page\/hr\/wp-json\/wp\/v2\/product\/3691849\/revisions"}],"wp:featuredmedia":[{"embeddable":true,"href":"https:\/\/stoic-curie.212-227-153-4.plesk.page\/hr\/wp-json\/wp\/v2\/media\/5946340"}],"wp:attachment":[{"href":"https:\/\/stoic-curie.212-227-153-4.plesk.page\/hr\/wp-json\/wp\/v2\/media?parent=3691849"}],"wp:term":[{"taxonomy":"product_brand","embeddable":true,"href":"https:\/\/stoic-curie.212-227-153-4.plesk.page\/hr\/wp-json\/wp\/v2\/product_brand?post=3691849"},{"taxonomy":"product_cat","embeddable":true,"href":"https:\/\/stoic-curie.212-227-153-4.plesk.page\/hr\/wp-json\/wp\/v2\/product_cat?post=3691849"},{"taxonomy":"product_tag","embeddable":true,"href":"https:\/\/stoic-curie.212-227-153-4.plesk.page\/hr\/wp-json\/wp\/v2\/product_tag?post=3691849"}],"curies":[{"name":"wp","href":"https:\/\/api.w.org\/{rel}","templated":true}]}}