{"id":3691855,"date":"2025-10-13T13:49:07","date_gmt":"2025-10-13T17:49:07","guid":{"rendered":"https:\/\/stoic-curie.212-227-153-4.plesk.page\/product\/viking-univerzalni-kit-za-pmontazu-kaljuzne-pumpe-kroz-palubu\/"},"modified":"2026-02-25T00:01:13","modified_gmt":"2026-02-25T00:01:13","slug":"viking-univerzalni-kit-za-pmontazu-kaljuzne-pumpe-kroz-palubu","status":"publish","type":"product","link":"https:\/\/stoic-curie.212-227-153-4.plesk.page\/hr\/product\/viking-univerzalni-kit-za-pmontazu-kaljuzne-pumpe-kroz-palubu\/","title":{"rendered":"Viking univerzalni kit za pmonta\u017eu kalju\u017ene pumpe kroz palubu"},"content":{"rendered":"<p>Viking univerzalni kit za pmonta\u017eu kalju\u017ene pumpe kroz palubu &#8211; <\/p>\n<p>Robusna, samousisna ru\u010dna pumpa za ispu\u0161tanje vode pogodna za gotovo svaku vrstu instalacije. Dr\u017ea\u010d za monta\u017eu omogu\u0107uje vertikalnu ili horizontalnu monta\u017eu. Uz opcijski komplet za prolaz kroz palubu, pumpa se mo\u017ee instalirati iza pregrada ili ispod palube.<\/p>\n","protected":false},"excerpt":{"rendered":"<p>Viking univerzalni kit za pmonta\u017eu kalju\u017ene pumpe kroz palubu &#8211; Robusna, samousisna ru\u010dna pumpa za ispu\u0161tanje vode pogodna za gotovo<\/p>\n","protected":false},"featured_media":5946358,"comment_status":"closed","ping_status":"closed","template":"","meta":[],"product_brand":[3046],"product_cat":[1654],"product_tag":[],"class_list":{"0":"post-3691855","1":"product","2":"type-product","3":"status-publish","4":"has-post-thumbnail","6":"product_brand-johnson-marine-hr","7":"product_cat-rucne-kaljuzne-pumpe","9":"first","10":"instock","11":"shipping-taxable","12":"purchasable","13":"product-type-simple"},"_links":{"self":[{"href":"https:\/\/stoic-curie.212-227-153-4.plesk.page\/hr\/wp-json\/wp\/v2\/product\/3691855","targetHints":{"allow":["GET"]}}],"collection":[{"href":"https:\/\/stoic-curie.212-227-153-4.plesk.page\/hr\/wp-json\/wp\/v2\/product"}],"about":[{"href":"https:\/\/stoic-curie.212-227-153-4.plesk.page\/hr\/wp-json\/wp\/v2\/types\/product"}],"replies":[{"embeddable":true,"href":"https:\/\/stoic-curie.212-227-153-4.plesk.page\/hr\/wp-json\/wp\/v2\/comments?post=3691855"}],"version-history":[{"count":0,"href":"https:\/\/stoic-curie.212-227-153-4.plesk.page\/hr\/wp-json\/wp\/v2\/product\/3691855\/revisions"}],"wp:featuredmedia":[{"embeddable":true,"href":"https:\/\/stoic-curie.212-227-153-4.plesk.page\/hr\/wp-json\/wp\/v2\/media\/5946358"}],"wp:attachment":[{"href":"https:\/\/stoic-curie.212-227-153-4.plesk.page\/hr\/wp-json\/wp\/v2\/media?parent=3691855"}],"wp:term":[{"taxonomy":"product_brand","embeddable":true,"href":"https:\/\/stoic-curie.212-227-153-4.plesk.page\/hr\/wp-json\/wp\/v2\/product_brand?post=3691855"},{"taxonomy":"product_cat","embeddable":true,"href":"https:\/\/stoic-curie.212-227-153-4.plesk.page\/hr\/wp-json\/wp\/v2\/product_cat?post=3691855"},{"taxonomy":"product_tag","embeddable":true,"href":"https:\/\/stoic-curie.212-227-153-4.plesk.page\/hr\/wp-json\/wp\/v2\/product_tag?post=3691855"}],"curies":[{"name":"wp","href":"https:\/\/api.w.org\/{rel}","templated":true}]}}