{"id":3691858,"date":"2025-10-13T13:49:08","date_gmt":"2025-10-13T17:49:08","guid":{"rendered":"https:\/\/stoic-curie.212-227-153-4.plesk.page\/product\/vodootporna-vreca-aquapack-za-opremu-prve-pomoci-3-lt-23-x-15-cm\/"},"modified":"2026-02-25T00:01:13","modified_gmt":"2026-02-25T00:01:13","slug":"vodootporna-vreca-aquapack-za-opremu-prve-pomoci-3-lt-23-x-15-cm","status":"publish","type":"product","link":"https:\/\/stoic-curie.212-227-153-4.plesk.page\/hr\/product\/vodootporna-vreca-aquapack-za-opremu-prve-pomoci-3-lt-23-x-15-cm\/","title":{"rendered":"Vodootporna vre\u0107a Aquapack za opremu prve pomo\u0107i 3 lt 23 x 15 cm"},"content":{"rendered":"<p>Vodootporna vre\u0107a Aquapack za opremu prve pomo\u0107i 3 lt 23 x 15 cm &#8211; <\/p>\n<p>\u010cvrsta vodootporna torba napravljena od PVC-om prekrivenog 500D najlona poja\u010danog platna.<\/p>\n","protected":false},"excerpt":{"rendered":"<p>Vodootporna vre\u0107a Aquapack za opremu prve pomo\u0107i 3 lt 23 x 15 cm &#8211; \u010cvrsta vodootporna torba napravljena od PVC-om<\/p>\n","protected":false},"featured_media":5946362,"comment_status":"closed","ping_status":"closed","template":"","meta":[],"product_brand":[2796],"product_cat":[1605,1855],"product_tag":[],"class_list":{"0":"post-3691858","1":"product","2":"type-product","3":"status-publish","4":"has-post-thumbnail","6":"product_brand-aquapac-hr","7":"product_cat-oprema-za-sigurnost-plovila","8":"product_cat-suhe-torbe","10":"first","11":"instock","12":"shipping-taxable","13":"purchasable","14":"product-type-simple"},"_links":{"self":[{"href":"https:\/\/stoic-curie.212-227-153-4.plesk.page\/hr\/wp-json\/wp\/v2\/product\/3691858","targetHints":{"allow":["GET"]}}],"collection":[{"href":"https:\/\/stoic-curie.212-227-153-4.plesk.page\/hr\/wp-json\/wp\/v2\/product"}],"about":[{"href":"https:\/\/stoic-curie.212-227-153-4.plesk.page\/hr\/wp-json\/wp\/v2\/types\/product"}],"replies":[{"embeddable":true,"href":"https:\/\/stoic-curie.212-227-153-4.plesk.page\/hr\/wp-json\/wp\/v2\/comments?post=3691858"}],"version-history":[{"count":0,"href":"https:\/\/stoic-curie.212-227-153-4.plesk.page\/hr\/wp-json\/wp\/v2\/product\/3691858\/revisions"}],"wp:featuredmedia":[{"embeddable":true,"href":"https:\/\/stoic-curie.212-227-153-4.plesk.page\/hr\/wp-json\/wp\/v2\/media\/5946362"}],"wp:attachment":[{"href":"https:\/\/stoic-curie.212-227-153-4.plesk.page\/hr\/wp-json\/wp\/v2\/media?parent=3691858"}],"wp:term":[{"taxonomy":"product_brand","embeddable":true,"href":"https:\/\/stoic-curie.212-227-153-4.plesk.page\/hr\/wp-json\/wp\/v2\/product_brand?post=3691858"},{"taxonomy":"product_cat","embeddable":true,"href":"https:\/\/stoic-curie.212-227-153-4.plesk.page\/hr\/wp-json\/wp\/v2\/product_cat?post=3691858"},{"taxonomy":"product_tag","embeddable":true,"href":"https:\/\/stoic-curie.212-227-153-4.plesk.page\/hr\/wp-json\/wp\/v2\/product_tag?post=3691858"}],"curies":[{"name":"wp","href":"https:\/\/api.w.org\/{rel}","templated":true}]}}