{"id":3691865,"date":"2025-10-13T13:49:10","date_gmt":"2025-10-13T17:49:10","guid":{"rendered":"https:\/\/stoic-curie.212-227-153-4.plesk.page\/product\/vodootporna-torbica-za-vhf-aquapac-otporna-na-oluje-350-x-110-mm\/"},"modified":"2026-02-25T00:01:13","modified_gmt":"2026-02-25T00:01:13","slug":"vodootporna-torbica-za-vhf-aquapac-otporna-na-oluje-350-x-110-mm","status":"publish","type":"product","link":"https:\/\/stoic-curie.212-227-153-4.plesk.page\/hr\/product\/vodootporna-torbica-za-vhf-aquapac-otporna-na-oluje-350-x-110-mm\/","title":{"rendered":"Vodootporna torbica za VHF Aquapac otporna na oluje 350 x 110 mm"},"content":{"rendered":"<p>Vodootporna torbica za VHF Aquapac otporna na oluje 350 x 110 mm &#8211; <\/p>\n<p>\u010cvrst vodoodporan VHF kofer od PVC-om oblo\u017eenog 70D najlonskog oja\u010danog platna s prozirnim prozorom za jednostavno rukovanje radijom. Pluta sa zrakom unutar, vodootporan je protiv jakih prskalica i otporan na UV zra\u010denje. Dolazi s podesivim remenom za rame (25 mm x 135 cm).<\/p>\n","protected":false},"excerpt":{"rendered":"<p>Vodootporna torbica za VHF Aquapac otporna na oluje 350 x 110 mm &#8211; \u010cvrst vodoodporan VHF kofer od PVC-om oblo\u017eenog<\/p>\n","protected":false},"featured_media":5946392,"comment_status":"closed","ping_status":"closed","template":"","meta":[],"product_brand":[2796],"product_cat":[1855],"product_tag":[],"class_list":{"0":"post-3691865","1":"product","2":"type-product","3":"status-publish","4":"has-post-thumbnail","6":"product_brand-aquapac-hr","7":"product_cat-suhe-torbe","9":"first","10":"instock","11":"shipping-taxable","12":"purchasable","13":"product-type-simple"},"_links":{"self":[{"href":"https:\/\/stoic-curie.212-227-153-4.plesk.page\/hr\/wp-json\/wp\/v2\/product\/3691865","targetHints":{"allow":["GET"]}}],"collection":[{"href":"https:\/\/stoic-curie.212-227-153-4.plesk.page\/hr\/wp-json\/wp\/v2\/product"}],"about":[{"href":"https:\/\/stoic-curie.212-227-153-4.plesk.page\/hr\/wp-json\/wp\/v2\/types\/product"}],"replies":[{"embeddable":true,"href":"https:\/\/stoic-curie.212-227-153-4.plesk.page\/hr\/wp-json\/wp\/v2\/comments?post=3691865"}],"version-history":[{"count":0,"href":"https:\/\/stoic-curie.212-227-153-4.plesk.page\/hr\/wp-json\/wp\/v2\/product\/3691865\/revisions"}],"wp:featuredmedia":[{"embeddable":true,"href":"https:\/\/stoic-curie.212-227-153-4.plesk.page\/hr\/wp-json\/wp\/v2\/media\/5946392"}],"wp:attachment":[{"href":"https:\/\/stoic-curie.212-227-153-4.plesk.page\/hr\/wp-json\/wp\/v2\/media?parent=3691865"}],"wp:term":[{"taxonomy":"product_brand","embeddable":true,"href":"https:\/\/stoic-curie.212-227-153-4.plesk.page\/hr\/wp-json\/wp\/v2\/product_brand?post=3691865"},{"taxonomy":"product_cat","embeddable":true,"href":"https:\/\/stoic-curie.212-227-153-4.plesk.page\/hr\/wp-json\/wp\/v2\/product_cat?post=3691865"},{"taxonomy":"product_tag","embeddable":true,"href":"https:\/\/stoic-curie.212-227-153-4.plesk.page\/hr\/wp-json\/wp\/v2\/product_tag?post=3691865"}],"curies":[{"name":"wp","href":"https:\/\/api.w.org\/{rel}","templated":true}]}}