{"id":3691869,"date":"2025-10-13T13:49:11","date_gmt":"2025-10-13T17:49:11","guid":{"rendered":"https:\/\/stoic-curie.212-227-153-4.plesk.page\/product\/cetke-yacht-line-lux-cetka-zuta-mekana\/"},"modified":"2026-02-25T00:01:13","modified_gmt":"2026-02-25T00:01:13","slug":"cetke-yacht-line-lux-cetka-zuta-mekana","status":"publish","type":"product","link":"https:\/\/stoic-curie.212-227-153-4.plesk.page\/hr\/product\/cetke-yacht-line-lux-cetka-zuta-mekana\/","title":{"rendered":"\u010cetke Yacht line lux Cetka \u017euta (mekana)"},"content":{"rendered":"<p>\u010cetke Yacht line lux Cetka \u017euta (mekana)  &#8211; <\/p>\n<p>Lakirana \u010detka od bukve s gumiranim rubom otpornim na udarce, koja se mo\u017ee upotpuniti dr\u0161kom. \u017duta \u010detka &#8211; mekane dlake: savr\u0161ena za pranje prozora i strana. Plava \u010detka &#8211; srednje dlake: idealna za op\u0107e \u010di\u0161\u0107enje. Bijela \u010detka &#8211; tvrde dlake: savr\u0161ena za pranje terasa, grubih i posebno prljavih povr\u0161ina.<\/p>\n","protected":false},"excerpt":{"rendered":"<p>\u010cetke Yacht line lux Cetka \u017euta (mekana) &#8211; Lakirana \u010detka od bukve s gumiranim rubom otpornim na udarce, koja se<\/p>\n","protected":false},"featured_media":5946399,"comment_status":"closed","ping_status":"closed","template":"","meta":[],"product_brand":[3236],"product_cat":[1633],"product_tag":[],"class_list":{"0":"post-3691869","1":"product","2":"type-product","3":"status-publish","4":"has-post-thumbnail","6":"product_brand-osculati-hr","7":"product_cat-cetke-za-ciscenje","9":"first","10":"instock","11":"shipping-taxable","12":"purchasable","13":"product-type-simple"},"_links":{"self":[{"href":"https:\/\/stoic-curie.212-227-153-4.plesk.page\/hr\/wp-json\/wp\/v2\/product\/3691869","targetHints":{"allow":["GET"]}}],"collection":[{"href":"https:\/\/stoic-curie.212-227-153-4.plesk.page\/hr\/wp-json\/wp\/v2\/product"}],"about":[{"href":"https:\/\/stoic-curie.212-227-153-4.plesk.page\/hr\/wp-json\/wp\/v2\/types\/product"}],"replies":[{"embeddable":true,"href":"https:\/\/stoic-curie.212-227-153-4.plesk.page\/hr\/wp-json\/wp\/v2\/comments?post=3691869"}],"version-history":[{"count":0,"href":"https:\/\/stoic-curie.212-227-153-4.plesk.page\/hr\/wp-json\/wp\/v2\/product\/3691869\/revisions"}],"wp:featuredmedia":[{"embeddable":true,"href":"https:\/\/stoic-curie.212-227-153-4.plesk.page\/hr\/wp-json\/wp\/v2\/media\/5946399"}],"wp:attachment":[{"href":"https:\/\/stoic-curie.212-227-153-4.plesk.page\/hr\/wp-json\/wp\/v2\/media?parent=3691869"}],"wp:term":[{"taxonomy":"product_brand","embeddable":true,"href":"https:\/\/stoic-curie.212-227-153-4.plesk.page\/hr\/wp-json\/wp\/v2\/product_brand?post=3691869"},{"taxonomy":"product_cat","embeddable":true,"href":"https:\/\/stoic-curie.212-227-153-4.plesk.page\/hr\/wp-json\/wp\/v2\/product_cat?post=3691869"},{"taxonomy":"product_tag","embeddable":true,"href":"https:\/\/stoic-curie.212-227-153-4.plesk.page\/hr\/wp-json\/wp\/v2\/product_tag?post=3691869"}],"curies":[{"name":"wp","href":"https:\/\/api.w.org\/{rel}","templated":true}]}}