{"id":3691875,"date":"2025-10-13T13:49:12","date_gmt":"2025-10-13T17:49:12","guid":{"rendered":"https:\/\/stoic-curie.212-227-153-4.plesk.page\/product\/mtm-ugradbeni-prekidac-150a\/"},"modified":"2026-02-25T00:01:14","modified_gmt":"2026-02-25T00:01:14","slug":"mtm-ugradbeni-prekidac-150a","status":"publish","type":"product","link":"https:\/\/stoic-curie.212-227-153-4.plesk.page\/hr\/product\/mtm-ugradbeni-prekidac-150a\/","title":{"rendered":"MTM ugradbeni prekidac 150A"},"content":{"rendered":"<p>MTM ugradbeni prekidac 150A &#8211; <\/p>\n<p>Hi-Amp ugradni morski prekida\u010d osigura\u010da. Kombinira prebacivanje i za\u0161titu kruga u jednu jedinicu. IP67 vodootporan, ne stvara iskrice i mo\u017ee se koristiti na \u010damcima s benzinskim gorivom.<\/p>\n","protected":false},"excerpt":{"rendered":"<p>MTM ugradbeni prekidac 150A &#8211; Hi-Amp ugradni morski prekida\u010d osigura\u010da. Kombinira prebacivanje i za\u0161titu kruga u jednu jedinicu. IP67 vodootporan,<\/p>\n","protected":false},"featured_media":5939238,"comment_status":"closed","ping_status":"closed","template":"","meta":[],"product_brand":[2831],"product_cat":[1748],"product_tag":[],"class_list":{"0":"post-3691875","1":"product","2":"type-product","3":"status-publish","4":"has-post-thumbnail","6":"product_brand-blue-sea-systems-hr","7":"product_cat-prekidaci-i-releji","9":"first","10":"instock","11":"shipping-taxable","12":"purchasable","13":"product-type-simple"},"_links":{"self":[{"href":"https:\/\/stoic-curie.212-227-153-4.plesk.page\/hr\/wp-json\/wp\/v2\/product\/3691875","targetHints":{"allow":["GET"]}}],"collection":[{"href":"https:\/\/stoic-curie.212-227-153-4.plesk.page\/hr\/wp-json\/wp\/v2\/product"}],"about":[{"href":"https:\/\/stoic-curie.212-227-153-4.plesk.page\/hr\/wp-json\/wp\/v2\/types\/product"}],"replies":[{"embeddable":true,"href":"https:\/\/stoic-curie.212-227-153-4.plesk.page\/hr\/wp-json\/wp\/v2\/comments?post=3691875"}],"version-history":[{"count":0,"href":"https:\/\/stoic-curie.212-227-153-4.plesk.page\/hr\/wp-json\/wp\/v2\/product\/3691875\/revisions"}],"wp:featuredmedia":[{"embeddable":true,"href":"https:\/\/stoic-curie.212-227-153-4.plesk.page\/hr\/wp-json\/wp\/v2\/media\/5939238"}],"wp:attachment":[{"href":"https:\/\/stoic-curie.212-227-153-4.plesk.page\/hr\/wp-json\/wp\/v2\/media?parent=3691875"}],"wp:term":[{"taxonomy":"product_brand","embeddable":true,"href":"https:\/\/stoic-curie.212-227-153-4.plesk.page\/hr\/wp-json\/wp\/v2\/product_brand?post=3691875"},{"taxonomy":"product_cat","embeddable":true,"href":"https:\/\/stoic-curie.212-227-153-4.plesk.page\/hr\/wp-json\/wp\/v2\/product_cat?post=3691875"},{"taxonomy":"product_tag","embeddable":true,"href":"https:\/\/stoic-curie.212-227-153-4.plesk.page\/hr\/wp-json\/wp\/v2\/product_tag?post=3691875"}],"curies":[{"name":"wp","href":"https:\/\/api.w.org\/{rel}","templated":true}]}}