{"id":3691882,"date":"2025-10-13T13:49:13","date_gmt":"2025-10-13T17:49:13","guid":{"rendered":"https:\/\/stoic-curie.212-227-153-4.plesk.page\/product\/poliesterski-jastuk-mb-dobrodosli-40-x-60cm-ecru\/"},"modified":"2026-02-25T00:01:14","modified_gmt":"2026-02-25T00:01:14","slug":"poliesterski-jastuk-mb-dobrodosli-40-x-60cm-ecru","status":"publish","type":"product","link":"https:\/\/stoic-curie.212-227-153-4.plesk.page\/hr\/product\/poliesterski-jastuk-mb-dobrodosli-40-x-60cm-ecru\/","title":{"rendered":"Poliesterski jastuk MB Dobrodo\u0161li 40 x 60cm Ecru"},"content":{"rendered":"<p>Poliesterski jastuk MB Dobrodo\u0161li 40 x 60cm Ecru &#8211; <\/p>\n<p>Jastu\u010di\u0107 od pamuka i poliestera s vezom.<\/p>\n","protected":false},"excerpt":{"rendered":"<p>Poliesterski jastuk MB Dobrodo\u0161li 40 x 60cm Ecru &#8211; Jastu\u010di\u0107 od pamuka i poliestera s vezom.<\/p>\n","protected":false},"featured_media":5946433,"comment_status":"closed","ping_status":"closed","template":"","meta":[],"product_brand":[3111],"product_cat":[1642,1643],"product_tag":[],"class_list":{"0":"post-3691882","1":"product","2":"type-product","3":"status-publish","4":"has-post-thumbnail","6":"product_brand-marine-business-mb-hr","7":"product_cat-brodske-stolice-i-stolovi","8":"product_cat-tepisi-i-presvlake","10":"first","11":"instock","12":"shipping-taxable","13":"purchasable","14":"product-type-simple"},"_links":{"self":[{"href":"https:\/\/stoic-curie.212-227-153-4.plesk.page\/hr\/wp-json\/wp\/v2\/product\/3691882","targetHints":{"allow":["GET"]}}],"collection":[{"href":"https:\/\/stoic-curie.212-227-153-4.plesk.page\/hr\/wp-json\/wp\/v2\/product"}],"about":[{"href":"https:\/\/stoic-curie.212-227-153-4.plesk.page\/hr\/wp-json\/wp\/v2\/types\/product"}],"replies":[{"embeddable":true,"href":"https:\/\/stoic-curie.212-227-153-4.plesk.page\/hr\/wp-json\/wp\/v2\/comments?post=3691882"}],"version-history":[{"count":0,"href":"https:\/\/stoic-curie.212-227-153-4.plesk.page\/hr\/wp-json\/wp\/v2\/product\/3691882\/revisions"}],"wp:featuredmedia":[{"embeddable":true,"href":"https:\/\/stoic-curie.212-227-153-4.plesk.page\/hr\/wp-json\/wp\/v2\/media\/5946433"}],"wp:attachment":[{"href":"https:\/\/stoic-curie.212-227-153-4.plesk.page\/hr\/wp-json\/wp\/v2\/media?parent=3691882"}],"wp:term":[{"taxonomy":"product_brand","embeddable":true,"href":"https:\/\/stoic-curie.212-227-153-4.plesk.page\/hr\/wp-json\/wp\/v2\/product_brand?post=3691882"},{"taxonomy":"product_cat","embeddable":true,"href":"https:\/\/stoic-curie.212-227-153-4.plesk.page\/hr\/wp-json\/wp\/v2\/product_cat?post=3691882"},{"taxonomy":"product_tag","embeddable":true,"href":"https:\/\/stoic-curie.212-227-153-4.plesk.page\/hr\/wp-json\/wp\/v2\/product_tag?post=3691882"}],"curies":[{"name":"wp","href":"https:\/\/api.w.org\/{rel}","templated":true}]}}