{"id":3691885,"date":"2025-10-13T13:49:14","date_gmt":"2025-10-13T17:49:14","guid":{"rendered":"https:\/\/stoic-curie.212-227-153-4.plesk.page\/product\/prikljucak-za-crijevo-15mm-inin-1-2-ininin\/"},"modified":"2026-02-25T00:01:14","modified_gmt":"2026-02-25T00:01:14","slug":"prikljucak-za-crijevo-15mm-inin-1-2-ininin","status":"publish","type":"product","link":"https:\/\/stoic-curie.212-227-153-4.plesk.page\/hr\/product\/prikljucak-za-crijevo-15mm-inin-1-2-ininin\/","title":{"rendered":"Prikljucak za crijevo (15mm Inin 1\/2 &#8221; ininin)"},"content":{"rendered":"<p>Prikljucak za crijevo (15mm Inin 1\/2 &#8221; ininin) &#8211; <\/p>\n<div class=\"col-24 col-md-15\">\n<p>JG Speedfit spojka za crijevo NC448 je adapter za brzo povezivanje koji jednostavno povezuje crijevo promjera 15 mm s 1\/2&#8243; BSP cijevi od plastike ili bakra. Jednostavno gurnite spojnicu na cijev. Da biste demontirali spoj, gurnite steznu prstenastu brtvu prema tijelu spojnice i povucite cijev da biste je oslobodili.<\/p>\n<p>JG Speedfit spojka za crijevo instalira se do 40% br\u017ee od tradicionalnih metoda i lak\u0161a je za kori\u0161tenje u sku\u010denim prostorima, jer uklanja potrebu za radom s vatrom i alatima. Dizajnirano, proizvedeno i sastavljeno u Ujedinjenom Kraljevstvu.<\/p>\n<p>Zna\u010dajke:<\/p>\n<p>Trenutna veza na klik<\/p>\n<p>Instalacija i demonta\u017ea u nekoliko sekundi bez alata<\/p>\n<p>Sigurna instalacija bez vatre, bez toplih radova, ljepila ili fluksa<\/p>\n<p>Grip &#038; Seal spojka s zubima od nehr\u0111aju\u0107eg \u010delika i glavnim O-prstenom<\/p>\n<p>Nije toksi\u010dno, otporno na koroziju i bez talo\u017eenja kamenca<\/p>\n<p>Kompatibilno s PEX i polibutenske plasti\u010dnim cijevima (potrebni umetci) i bakrenim cijevima<\/p>\n<p>Namijenjeno samo za toplu i hladnu vodu (nije prikladno za sustave centralnog grijanja)<\/p>\n<\/p><\/div>\n<p><\/p>\n<table class=\"table\">\n<tbody>\n<tr>\n<td><strong>Marka<\/strong><\/td>\n<td>JG Speedfit<\/td>\n<\/tr>\n<tr>\n<td><strong>Priklju\u010dak<\/strong><\/td>\n<td>Priklju\u010dak s brzim spajanjem|Uzmica za crijevo<\/td>\n<\/tr>\n<tr>\n<td><strong>Veli\u010dina uzmice za crijevo<\/strong><\/td>\n<td>15 mm \/ 19\/32&#8243;<\/td>\n<\/tr>\n<tr>\n<td><strong>Primarna konstrukcija<\/strong><\/td>\n<td>Plastika<\/td>\n<\/tr>\n<tr>\n<td><strong>Dr\u017eava podrijetla<\/strong><\/td>\n<td>Ujedinjeno Kraljevstvo<\/td>\n<\/tr>\n<\/tbody>\n<\/table>\n","protected":false},"excerpt":{"rendered":"<p>Prikljucak za crijevo (15mm Inin 1\/2 &#8221; ininin) &#8211; JG Speedfit spojka za crijevo NC448 je adapter za brzo povezivanje<\/p>\n","protected":false},"featured_media":5946443,"comment_status":"closed","ping_status":"closed","template":"","meta":[],"product_brand":[3426],"product_cat":[1661],"product_tag":[],"class_list":{"0":"post-3691885","1":"product","2":"type-product","3":"status-publish","4":"has-post-thumbnail","6":"product_brand-speedfit-hr","7":"product_cat-elementi-brodskog-vovovoda-plastika","9":"first","10":"instock","11":"shipping-taxable","12":"purchasable","13":"product-type-simple"},"_links":{"self":[{"href":"https:\/\/stoic-curie.212-227-153-4.plesk.page\/hr\/wp-json\/wp\/v2\/product\/3691885","targetHints":{"allow":["GET"]}}],"collection":[{"href":"https:\/\/stoic-curie.212-227-153-4.plesk.page\/hr\/wp-json\/wp\/v2\/product"}],"about":[{"href":"https:\/\/stoic-curie.212-227-153-4.plesk.page\/hr\/wp-json\/wp\/v2\/types\/product"}],"replies":[{"embeddable":true,"href":"https:\/\/stoic-curie.212-227-153-4.plesk.page\/hr\/wp-json\/wp\/v2\/comments?post=3691885"}],"version-history":[{"count":0,"href":"https:\/\/stoic-curie.212-227-153-4.plesk.page\/hr\/wp-json\/wp\/v2\/product\/3691885\/revisions"}],"wp:featuredmedia":[{"embeddable":true,"href":"https:\/\/stoic-curie.212-227-153-4.plesk.page\/hr\/wp-json\/wp\/v2\/media\/5946443"}],"wp:attachment":[{"href":"https:\/\/stoic-curie.212-227-153-4.plesk.page\/hr\/wp-json\/wp\/v2\/media?parent=3691885"}],"wp:term":[{"taxonomy":"product_brand","embeddable":true,"href":"https:\/\/stoic-curie.212-227-153-4.plesk.page\/hr\/wp-json\/wp\/v2\/product_brand?post=3691885"},{"taxonomy":"product_cat","embeddable":true,"href":"https:\/\/stoic-curie.212-227-153-4.plesk.page\/hr\/wp-json\/wp\/v2\/product_cat?post=3691885"},{"taxonomy":"product_tag","embeddable":true,"href":"https:\/\/stoic-curie.212-227-153-4.plesk.page\/hr\/wp-json\/wp\/v2\/product_tag?post=3691885"}],"curies":[{"name":"wp","href":"https:\/\/api.w.org\/{rel}","templated":true}]}}