{"id":3691887,"date":"2025-10-13T13:49:14","date_gmt":"2025-10-13T17:49:14","guid":{"rendered":"https:\/\/stoic-curie.212-227-153-4.plesk.page\/product\/star-brite-ultimate-xtreme-odmasccivac-za-ciscenje-svih-povrsina-650ml\/"},"modified":"2026-02-25T00:01:14","modified_gmt":"2026-02-25T00:01:14","slug":"star-brite-ultimate-xtreme-odmasccivac-za-ciscenje-svih-povrsina-650ml","status":"publish","type":"product","link":"https:\/\/stoic-curie.212-227-153-4.plesk.page\/hr\/product\/star-brite-ultimate-xtreme-odmasccivac-za-ciscenje-svih-povrsina-650ml\/","title":{"rendered":"Star Brite Ultimate Xtreme odma\u0161\u010d\u0107iva\u010d za \u010di\u0161\u0107enje svih povr\u0161ina (650ml)"},"content":{"rendered":"<p>Star Brite Ultimate Xtreme odma\u0161\u010d\u0107iva\u010d za \u010di\u0161\u0107enje svih povr\u0161ina (650ml) &#8211; Ultimate Xtreme Clean branda Star brite formuliran je s najnovijim tehnolo\u0161kim sastojcima koji su stvoreni da budu najotporniji \u010dista\u010d. Posebni kelatni agensi napadaju cestovni prljav\u0161tinu, ostatke insekata, izmet ptica, masne mrlje i jo\u0161 vi\u0161e, razbijaju\u0107i vezu koja ih dr\u017ei na povr\u0161ini kako bi ih se moglo obrisati bez te\u0161kog ribanja. Me\u0111utim, za razliku od ve\u0107ine \u010dista\u010da vi\u0161enamjenskih koji koriste jeftine, o\u0161tre sastojke, Xtreme Clean ne sadr\u017ei causti\u010dne, opasne kemikalije koje mogu o\u0161tetiti zavr\u0161nu obradu. Xtreme Clean je siguran za kori\u0161tenje na svim metalnim, fiberglasnim, plasti\u010dnim, kromiranim, nehr\u0111aju\u0107im \u010delicima, plasti\u010dnim, ko\u017enim i gumiranim povr\u0161inama.<\/p>\n","protected":false},"excerpt":{"rendered":"<p>Star Brite Ultimate Xtreme odma\u0161\u010d\u0107iva\u010d za \u010di\u0161\u0107enje svih povr\u0161ina (650ml) &#8211; Ultimate Xtreme Clean branda Star brite formuliran je s<\/p>\n","protected":false},"featured_media":5946444,"comment_status":"closed","ping_status":"closed","template":"","meta":[],"product_brand":[3436],"product_cat":[1628],"product_tag":[],"class_list":{"0":"post-3691887","1":"product","2":"type-product","3":"status-publish","4":"has-post-thumbnail","6":"product_brand-starbrite-hr","7":"product_cat-proizvodi-za-ciscenje","9":"first","10":"instock","11":"shipping-taxable","12":"purchasable","13":"product-type-simple"},"_links":{"self":[{"href":"https:\/\/stoic-curie.212-227-153-4.plesk.page\/hr\/wp-json\/wp\/v2\/product\/3691887","targetHints":{"allow":["GET"]}}],"collection":[{"href":"https:\/\/stoic-curie.212-227-153-4.plesk.page\/hr\/wp-json\/wp\/v2\/product"}],"about":[{"href":"https:\/\/stoic-curie.212-227-153-4.plesk.page\/hr\/wp-json\/wp\/v2\/types\/product"}],"replies":[{"embeddable":true,"href":"https:\/\/stoic-curie.212-227-153-4.plesk.page\/hr\/wp-json\/wp\/v2\/comments?post=3691887"}],"version-history":[{"count":0,"href":"https:\/\/stoic-curie.212-227-153-4.plesk.page\/hr\/wp-json\/wp\/v2\/product\/3691887\/revisions"}],"wp:featuredmedia":[{"embeddable":true,"href":"https:\/\/stoic-curie.212-227-153-4.plesk.page\/hr\/wp-json\/wp\/v2\/media\/5946444"}],"wp:attachment":[{"href":"https:\/\/stoic-curie.212-227-153-4.plesk.page\/hr\/wp-json\/wp\/v2\/media?parent=3691887"}],"wp:term":[{"taxonomy":"product_brand","embeddable":true,"href":"https:\/\/stoic-curie.212-227-153-4.plesk.page\/hr\/wp-json\/wp\/v2\/product_brand?post=3691887"},{"taxonomy":"product_cat","embeddable":true,"href":"https:\/\/stoic-curie.212-227-153-4.plesk.page\/hr\/wp-json\/wp\/v2\/product_cat?post=3691887"},{"taxonomy":"product_tag","embeddable":true,"href":"https:\/\/stoic-curie.212-227-153-4.plesk.page\/hr\/wp-json\/wp\/v2\/product_tag?post=3691887"}],"curies":[{"name":"wp","href":"https:\/\/api.w.org\/{rel}","templated":true}]}}