{"id":3691890,"date":"2025-10-13T13:49:15","date_gmt":"2025-10-13T17:49:15","guid":{"rendered":"https:\/\/stoic-curie.212-227-153-4.plesk.page\/product\/cetke-za-ciscenje-start-brite-deluxe-bijela-tvrda\/"},"modified":"2026-02-25T00:01:14","modified_gmt":"2026-02-25T00:01:14","slug":"cetke-za-ciscenje-start-brite-deluxe-bijela-tvrda","status":"publish","type":"product","link":"https:\/\/stoic-curie.212-227-153-4.plesk.page\/hr\/product\/cetke-za-ciscenje-start-brite-deluxe-bijela-tvrda\/","title":{"rendered":"\u010cetke za \u010di\u0161cenje Start Brite Deluxe (bijela tvrda)"},"content":{"rendered":"<p>\u010cetke za \u010di\u0161cenje Start Brite Deluxe (bijela tvrda) &#8211; <\/p>\n<p>Star-Prene vlakna \u010detke s umjetnom drvenom dr\u0161kom i za\u0161titom od udaraca. 3 razli\u010dite vrste boja i vlakana ovisno o upotrebi:<br \/>\u017duta &#8211; mekana vrsta: zadr\u017eava vodu i idealna je za pranje prozora i fiberglas povr\u0161ina.<br \/>Plava &#8211; srednja vrsta: savr\u0161ena za op\u0107e \u010di\u0161\u0107enje.<br \/>Bela &#8211; tvrda vrsta: idealna za pranje paluba, grube i posebno prljave povr\u0161ine.<br \/>Savr\u0161eno se uklapaju u sve produ\u017eive dr\u0161ke Star Brite.<\/p>\n","protected":false},"excerpt":{"rendered":"<p>\u010cetke za \u010di\u0161cenje Start Brite Deluxe (bijela tvrda) &#8211; Star-Prene vlakna \u010detke s umjetnom drvenom dr\u0161kom i za\u0161titom od udaraca.<\/p>\n","protected":false},"featured_media":5946455,"comment_status":"closed","ping_status":"closed","template":"","meta":[],"product_brand":[3436],"product_cat":[1633],"product_tag":[],"class_list":{"0":"post-3691890","1":"product","2":"type-product","3":"status-publish","4":"has-post-thumbnail","6":"product_brand-starbrite-hr","7":"product_cat-cetke-za-ciscenje","9":"first","10":"instock","11":"shipping-taxable","12":"purchasable","13":"product-type-simple"},"_links":{"self":[{"href":"https:\/\/stoic-curie.212-227-153-4.plesk.page\/hr\/wp-json\/wp\/v2\/product\/3691890","targetHints":{"allow":["GET"]}}],"collection":[{"href":"https:\/\/stoic-curie.212-227-153-4.plesk.page\/hr\/wp-json\/wp\/v2\/product"}],"about":[{"href":"https:\/\/stoic-curie.212-227-153-4.plesk.page\/hr\/wp-json\/wp\/v2\/types\/product"}],"replies":[{"embeddable":true,"href":"https:\/\/stoic-curie.212-227-153-4.plesk.page\/hr\/wp-json\/wp\/v2\/comments?post=3691890"}],"version-history":[{"count":0,"href":"https:\/\/stoic-curie.212-227-153-4.plesk.page\/hr\/wp-json\/wp\/v2\/product\/3691890\/revisions"}],"wp:featuredmedia":[{"embeddable":true,"href":"https:\/\/stoic-curie.212-227-153-4.plesk.page\/hr\/wp-json\/wp\/v2\/media\/5946455"}],"wp:attachment":[{"href":"https:\/\/stoic-curie.212-227-153-4.plesk.page\/hr\/wp-json\/wp\/v2\/media?parent=3691890"}],"wp:term":[{"taxonomy":"product_brand","embeddable":true,"href":"https:\/\/stoic-curie.212-227-153-4.plesk.page\/hr\/wp-json\/wp\/v2\/product_brand?post=3691890"},{"taxonomy":"product_cat","embeddable":true,"href":"https:\/\/stoic-curie.212-227-153-4.plesk.page\/hr\/wp-json\/wp\/v2\/product_cat?post=3691890"},{"taxonomy":"product_tag","embeddable":true,"href":"https:\/\/stoic-curie.212-227-153-4.plesk.page\/hr\/wp-json\/wp\/v2\/product_tag?post=3691890"}],"curies":[{"name":"wp","href":"https:\/\/api.w.org\/{rel}","templated":true}]}}