{"id":3691900,"date":"2025-10-13T13:49:16","date_gmt":"2025-10-13T17:49:16","guid":{"rendered":"https:\/\/stoic-curie.212-227-153-4.plesk.page\/product\/elektricni-panel-redtech-6-x-20a-prekidaci-178-x-70mm\/"},"modified":"2026-02-25T00:01:14","modified_gmt":"2026-02-25T00:01:14","slug":"elektricni-panel-redtech-6-x-20a-prekidaci-178-x-70mm","status":"publish","type":"product","link":"https:\/\/stoic-curie.212-227-153-4.plesk.page\/hr\/product\/elektricni-panel-redtech-6-x-20a-prekidaci-178-x-70mm\/","title":{"rendered":"Elektricni panel Redtech 6 x 20a prekidaci 178 x 70mm"},"content":{"rendered":"<p>Elektricni panel Redtech 6 x 20a prekidaci 178 x 70mm &#8211; <\/p>\n<p>Anodizirana aluminijska plo\u010da s vodootpornim rocker prekida\u010dima i crvenim LED diodama. Prvi prekida\u010d je (ON)-OFF za akusti\u010dni signal. Prekategorizirano, potpuno s vijcima i unaprijed tiskanim etiketama.<\/p>\n","protected":false},"excerpt":{"rendered":"<p>Elektricni panel Redtech 6 x 20a prekidaci 178 x 70mm &#8211; Anodizirana aluminijska plo\u010da s vodootpornim rocker prekida\u010dima i crvenim<\/p>\n","protected":false},"featured_media":5946463,"comment_status":"closed","ping_status":"closed","template":"","meta":[],"product_brand":[2831],"product_cat":[1746],"product_tag":[],"class_list":{"0":"post-3691900","1":"product","2":"type-product","3":"status-publish","4":"has-post-thumbnail","6":"product_brand-blue-sea-systems-hr","7":"product_cat-elektricne-ploce-prekidaca","9":"first","10":"instock","11":"shipping-taxable","12":"purchasable","13":"product-type-simple"},"_links":{"self":[{"href":"https:\/\/stoic-curie.212-227-153-4.plesk.page\/hr\/wp-json\/wp\/v2\/product\/3691900","targetHints":{"allow":["GET"]}}],"collection":[{"href":"https:\/\/stoic-curie.212-227-153-4.plesk.page\/hr\/wp-json\/wp\/v2\/product"}],"about":[{"href":"https:\/\/stoic-curie.212-227-153-4.plesk.page\/hr\/wp-json\/wp\/v2\/types\/product"}],"replies":[{"embeddable":true,"href":"https:\/\/stoic-curie.212-227-153-4.plesk.page\/hr\/wp-json\/wp\/v2\/comments?post=3691900"}],"version-history":[{"count":0,"href":"https:\/\/stoic-curie.212-227-153-4.plesk.page\/hr\/wp-json\/wp\/v2\/product\/3691900\/revisions"}],"wp:featuredmedia":[{"embeddable":true,"href":"https:\/\/stoic-curie.212-227-153-4.plesk.page\/hr\/wp-json\/wp\/v2\/media\/5946463"}],"wp:attachment":[{"href":"https:\/\/stoic-curie.212-227-153-4.plesk.page\/hr\/wp-json\/wp\/v2\/media?parent=3691900"}],"wp:term":[{"taxonomy":"product_brand","embeddable":true,"href":"https:\/\/stoic-curie.212-227-153-4.plesk.page\/hr\/wp-json\/wp\/v2\/product_brand?post=3691900"},{"taxonomy":"product_cat","embeddable":true,"href":"https:\/\/stoic-curie.212-227-153-4.plesk.page\/hr\/wp-json\/wp\/v2\/product_cat?post=3691900"},{"taxonomy":"product_tag","embeddable":true,"href":"https:\/\/stoic-curie.212-227-153-4.plesk.page\/hr\/wp-json\/wp\/v2\/product_tag?post=3691900"}],"curies":[{"name":"wp","href":"https:\/\/api.w.org\/{rel}","templated":true}]}}