{"id":3691904,"date":"2025-10-13T13:49:17","date_gmt":"2025-10-13T17:49:17","guid":{"rendered":"https:\/\/stoic-curie.212-227-153-4.plesk.page\/product\/rucno-vitlo-s-uzetom-4-2mt-500kg\/"},"modified":"2026-02-25T00:01:14","modified_gmt":"2026-02-25T00:01:14","slug":"rucno-vitlo-s-uzetom-4-2mt-500kg","status":"publish","type":"product","link":"https:\/\/stoic-curie.212-227-153-4.plesk.page\/hr\/product\/rucno-vitlo-s-uzetom-4-2mt-500kg\/","title":{"rendered":"Rucno vitlo s u\u017eetom 4.2mt 500kg"},"content":{"rendered":"<p>Rucno vitlo s u\u017eetom 4.2mt 500kg &#8211; <\/p>\n<p>CE certificirana ru\u010dna vitla od pocin\u010danog \u010delika za podizanje \u010damaca, kompletna s 10-metarskom nehr\u0111aju\u0107om \u010deli\u010dnom sajlom i kukom. Maksimalno optere\u0107enje kg: te\u017eina koju vitlo mo\u017ee podr\u017eati pri horizontalnom vu\u010denju uz optimalno klizanje. Pri nagibnim optere\u0107enjima preporu\u010duje se ne prelaziti dvije tre\u0107ine od maksimalnog optere\u0107enja.<\/p>\n","protected":false},"excerpt":{"rendered":"<p>Rucno vitlo s u\u017eetom 4.2mt 500kg &#8211; CE certificirana ru\u010dna vitla od pocin\u010danog \u010delika za podizanje \u010damaca, kompletna s 10-metarskom<\/p>\n","protected":false},"featured_media":5946478,"comment_status":"closed","ping_status":"closed","template":"","meta":[],"product_brand":[2891],"product_cat":[1834],"product_tag":[],"class_list":{"0":"post-3691904","1":"product","2":"type-product","3":"status-publish","4":"has-post-thumbnail","6":"product_brand-domar-hr","7":"product_cat-vitla-za-prikolice-za-brodove","9":"first","10":"instock","11":"shipping-taxable","12":"purchasable","13":"product-type-simple"},"_links":{"self":[{"href":"https:\/\/stoic-curie.212-227-153-4.plesk.page\/hr\/wp-json\/wp\/v2\/product\/3691904","targetHints":{"allow":["GET"]}}],"collection":[{"href":"https:\/\/stoic-curie.212-227-153-4.plesk.page\/hr\/wp-json\/wp\/v2\/product"}],"about":[{"href":"https:\/\/stoic-curie.212-227-153-4.plesk.page\/hr\/wp-json\/wp\/v2\/types\/product"}],"replies":[{"embeddable":true,"href":"https:\/\/stoic-curie.212-227-153-4.plesk.page\/hr\/wp-json\/wp\/v2\/comments?post=3691904"}],"version-history":[{"count":0,"href":"https:\/\/stoic-curie.212-227-153-4.plesk.page\/hr\/wp-json\/wp\/v2\/product\/3691904\/revisions"}],"wp:featuredmedia":[{"embeddable":true,"href":"https:\/\/stoic-curie.212-227-153-4.plesk.page\/hr\/wp-json\/wp\/v2\/media\/5946478"}],"wp:attachment":[{"href":"https:\/\/stoic-curie.212-227-153-4.plesk.page\/hr\/wp-json\/wp\/v2\/media?parent=3691904"}],"wp:term":[{"taxonomy":"product_brand","embeddable":true,"href":"https:\/\/stoic-curie.212-227-153-4.plesk.page\/hr\/wp-json\/wp\/v2\/product_brand?post=3691904"},{"taxonomy":"product_cat","embeddable":true,"href":"https:\/\/stoic-curie.212-227-153-4.plesk.page\/hr\/wp-json\/wp\/v2\/product_cat?post=3691904"},{"taxonomy":"product_tag","embeddable":true,"href":"https:\/\/stoic-curie.212-227-153-4.plesk.page\/hr\/wp-json\/wp\/v2\/product_tag?post=3691904"}],"curies":[{"name":"wp","href":"https:\/\/api.w.org\/{rel}","templated":true}]}}