{"id":3691921,"date":"2025-10-13T13:49:19","date_gmt":"2025-10-13T17:49:19","guid":{"rendered":"https:\/\/stoic-curie.212-227-153-4.plesk.page\/product\/jg-speedfit-15mm-jednaki-t-element\/"},"modified":"2026-02-25T00:01:14","modified_gmt":"2026-02-25T00:01:14","slug":"jg-speedfit-15mm-jednaki-t-element","status":"publish","type":"product","link":"https:\/\/stoic-curie.212-227-153-4.plesk.page\/hr\/product\/jg-speedfit-15mm-jednaki-t-element\/","title":{"rendered":"JG Speedfit 15mm jednaki T element"},"content":{"rendered":"<p>JG Speedfit 15mm jednaki T element &#8211; <\/p>\n<div>\n<p>Plasti\u010dni T-komad John Guest Speedfit za brzu monta\u017eu pogodan je za spajanje plasti\u010dnih ili bakrenih cijevi u sustavima tople ili hladne vode. Jednaki T-komad ima 3 jednaka Speedfit priklju\u010dka za cijevi promjera 15 mm. Ova plastika dokazana je bez olova i toksi\u010dnih materija, te je slobodna od naslaga kamenca i korozije.<\/p>\n<p>Za instalaciju jednostavno gurnite priklju\u010dak potpuno na cijev i okrenite plasti\u010dnu maticu u smjeru kazaljke na satu kako biste je zaklju\u010dali na mjestu. Da biste uklonili vezu, odklju\u010dajte maticu i gurnite obru\u010d prema tijelu priklju\u010dka, a zatim povucite cijev kako biste je oslobodili. Rje\u0161enje za brzu monta\u017eu \u010dini instalaciju lak\u0161im u sku\u010denim prostorima, a vrijeme instalacije mo\u017ee se smanjiti za pribli\u017eno 40 % u usporedbi s standardnim metodama u\u010dvr\u0161\u0107enja.<\/p>\n<\/div>\n","protected":false},"excerpt":{"rendered":"<p>JG Speedfit 15mm jednaki T element &#8211; Plasti\u010dni T-komad John Guest Speedfit za brzu monta\u017eu pogodan je za spajanje plasti\u010dnih<\/p>\n","protected":false},"featured_media":5946504,"comment_status":"closed","ping_status":"closed","template":"","meta":[],"product_brand":[3426],"product_cat":[1661],"product_tag":[],"class_list":{"0":"post-3691921","1":"product","2":"type-product","3":"status-publish","4":"has-post-thumbnail","6":"product_brand-speedfit-hr","7":"product_cat-elementi-brodskog-vovovoda-plastika","9":"first","10":"instock","11":"shipping-taxable","12":"purchasable","13":"product-type-simple"},"_links":{"self":[{"href":"https:\/\/stoic-curie.212-227-153-4.plesk.page\/hr\/wp-json\/wp\/v2\/product\/3691921","targetHints":{"allow":["GET"]}}],"collection":[{"href":"https:\/\/stoic-curie.212-227-153-4.plesk.page\/hr\/wp-json\/wp\/v2\/product"}],"about":[{"href":"https:\/\/stoic-curie.212-227-153-4.plesk.page\/hr\/wp-json\/wp\/v2\/types\/product"}],"replies":[{"embeddable":true,"href":"https:\/\/stoic-curie.212-227-153-4.plesk.page\/hr\/wp-json\/wp\/v2\/comments?post=3691921"}],"version-history":[{"count":0,"href":"https:\/\/stoic-curie.212-227-153-4.plesk.page\/hr\/wp-json\/wp\/v2\/product\/3691921\/revisions"}],"wp:featuredmedia":[{"embeddable":true,"href":"https:\/\/stoic-curie.212-227-153-4.plesk.page\/hr\/wp-json\/wp\/v2\/media\/5946504"}],"wp:attachment":[{"href":"https:\/\/stoic-curie.212-227-153-4.plesk.page\/hr\/wp-json\/wp\/v2\/media?parent=3691921"}],"wp:term":[{"taxonomy":"product_brand","embeddable":true,"href":"https:\/\/stoic-curie.212-227-153-4.plesk.page\/hr\/wp-json\/wp\/v2\/product_brand?post=3691921"},{"taxonomy":"product_cat","embeddable":true,"href":"https:\/\/stoic-curie.212-227-153-4.plesk.page\/hr\/wp-json\/wp\/v2\/product_cat?post=3691921"},{"taxonomy":"product_tag","embeddable":true,"href":"https:\/\/stoic-curie.212-227-153-4.plesk.page\/hr\/wp-json\/wp\/v2\/product_tag?post=3691921"}],"curies":[{"name":"wp","href":"https:\/\/api.w.org\/{rel}","templated":true}]}}